{"id":31570,"date":"2024-08-18T19:35:37","date_gmt":"2024-08-24T13:44:51","guid":{"rendered":"https:\/\/staging.nbg.eu\/product\/mr-bulletfeeder-by-double-alpha-gen-2\/"},"modified":"2024-08-24T13:46:01","modified_gmt":"2024-08-24T13:46:01","slug":"mrbulletfeeder-od-double-alpha-gen-2","status":"publish","type":"product","link":"https:\/\/staging.nbg.eu\/sk\/produkt\/mrbulletfeeder-od-double-alpha-gen-2\/","title":{"rendered":"Mr.Bulletfeeder od Double-Alpha Gen 2"},"content":{"rendered":"<div class=\"product-description\">\n<h2>Mr.Bulletfeeder od Double-Alpha 2. gener\u00e1cie<\/h2>\n<p>Zrevolu\u010dnite svoj proces prebi\u0165ovania s Mr.Bulletfeeder od Double-Alpha 2. gener\u00e1cie. Tento pokro\u010dil\u00fd syst\u00e9m pod\u00e1vania striel sa bezprobl\u00e9movo integruje s va\u0161im progres\u00edvnym prebi\u0165ovac\u00edm lisom, v\u00fdrazne zvy\u0161uj\u00fac r\u00fdchlos\u0165 a efektivitu va\u0161ej produkcie.<\/p>\n<ul>\n<li>Kompatibiln\u00fd s viacer\u00fdmi kalibrami<\/li>\n<li>Jednoduch\u00e1 in\u0161tal\u00e1cia a nastavenie<\/li>\n<li>Prec\u00edzne navrhnut\u00fd pre spo\u013eahliv\u00fd v\u00fdkon<\/li>\n<li>Zni\u017euje manu\u00e1lnu manipul\u00e1ciu pre bezpe\u010dnej\u0161ie prebi\u0165ovanie<\/li>\n<li>Odoln\u00e1 kon\u0161trukcia pre dlhodob\u00e9 pou\u017e\u00edvanie<\/li>\n<\/ul>\n<p>Vylep\u0161ite svoje prebi\u0165ovacie vybavenie e\u0161te dnes a za\u017eite rozdiel s Mr.Bulletfeeder 2. gener\u00e1cie!<\/p>\n<\/div>\n","protected":false},"excerpt":{"rendered":"<p>Efekt\u00edvny pod\u00e1va\u010d n\u00e1bojov pre r\u00fdchle a presn\u00e9 preb\u00edjanie. Zvy\u0161uje produktivitu.<\/p>\n","protected":false},"featured_media":29317,"template":"","meta":{"_acf_changed":false},"product_brand":[11282],"product_cat":[13365,13393],"product_tag":[],"class_list":{"0":"post-31570","1":"product","2":"type-product","3":"status-publish","4":"has-post-thumbnail","6":"product_brand-doublealpha","7":"product_cat-nabijacie-stroje","8":"product_cat-nabijanie-nabojov","10":"first","11":"instock","12":"taxable","13":"shipping-taxable","14":"purchasable","15":"product-type-variable","16":"wvs-archive-product-wrapper"},"acf":[],"_links":{"self":[{"href":"https:\/\/staging.nbg.eu\/sk\/wp-json\/wp\/v2\/product\/31570","targetHints":{"allow":["GET"]}}],"collection":[{"href":"https:\/\/staging.nbg.eu\/sk\/wp-json\/wp\/v2\/product"}],"about":[{"href":"https:\/\/staging.nbg.eu\/sk\/wp-json\/wp\/v2\/types\/product"}],"wp:featuredmedia":[{"embeddable":true,"href":"https:\/\/staging.nbg.eu\/sk\/wp-json\/wp\/v2\/media\/29317"}],"wp:attachment":[{"href":"https:\/\/staging.nbg.eu\/sk\/wp-json\/wp\/v2\/media?parent=31570"}],"wp:term":[{"taxonomy":"product_brand","embeddable":true,"href":"https:\/\/staging.nbg.eu\/sk\/wp-json\/wp\/v2\/product_brand?post=31570"},{"taxonomy":"product_cat","embeddable":true,"href":"https:\/\/staging.nbg.eu\/sk\/wp-json\/wp\/v2\/product_cat?post=31570"},{"taxonomy":"product_tag","embeddable":true,"href":"https:\/\/staging.nbg.eu\/sk\/wp-json\/wp\/v2\/product_tag?post=31570"}],"curies":[{"name":"wp","href":"https:\/\/api.w.org\/{rel}","templated":true}]}}