{"id":31483,"date":"2024-08-18T19:39:34","date_gmt":"2024-08-24T13:40:51","guid":{"rendered":"https:\/\/staging.nbg.eu\/product\/produkt-4\/"},"modified":"2024-09-05T11:54:14","modified_gmt":"2024-09-05T11:54:14","slug":"flex-puzdro-nahradna-sada-bocnych-rozpierok","status":"publish","type":"product","link":"https:\/\/staging.nbg.eu\/sk\/produkt\/flex-puzdro-nahradna-sada-bocnych-rozpierok\/","title":{"rendered":"Flex puzdro &#8211; n\u00e1hradn\u00e1 sada bo\u010dn\u00fdch rozpierok"},"content":{"rendered":"<div class=\"product-description\">\n<h2>Flex Holster &#8211; N\u00e1hradn\u00e1 sada bo\u010dn\u00fdch di\u0161tan\u010dn\u00fdch podlo\u017eiek<\/h2>\n<p>Zv\u00fd\u0161te v\u0161estrannos\u0165 v\u00e1\u0161ho Flex Holstera s touto n\u00e1hradnou sadou bo\u010dn\u00fdch di\u0161tan\u010dn\u00fdch podlo\u017eiek od Double Alpha Academy. Tieto presne navrhnut\u00e9 podlo\u017eky v\u00e1m umo\u017e\u0148uj\u00fa:<\/p>\n<ul>\n<li>Upravi\u0165 \u0161\u00edrku v\u00e1\u0161ho puzdra pre r\u00f4zne modely zbran\u00ed<\/li>\n<li>Jemne doladi\u0165 tlak zadr\u017eania<\/li>\n<li>Prisp\u00f4sobi\u0165 si \u0165ah zbrane<\/li>\n<\/ul>\n<p>Vyroben\u00e9 z odoln\u00e9ho polym\u00e9ru, tieto podlo\u017eky zaru\u010duj\u00fa dlhotrvaj\u00faci v\u00fdkon. Kompatibiln\u00e9 so v\u0161etk\u00fdmi modelmi Flex Holster, s\u00fa nevyhnutn\u00e9 pre s\u00fa\u0165a\u017en\u00fdch strelcov a nad\u0161encov, ktor\u00ed vy\u017eaduj\u00fa maxim\u00e1lnu prisp\u00f4sobivos\u0165 svojho vybavenia.<\/p>\n<p>Vylep\u0161ite svoj Flex Holster e\u0161te dnes pre optim\u00e1lny v\u00fdkon a v\u0161estrannos\u0165!<\/p>\n<\/div>\n","protected":false},"excerpt":{"rendered":"<p>Doplnkov\u00e9 bo\u010dn\u00e9 rozpery pre puzdro Flex Holster. Prisp\u00f4sobte si ve\u013ekos\u0165 a upevnenie.<\/p>\n","protected":false},"featured_media":29455,"template":"","meta":{"_acf_changed":false},"product_brand":[],"product_cat":[13384,13351,13389],"product_tag":[],"class_list":{"0":"post-31483","1":"product","2":"type-product","3":"status-publish","4":"has-post-thumbnail","6":"product_cat-prislusenstvo-k-puzdram","7":"product_cat-puzdro","8":"product_cat-sportove-puzdro","10":"first","11":"instock","12":"taxable","13":"shipping-taxable","14":"purchasable","15":"product-type-variable","16":"wvs-archive-product-wrapper"},"acf":[],"_links":{"self":[{"href":"https:\/\/staging.nbg.eu\/sk\/wp-json\/wp\/v2\/product\/31483","targetHints":{"allow":["GET"]}}],"collection":[{"href":"https:\/\/staging.nbg.eu\/sk\/wp-json\/wp\/v2\/product"}],"about":[{"href":"https:\/\/staging.nbg.eu\/sk\/wp-json\/wp\/v2\/types\/product"}],"wp:featuredmedia":[{"embeddable":true,"href":"https:\/\/staging.nbg.eu\/sk\/wp-json\/wp\/v2\/media\/29455"}],"wp:attachment":[{"href":"https:\/\/staging.nbg.eu\/sk\/wp-json\/wp\/v2\/media?parent=31483"}],"wp:term":[{"taxonomy":"product_brand","embeddable":true,"href":"https:\/\/staging.nbg.eu\/sk\/wp-json\/wp\/v2\/product_brand?post=31483"},{"taxonomy":"product_cat","embeddable":true,"href":"https:\/\/staging.nbg.eu\/sk\/wp-json\/wp\/v2\/product_cat?post=31483"},{"taxonomy":"product_tag","embeddable":true,"href":"https:\/\/staging.nbg.eu\/sk\/wp-json\/wp\/v2\/product_tag?post=31483"}],"curies":[{"name":"wp","href":"https:\/\/api.w.org\/{rel}","templated":true}]}}