{"id":31359,"date":"2024-08-18T19:46:48","date_gmt":"2024-08-24T13:34:34","guid":{"rendered":"https:\/\/staging.nbg.eu\/product\/flex-holster-right-hand-color-inlays\/"},"modified":"2025-01-29T09:05:56","modified_gmt":"2025-01-29T09:05:56","slug":"flex-puzdro-prava-ruka-farebne-vlozky","status":"publish","type":"product","link":"https:\/\/staging.nbg.eu\/sk\/produkt\/flex-puzdro-prava-ruka-farebne-vlozky\/","title":{"rendered":"Flex puzdro prav\u00e1 ruka farebn\u00e9 vlo\u017eky"},"content":{"rendered":"<div class=\"product-description\">\n<h2>Farebn\u00e9 vlo\u017eky pre Flex p\u00fazdro<\/h2>\n<p>Prisp\u00f4sobte si svoje Flex p\u00fazdro pomocou t\u00fdchto laserovo rezan\u00fdch plastov\u00fdch vlo\u017eiek s logom. K dispoz\u00edcii s\u00fa v r\u00f4znych farb\u00e1ch a dod\u00e1vaj\u00fa p\u00fazdru osobn\u00fd vzh\u013ead.<\/p>\n<ul>\n<li>Jednoduch\u00e1 in\u0161tal\u00e1cia pomocou 3M lepiacej p\u00e1sky<\/li>\n<li>Odn\u00edmate\u013en\u00e9 pre v\u00fdmenu farieb (m\u00f4\u017eu sa po\u0161kodi\u0165 pri odstr\u00e1nen\u00ed)<\/li>\n<li>S\u00fa\u010das\u0165ou je prieh\u013eadn\u00e1 ochrann\u00e1 f\u00f3lia (odstr\u00e1nite\u013en\u00e1 pre najlep\u0161\u00ed vzh\u013ead)<\/li>\n<\/ul>\n<p>Vyberte si z na\u0161ej ponuky farieb:<\/p>\n<ul class=\"color-options\">\n<li>\u010cierna<\/li>\n<li>Modr\u00e1<\/li>\n<li>Meden\u00e1<\/li>\n<li>Zlat\u00e1<\/li>\n<li>Oran\u017eov\u00e1<\/li>\n<li>\u010cerven\u00e1<\/li>\n<li>Strieborn\u00e1<\/li>\n<li>\u017dlt\u00e1<\/li>\n<\/ul>\n<p>Zme\u0148te vzh\u013ead v\u00e1\u0161ho Flex p\u00fazdra pomocou t\u00fdchto farebn\u00fdch vlo\u017eiek.<\/p>\n<\/div>\n","protected":false},"excerpt":{"rendered":"<p>Prisp\u00f4sobite\u013en\u00e9 farebn\u00e9 vlo\u017eky pre Flex puzdro: jednoduch\u00e9 na in\u0161tal\u00e1ciu, odn\u00edmate\u013en\u00e9.<\/p>\n","protected":false},"featured_media":29708,"template":"","meta":{"_acf_changed":false},"product_brand":[],"product_cat":[13384,13351,13389],"product_tag":[],"class_list":{"0":"post-31359","1":"product","2":"type-product","3":"status-publish","4":"has-post-thumbnail","6":"product_cat-prislusenstvo-k-puzdram","7":"product_cat-puzdro","8":"product_cat-sportove-puzdro","10":"first","11":"instock","12":"taxable","13":"shipping-taxable","14":"purchasable","15":"product-type-variable","16":"wvs-archive-product-wrapper"},"acf":[],"_links":{"self":[{"href":"https:\/\/staging.nbg.eu\/sk\/wp-json\/wp\/v2\/product\/31359","targetHints":{"allow":["GET"]}}],"collection":[{"href":"https:\/\/staging.nbg.eu\/sk\/wp-json\/wp\/v2\/product"}],"about":[{"href":"https:\/\/staging.nbg.eu\/sk\/wp-json\/wp\/v2\/types\/product"}],"wp:featuredmedia":[{"embeddable":true,"href":"https:\/\/staging.nbg.eu\/sk\/wp-json\/wp\/v2\/media\/29708"}],"wp:attachment":[{"href":"https:\/\/staging.nbg.eu\/sk\/wp-json\/wp\/v2\/media?parent=31359"}],"wp:term":[{"taxonomy":"product_brand","embeddable":true,"href":"https:\/\/staging.nbg.eu\/sk\/wp-json\/wp\/v2\/product_brand?post=31359"},{"taxonomy":"product_cat","embeddable":true,"href":"https:\/\/staging.nbg.eu\/sk\/wp-json\/wp\/v2\/product_cat?post=31359"},{"taxonomy":"product_tag","embeddable":true,"href":"https:\/\/staging.nbg.eu\/sk\/wp-json\/wp\/v2\/product_tag?post=31359"}],"curies":[{"name":"wp","href":"https:\/\/api.w.org\/{rel}","templated":true}]}}