{"id":31023,"date":"2024-08-18T19:55:34","date_gmt":"2024-08-24T13:24:18","guid":{"rendered":"https:\/\/staging.nbg.eu\/product\/produkt-3\/"},"modified":"2024-08-24T13:26:29","modified_gmt":"2024-08-24T13:26:29","slug":"sordin-supreme-pro-x-ochrana-sluchu","status":"publish","type":"product","link":"https:\/\/staging.nbg.eu\/sk\/produkt\/sordin-supreme-pro-x-ochrana-sluchu\/","title":{"rendered":"Sordin Supreme-Pro X ochrana sluchu"},"content":{"rendered":"<div class=\"product-description\">\n<h2>Ochrana sluchu Sordin Supreme-Pro X<\/h2>\n<p>Za\u017eite \u0161pi\u010dkov\u00fa ochranu sluchu so Sordin Supreme-Pro X. Tieto pokro\u010dil\u00e9 sl\u00fachadl\u00e1 pon\u00fakaj\u00fa:<\/p>\n<ul>\n<li>Akt\u00edvne potla\u010denie hluku pre optim\u00e1lnu bezpe\u010dnos\u0165<\/li>\n<li>Zosilnenie okolit\u00e9ho zvuku pre situa\u010dn\u00e9 povedomie<\/li>\n<li>Vodotesn\u00fd dizajn pre pou\u017eitie za ka\u017ed\u00e9ho po\u010dasia<\/li>\n<li>Pohodln\u00e9, ergonomick\u00e9 prisp\u00f4sobenie pre dlhodob\u00e9 nosenie<\/li>\n<li>\u0160t\u00edhly profil pre bezprobl\u00e9mov\u00fa integr\u00e1ciu s \u010fal\u0161\u00edm vybaven\u00edm<\/li>\n<\/ul>\n<p>Ide\u00e1lne pre stre\u013ebu, lov alebo priemyseln\u00e9 aplik\u00e1cie, Supreme-Pro X poskytuje neprekonate\u013en\u00fa ochranu sluchu bez kompromisov v komunik\u00e1cii alebo povedom\u00ed o okol\u00ed. Chr\u00e1\u0148te svoj sluch pomocou najmodernej\u0161ej technol\u00f3gie Sordin.<\/p>\n<\/div>\n","protected":false},"excerpt":{"rendered":"<p>Sordin Supreme-Pro X: \u0160pi\u010dkov\u00e1 ochrana sluchu s kri\u0161t\u00e1\u013eovo \u010dist\u00fdm zvukom.<\/p>\n","protected":false},"featured_media":30283,"template":"","meta":{"_acf_changed":false},"product_brand":[],"product_cat":[13413,13359,13364],"product_tag":[],"class_list":{"0":"post-31023","1":"product","2":"type-product","3":"status-publish","4":"has-post-thumbnail","6":"product_cat-nezaradene","7":"product_cat-ochrana-sluchu","8":"product_cat-vystroj","10":"first","11":"instock","12":"taxable","13":"shipping-taxable","14":"purchasable","15":"product-type-variable","16":"wvs-archive-product-wrapper"},"acf":[],"_links":{"self":[{"href":"https:\/\/staging.nbg.eu\/sk\/wp-json\/wp\/v2\/product\/31023","targetHints":{"allow":["GET"]}}],"collection":[{"href":"https:\/\/staging.nbg.eu\/sk\/wp-json\/wp\/v2\/product"}],"about":[{"href":"https:\/\/staging.nbg.eu\/sk\/wp-json\/wp\/v2\/types\/product"}],"wp:featuredmedia":[{"embeddable":true,"href":"https:\/\/staging.nbg.eu\/sk\/wp-json\/wp\/v2\/media\/30283"}],"wp:attachment":[{"href":"https:\/\/staging.nbg.eu\/sk\/wp-json\/wp\/v2\/media?parent=31023"}],"wp:term":[{"taxonomy":"product_brand","embeddable":true,"href":"https:\/\/staging.nbg.eu\/sk\/wp-json\/wp\/v2\/product_brand?post=31023"},{"taxonomy":"product_cat","embeddable":true,"href":"https:\/\/staging.nbg.eu\/sk\/wp-json\/wp\/v2\/product_cat?post=31023"},{"taxonomy":"product_tag","embeddable":true,"href":"https:\/\/staging.nbg.eu\/sk\/wp-json\/wp\/v2\/product_tag?post=31023"}],"curies":[{"name":"wp","href":"https:\/\/api.w.org\/{rel}","templated":true}]}}