{"id":290605,"date":"2025-03-02T07:15:36","date_gmt":"2025-03-02T07:15:36","guid":{"rendered":"https:\/\/staging.nbg.eu\/prodcut\/two-vets-tripod-with-area-419-arcalock-dual-clamp-the-qdt-v2-ls-i\/"},"modified":"2025-03-27T10:51:10","modified_gmt":"2025-03-27T10:51:10","slug":"two-vets-stativ-s-area-419-arcalock-dual-clamp-the-qdt-v2-ls-i","status":"publish","type":"product","link":"https:\/\/staging.nbg.eu\/sk\/produkt\/two-vets-stativ-s-area-419-arcalock-dual-clamp-the-qdt-v2-ls-i\/","title":{"rendered":"Two Vets Stat\u00edv s Area 419 ARCALOCK Dual Clamp &#8211; The QDT V2 LS I"},"content":{"rendered":"<h2>Trojno\u017eka Two Vets s dvojitou svorkou Area 419 ARCALOCK &#8211; QDT V2 LS I<\/h2>\n<p>GripChanger je nov\u00fd doplnok k na\u0161ej rade streleck\u00fdch pr\u00edslu\u0161enstiev. T\u00e1to kompaktn\u00e1, 0,45 kg ta\u0161ka je vhodn\u00e1 na r\u00fdchlu zmenu poz\u00edcie a pou\u017eitie v mal\u00fdch otvoroch. Jej dizajn s hustou v\u00fdpl\u0148ou umo\u017e\u0148uje prichytenie na ak\u00fdko\u013evek povrch, poskytuj\u00fac stabiln\u00fa platformu.<\/p>\n<h2>S\u00faprava obsahuje:<\/h2>\n<ul>\n<li>1 Prisp\u00f4soben\u00fa ta\u0161ku Area 419 GripChanger<\/li>\n<li>1 ARCALOCK svorku<\/li>\n<li>1 Area 419 Rail Changer rameno<\/li>\n<\/ul>\n<p><strong>Rozmery:<\/strong> 25,4 cm \u00d7 7,6 cm \u00d7 5,1 cm<br \/>\n<strong>V\u00fdrobca:<\/strong> Armageddon Gear<\/p>\n<p>S\u00faprava GripChanger je v\u0161estrann\u00e1 a spo\u013eahliv\u00e1.<\/p>\n","protected":false},"excerpt":{"rendered":"<p>Univerz\u00e1lny stat\u00edv s dvojitou svorkou pre r\u00fdchle a stabiln\u00e9 polohy pri sn\u00edman\u00ed.<\/p>\n","protected":false},"featured_media":233736,"template":"","meta":{"_acf_changed":false},"product_brand":[11044],"product_cat":[13390,13397],"product_tag":[],"class_list":{"0":"post-290605","1":"product","2":"type-product","3":"status-publish","4":"has-post-thumbnail","6":"product_brand-area-419","7":"product_cat-dvojnozky","8":"product_cat-puska","10":"first","11":"instock","12":"taxable","13":"shipping-taxable","14":"purchasable","15":"product-type-simple"},"acf":[],"_links":{"self":[{"href":"https:\/\/staging.nbg.eu\/sk\/wp-json\/wp\/v2\/product\/290605","targetHints":{"allow":["GET"]}}],"collection":[{"href":"https:\/\/staging.nbg.eu\/sk\/wp-json\/wp\/v2\/product"}],"about":[{"href":"https:\/\/staging.nbg.eu\/sk\/wp-json\/wp\/v2\/types\/product"}],"wp:featuredmedia":[{"embeddable":true,"href":"https:\/\/staging.nbg.eu\/sk\/wp-json\/wp\/v2\/media\/233736"}],"wp:attachment":[{"href":"https:\/\/staging.nbg.eu\/sk\/wp-json\/wp\/v2\/media?parent=290605"}],"wp:term":[{"taxonomy":"product_brand","embeddable":true,"href":"https:\/\/staging.nbg.eu\/sk\/wp-json\/wp\/v2\/product_brand?post=290605"},{"taxonomy":"product_cat","embeddable":true,"href":"https:\/\/staging.nbg.eu\/sk\/wp-json\/wp\/v2\/product_cat?post=290605"},{"taxonomy":"product_tag","embeddable":true,"href":"https:\/\/staging.nbg.eu\/sk\/wp-json\/wp\/v2\/product_tag?post=290605"}],"curies":[{"name":"wp","href":"https:\/\/api.w.org\/{rel}","templated":true}]}}