{"id":290495,"date":"2025-03-02T06:50:24","date_gmt":"2025-03-27T10:29:06","guid":{"rendered":"https:\/\/staging.nbg.eu\/prodcut\/area-419-railchanger-shmedium-from-armageddon-gear\/"},"modified":"2025-03-27T10:31:33","modified_gmt":"2025-03-27T10:31:33","slug":"area-419-railchanger-shmedium-od-armageddon-gear","status":"publish","type":"product","link":"https:\/\/staging.nbg.eu\/sk\/produkt\/area-419-railchanger-shmedium-od-armageddon-gear\/","title":{"rendered":"Area 419 &#8211; RailChanger Shmedium od Armageddon Gear"},"content":{"rendered":"<h2>Area 419 &#8211; RailChanger Shmedium<\/h2>\n<h2>od Armageddon Gear<\/h2>\n<p>RailChanger Shmedium je pom\u00f4cka na presn\u00e9 strie\u013eanie. Tento produkt m\u00e1 vhodn\u00fa ve\u013ekos\u0165 a hust\u00fa v\u00fdpl\u0148, \u010do ho rob\u00ed u\u017eito\u010dn\u00fdm doplnkom pre streleck\u00e9 tr\u00e9ningy.<\/p>\n<ul>\n<li><strong>Dizajn:<\/strong> M\u00e1 laserovo vyrezan\u00e9 panely na vrchu a boku pre pripojenie k RCX<\/li>\n<li><strong>Ve\u013ekos\u0165:<\/strong> Rozmery 20,3 \u00d7 15,2 \u00d7 15,2 cm<\/li>\n<li><strong>Hmotnos\u0165:<\/strong> 3,2 kg pre \u013eahk\u00fa prenosnos\u0165<\/li>\n<li><strong>Kvalita:<\/strong> Vyroben\u00e9 spolo\u010dnos\u0165ou Armageddon Gear<\/li>\n<\/ul>\n<p>RailChanger Shmedium je vak, ktor\u00fd pou\u017e\u00edvame na strelnici. Tento produkt kombinuje funk\u010dnos\u0165 a dizajn.<\/p>\n","protected":false},"excerpt":{"rendered":"<p>Kompaktn\u00fd, hust\u00fdm v\u00fdpl\u0148om GameChanger pre RCX. Dokonal\u00fd spolo\u010dn\u00edk na strelnici.<\/p>\n","protected":false},"featured_media":233504,"template":"","meta":{"_acf_changed":false},"product_brand":[11044],"product_cat":[13397,390],"product_tag":[],"class_list":{"0":"post-290495","1":"product","2":"type-product","3":"status-publish","4":"has-post-thumbnail","6":"product_brand-area-419","7":"product_cat-puska","8":"product_cat-aiming","10":"first","11":"instock","12":"taxable","13":"shipping-taxable","14":"purchasable","15":"product-type-simple"},"acf":[],"_links":{"self":[{"href":"https:\/\/staging.nbg.eu\/sk\/wp-json\/wp\/v2\/product\/290495","targetHints":{"allow":["GET"]}}],"collection":[{"href":"https:\/\/staging.nbg.eu\/sk\/wp-json\/wp\/v2\/product"}],"about":[{"href":"https:\/\/staging.nbg.eu\/sk\/wp-json\/wp\/v2\/types\/product"}],"wp:featuredmedia":[{"embeddable":true,"href":"https:\/\/staging.nbg.eu\/sk\/wp-json\/wp\/v2\/media\/233504"}],"wp:attachment":[{"href":"https:\/\/staging.nbg.eu\/sk\/wp-json\/wp\/v2\/media?parent=290495"}],"wp:term":[{"taxonomy":"product_brand","embeddable":true,"href":"https:\/\/staging.nbg.eu\/sk\/wp-json\/wp\/v2\/product_brand?post=290495"},{"taxonomy":"product_cat","embeddable":true,"href":"https:\/\/staging.nbg.eu\/sk\/wp-json\/wp\/v2\/product_cat?post=290495"},{"taxonomy":"product_tag","embeddable":true,"href":"https:\/\/staging.nbg.eu\/sk\/wp-json\/wp\/v2\/product_tag?post=290495"}],"curies":[{"name":"wp","href":"https:\/\/api.w.org\/{rel}","templated":true}]}}