{"id":290378,"date":"2025-03-02T06:33:52","date_gmt":"2025-03-27T10:03:45","guid":{"rendered":"https:\/\/staging.nbg.eu\/prodcut\/area-419-railchanger-og-bag\/"},"modified":"2025-03-27T10:06:14","modified_gmt":"2025-03-27T10:06:14","slug":"area-419-railchanger-og-taska","status":"publish","type":"product","link":"https:\/\/staging.nbg.eu\/sk\/produkt\/area-419-railchanger-og-taska\/","title":{"rendered":"Area 419 &#8211; RailChanger OG Ta\u0161ka"},"content":{"rendered":"<h2>Area 419 &#8211; RailChanger OG ta\u0161ka<\/h2>\n<p>RailChanger OG od Armageddon Gear \u2013 doplnok pre v\u00e1\u0161 RCX syst\u00e9m. T\u00e1to plnorozmern\u00e1 OG GameChanger ta\u0161ka m\u00e1 laserovo vyrezan\u00e9 panely na vrchu a boku, umo\u017e\u0148uj\u00face integr\u00e1ciu s va\u0161im RCX syst\u00e9mom.<\/p>\n<h2>Hlavn\u00e9 vlastnosti:<\/h2>\n<ul>\n<li>Navrhnut\u00e1 pre RCX syst\u00e9m<\/li>\n<li>Laserovo vyrezan\u00e9 panely pre pripevnenie<\/li>\n<li>Plnorozmern\u00fd OG GameChanger dizajn<\/li>\n<li>Odoln\u00e1 kon\u0161trukcia<\/li>\n<\/ul>\n<h2>\u0160pecifik\u00e1cie:<\/h2>\n<ul>\n<li>Hmotnos\u0165: 3,2 kg<\/li>\n<li>Rozmery: 25,4 \u00d7 17,8 \u00d7 15,2 cm<\/li>\n<li>Dostupn\u00e9 farby: \u010cierna, B\u00e9\u017eov\u00e1<\/li>\n<\/ul>\n<p>RailChanger OG \u2013 ta\u0161ka navrhnut\u00e1 pre RCX syst\u00e9m. Pre va\u0161u stre\u013ebu.<\/p>\n","protected":false},"excerpt":{"rendered":"<p>Vlastn\u00e1 ta\u0161ka GameChanger pre RCX: laserovo rezan\u00e9 panely, pln\u00e1 ve\u013ekos\u0165, v\u0161estrann\u00e1.<\/p>\n","protected":false},"featured_media":233479,"template":"","meta":{"_acf_changed":false},"product_brand":[11044],"product_cat":[13397],"product_tag":[],"class_list":{"0":"post-290378","1":"product","2":"type-product","3":"status-publish","4":"has-post-thumbnail","6":"product_brand-area-419","7":"product_cat-puska","9":"first","10":"outofstock","11":"taxable","12":"shipping-taxable","13":"purchasable","14":"product-type-variable","15":"wvs-archive-product-wrapper"},"acf":[],"_links":{"self":[{"href":"https:\/\/staging.nbg.eu\/sk\/wp-json\/wp\/v2\/product\/290378","targetHints":{"allow":["GET"]}}],"collection":[{"href":"https:\/\/staging.nbg.eu\/sk\/wp-json\/wp\/v2\/product"}],"about":[{"href":"https:\/\/staging.nbg.eu\/sk\/wp-json\/wp\/v2\/types\/product"}],"wp:featuredmedia":[{"embeddable":true,"href":"https:\/\/staging.nbg.eu\/sk\/wp-json\/wp\/v2\/media\/233479"}],"wp:attachment":[{"href":"https:\/\/staging.nbg.eu\/sk\/wp-json\/wp\/v2\/media?parent=290378"}],"wp:term":[{"taxonomy":"product_brand","embeddable":true,"href":"https:\/\/staging.nbg.eu\/sk\/wp-json\/wp\/v2\/product_brand?post=290378"},{"taxonomy":"product_cat","embeddable":true,"href":"https:\/\/staging.nbg.eu\/sk\/wp-json\/wp\/v2\/product_cat?post=290378"},{"taxonomy":"product_tag","embeddable":true,"href":"https:\/\/staging.nbg.eu\/sk\/wp-json\/wp\/v2\/product_tag?post=290378"}],"curies":[{"name":"wp","href":"https:\/\/api.w.org\/{rel}","templated":true}]}}