{"id":289922,"date":"2025-03-01T16:08:15","date_gmt":"2025-03-26T21:41:38","guid":{"rendered":"https:\/\/staging.nbg.eu\/prodcut\/area-419-arcalock-barricade-stop\/"},"modified":"2025-03-26T21:44:14","modified_gmt":"2025-03-26T21:44:14","slug":"area-419-arcalock-barikadova-zarazka","status":"publish","type":"product","link":"https:\/\/staging.nbg.eu\/sk\/produkt\/area-419-arcalock-barikadova-zarazka\/","title":{"rendered":"Area 419 &#8211; ARCALOCK Barik\u00e1dov\u00e1 Zar\u00e1\u017eka"},"content":{"rendered":"<h2>Area 419 &#8211; ARCALOCK Barricade Stop<\/h2>\n<p>Doplnkov\u00fd Barricade Stop pre v\u00e1\u0161 ARCALOCK syst\u00e9m, navrhnut\u00fd pre stabilitu a presnos\u0165.<\/p>\n<h2>Hlavn\u00e9 vlastnosti:<\/h2>\n<ul>\n<li>Kompatibiln\u00fd vzor skrutiek s Atlas bipod<\/li>\n<li>Mo\u017enos\u0165 in\u0161tal\u00e1cie: medzi svorku a bipod alebo samostatne<\/li>\n<li>Predn\u00e9 zuby pre lep\u0161ie uchytenie na barik\u00e1de<\/li>\n<li>Vyroben\u00e9 z hlin\u00edka 6061-T6<\/li>\n<li>Hmotnos\u0165 0,5 libry<\/li>\n<li>Rozmery: 6&#8243; \u00d7 3,5&#8243; \u00d7 2&#8243;<\/li>\n<\/ul>\n<p><strong>Pozn\u00e1mka:<\/strong> Iba Barricade stop; svorka a bipod nie s\u00fa s\u00fa\u010das\u0165ou balenia. Nie je kompatibiln\u00fd s Harris Bipod bez n\u00e1\u0161ho Spigot Extension.<\/p>\n<p>Area 419 ARCALOCK Barricade Stop \u2013 pr\u00edslu\u0161enstvo pre stabilitu pri stre\u013ebe.<\/p>\n","protected":false},"excerpt":{"rendered":"<p>Area 419 ARCALOCK Barricade Stop: Bezpe\u010dn\u00fd \u00fachop pre presn\u00e9 strie\u013eanie.<\/p>\n","protected":false},"featured_media":233049,"template":"","meta":{"_acf_changed":false},"product_brand":[11044],"product_cat":[13345,13397,13346,13368],"product_tag":[],"class_list":{"0":"post-289922","1":"product","2":"type-product","3":"status-publish","4":"has-post-thumbnail","6":"product_brand-area-419","7":"product_cat-listy","8":"product_cat-puska","9":"product_cat-rifle-tuning","10":"product_cat-rukovaete-pusiek","12":"first","13":"instock","14":"taxable","15":"shipping-taxable","16":"purchasable","17":"product-type-simple"},"acf":[],"_links":{"self":[{"href":"https:\/\/staging.nbg.eu\/sk\/wp-json\/wp\/v2\/product\/289922","targetHints":{"allow":["GET"]}}],"collection":[{"href":"https:\/\/staging.nbg.eu\/sk\/wp-json\/wp\/v2\/product"}],"about":[{"href":"https:\/\/staging.nbg.eu\/sk\/wp-json\/wp\/v2\/types\/product"}],"wp:featuredmedia":[{"embeddable":true,"href":"https:\/\/staging.nbg.eu\/sk\/wp-json\/wp\/v2\/media\/233049"}],"wp:attachment":[{"href":"https:\/\/staging.nbg.eu\/sk\/wp-json\/wp\/v2\/media?parent=289922"}],"wp:term":[{"taxonomy":"product_brand","embeddable":true,"href":"https:\/\/staging.nbg.eu\/sk\/wp-json\/wp\/v2\/product_brand?post=289922"},{"taxonomy":"product_cat","embeddable":true,"href":"https:\/\/staging.nbg.eu\/sk\/wp-json\/wp\/v2\/product_cat?post=289922"},{"taxonomy":"product_tag","embeddable":true,"href":"https:\/\/staging.nbg.eu\/sk\/wp-json\/wp\/v2\/product_tag?post=289922"}],"curies":[{"name":"wp","href":"https:\/\/api.w.org\/{rel}","templated":true}]}}