{"id":289117,"date":"2025-03-05T07:17:43","date_gmt":"2025-03-26T19:45:32","guid":{"rendered":"https:\/\/staging.nbg.eu\/prodcut\/magpul-ctr-carbine-stock-for-ar15-m4\/"},"modified":"2025-03-26T19:48:11","modified_gmt":"2025-03-26T19:48:11","slug":"magpul-ctr-karabinova-pazba-pre-ar15-m4","status":"publish","type":"product","link":"https:\/\/staging.nbg.eu\/sk\/produkt\/magpul-ctr-karabinova-pazba-pre-ar15-m4\/","title":{"rendered":"Magpul &#8211; CTR\u2122 Karab\u00ednov\u00e1 Pa\u017eba pre AR15 \/ M4"},"content":{"rendered":"<div class=\"product-description\">\n<h2>Magpul CTR\u2122 pa\u017eba pre karab\u00ednu AR15 \/ M4<\/h2>\n<p>Magpul CTR (Compact\/Type Restricted) \u2013 model Mil-Spec pre karab\u00edny AR15 \/ M16. T\u00e1to n\u00e1hradn\u00e1 pa\u017eba m\u00e1 tieto vlastnosti:<\/p>\n<ul>\n<li>Profil A-r\u00e1mu na zabr\u00e1nenie zachyt\u00e1vaniu<\/li>\n<li>Chr\u00e1nen\u00e1 uvo\u013e\u0148ovacia z\u00e1padka proti n\u00e1hodn\u00e9mu aktivovaniu<\/li>\n<li>Doplnkov\u00fd trec\u00ed z\u00e1mkov\u00fd syst\u00e9m pre lep\u0161iu stabilitu zbrane<\/li>\n<li>Obojstrann\u00fd QD \u00fachyt na reme\u0148 kompatibiln\u00fd s tla\u010didlov\u00fdmi slingov\u00fdmi oto\u010dn\u00fdmi z\u00e1vesmi<\/li>\n<li>0,3-palcov\u00e1 gumen\u00e1 p\u00e4tka pre lep\u0161ie uchopenie na ramene<\/li>\n<\/ul>\n<p>Kompatibiln\u00e1 s predl\u017eovac\u00edmi trubicami ve\u013ekosti Mil-Spec, t\u00e1to pa\u017eba vyroben\u00e1 v USA pon\u00faka rozsah nastavenia d\u013a\u017eky potiahnutia 3,3 palca. S maxim\u00e1lnou d\u013a\u017ekou 7,0 palcov a hmotnos\u0165ou 8,9 unc\u00ed poskytuje CTR pa\u017eba funk\u010dnos\u0165 a pohodlie pre va\u0161u karab\u00ednu.<\/p>\n<p><strong>Pozn\u00e1mka:<\/strong> Kompatibiln\u00e1 len s predl\u017eovac\u00edmi trubicami Mil-Spec. Pred k\u00fapou sa uistite, \u017ee va\u0161a karab\u00edna m\u00e1 spr\u00e1vnu trubicu.<\/p>\n<\/div>\n","protected":false},"excerpt":{"rendered":"<p>Kompaktn\u00e1 pa\u017eba pre AR15\/M4. Aerodynamick\u00e1, stabiln\u00e1, s r\u00fdchloup\u00ednac\u00edm dr\u017eiakom na popruh.<\/p>\n","protected":false},"featured_media":237504,"template":"","meta":{"_acf_changed":false},"product_brand":[11555],"product_cat":[13357,13397,13346],"product_tag":[],"class_list":{"0":"post-289117","1":"product","2":"type-product","3":"status-publish","4":"has-post-thumbnail","6":"product_brand-magpul","7":"product_cat-pazby-pusiek","8":"product_cat-puska","9":"product_cat-rifle-tuning","11":"first","12":"instock","13":"taxable","14":"shipping-taxable","15":"purchasable","16":"product-type-simple"},"acf":[],"_links":{"self":[{"href":"https:\/\/staging.nbg.eu\/sk\/wp-json\/wp\/v2\/product\/289117","targetHints":{"allow":["GET"]}}],"collection":[{"href":"https:\/\/staging.nbg.eu\/sk\/wp-json\/wp\/v2\/product"}],"about":[{"href":"https:\/\/staging.nbg.eu\/sk\/wp-json\/wp\/v2\/types\/product"}],"wp:featuredmedia":[{"embeddable":true,"href":"https:\/\/staging.nbg.eu\/sk\/wp-json\/wp\/v2\/media\/237504"}],"wp:attachment":[{"href":"https:\/\/staging.nbg.eu\/sk\/wp-json\/wp\/v2\/media?parent=289117"}],"wp:term":[{"taxonomy":"product_brand","embeddable":true,"href":"https:\/\/staging.nbg.eu\/sk\/wp-json\/wp\/v2\/product_brand?post=289117"},{"taxonomy":"product_cat","embeddable":true,"href":"https:\/\/staging.nbg.eu\/sk\/wp-json\/wp\/v2\/product_cat?post=289117"},{"taxonomy":"product_tag","embeddable":true,"href":"https:\/\/staging.nbg.eu\/sk\/wp-json\/wp\/v2\/product_tag?post=289117"}],"curies":[{"name":"wp","href":"https:\/\/api.w.org\/{rel}","templated":true}]}}