{"id":288901,"date":"2025-03-05T10:45:22","date_gmt":"2025-03-05T10:45:22","guid":{"rendered":"https:\/\/staging.nbg.eu\/prodcut\/magpul-pmag-ar-m4-gen-m3-10rds\/"},"modified":"2025-03-26T19:11:33","modified_gmt":"2025-03-26T19:11:33","slug":"magpul-pmag-arm4-gen-m3","status":"publish","type":"product","link":"https:\/\/staging.nbg.eu\/sk\/produkt\/magpul-pmag-arm4-gen-m3\/","title":{"rendered":"Magpul &#8211; PMAG\u00ae AR\/M4 GEN M3\u2122"},"content":{"rendered":"<h2>Magpul &#8211; PMAG\u00ae AR\/M4 GEN M3\u2122<\/h2>\n<p>PMAG 10 GEN M3 je 10-n\u00e1bojov\u00fd polym\u00e9rov\u00fd z\u00e1sobn\u00edk pre zbrane kompatibiln\u00e9 s AR15\/M4. Poskytuje:<\/p>\n<ul>\n<li>Zv\u00fd\u0161en\u00fa pevnos\u0165 a odolnos\u0165 v\u010faka pokro\u010dilej polym\u00e9rovej kon\u0161trukcii<\/li>\n<li>Kompatibilitu s r\u00f4znymi platformami, vr\u00e1tane HK\u00ae 416 a FN\u00ae SCAR\u2122 MK 16\/16S<\/li>\n<li>Spo\u013eahliv\u00e9 pod\u00e1vanie n\u00e1bojov so \u0161tvorstrann\u00fdm stabiliz\u00e1torom<\/li>\n<li>Jednoduch\u00fa demont\u00e1\u017e a lep\u0161iu ochranu pri p\u00e1de v\u010faka roz\u0161\u00edren\u00e9mu dnu<\/li>\n<li>Plynul\u00fa prev\u00e1dzku v\u010faka vn\u00fatornej geometrii s kon\u0161tantnou krivkou<\/li>\n<li>Lep\u0161iu manipul\u00e1ciu s rebrovan\u00fdm povrchom a zdrsnenou text\u00farou<\/li>\n<\/ul>\n<p>PMAG 10 GEN M3 je vyroben\u00fd v USA a je vhodn\u00fd pre stre\u013ebu v \u013eahu a taktick\u00e9 pou\u017eitie.<\/p>\n","protected":false},"excerpt":{"rendered":"<p>Odoln\u00fd 10-n\u00e1bojov\u00fd z\u00e1sobn\u00edk pre AR15\/M4 s vylep\u0161en\u00fdmi funkciami a kompatibilitou.<\/p>\n","protected":false},"featured_media":239099,"template":"","meta":{"_acf_changed":false},"product_brand":[11555],"product_cat":[13397,13380],"product_tag":[],"class_list":{"0":"post-288901","1":"product","2":"type-product","3":"status-publish","4":"has-post-thumbnail","6":"product_brand-magpul","7":"product_cat-puska","8":"product_cat-zasobniky-do-pusiek","10":"first","11":"instock","12":"taxable","13":"shipping-taxable","14":"product-type-variable","15":"wvs-archive-product-wrapper"},"acf":[],"_links":{"self":[{"href":"https:\/\/staging.nbg.eu\/sk\/wp-json\/wp\/v2\/product\/288901","targetHints":{"allow":["GET"]}}],"collection":[{"href":"https:\/\/staging.nbg.eu\/sk\/wp-json\/wp\/v2\/product"}],"about":[{"href":"https:\/\/staging.nbg.eu\/sk\/wp-json\/wp\/v2\/types\/product"}],"wp:featuredmedia":[{"embeddable":true,"href":"https:\/\/staging.nbg.eu\/sk\/wp-json\/wp\/v2\/media\/239099"}],"wp:attachment":[{"href":"https:\/\/staging.nbg.eu\/sk\/wp-json\/wp\/v2\/media?parent=288901"}],"wp:term":[{"taxonomy":"product_brand","embeddable":true,"href":"https:\/\/staging.nbg.eu\/sk\/wp-json\/wp\/v2\/product_brand?post=288901"},{"taxonomy":"product_cat","embeddable":true,"href":"https:\/\/staging.nbg.eu\/sk\/wp-json\/wp\/v2\/product_cat?post=288901"},{"taxonomy":"product_tag","embeddable":true,"href":"https:\/\/staging.nbg.eu\/sk\/wp-json\/wp\/v2\/product_tag?post=288901"}],"curies":[{"name":"wp","href":"https:\/\/api.w.org\/{rel}","templated":true}]}}