{"id":288749,"date":"2025-03-05T08:15:00","date_gmt":"2025-03-26T18:12:22","guid":{"rendered":"https:\/\/staging.nbg.eu\/prodcut\/magpul-prs-lite-precision-adjustable-stock\/"},"modified":"2025-03-26T18:14:58","modified_gmt":"2025-03-26T18:14:58","slug":"magpul-prs-lite-precizna-nastavitelna-pazba","status":"publish","type":"product","link":"https:\/\/staging.nbg.eu\/sk\/produkt\/magpul-prs-lite-precizna-nastavitelna-pazba\/","title":{"rendered":"Magpul &#8211; PRS Lite Prec\u00edzna Nastavite\u013en\u00e1 Pa\u017eba"},"content":{"rendered":"<div class=\"product-description\">\n<h2>Magpul PRS Lite nastavite\u013en\u00e1 pa\u017eba<\/h2>\n<p>Magpul PRS Lite pon\u00faka nastavite\u013enos\u0165 pri n\u00edzkej hmotnosti 18,7 unc\u00ed. Je kompatibiln\u00e1 s Mil-Spec USGI sklopn\u00fdmi\/SR25 sklopn\u00fdmi\/A5 pred\u013a\u017een\u00fdmi trubicami pre pu\u0161ky s .223 a .308 l\u00f4\u017ekom.<\/p>\n<h3>Hlavn\u00e9 vlastnosti:<\/h3>\n<ul>\n<li>Kon\u0161trukcia z polym\u00e9ru a kovu<\/li>\n<li>Nastavite\u013en\u00e1 v\u00fd\u0161ka hrebe\u0148a (0-0,8&#8243; v 0,1&#8243; pr\u00edrastkoch)<\/li>\n<li>Nastavite\u013en\u00e1 d\u013a\u017eka potiahnutia (13,85&#8243;-15,25&#8243; v 0,14&#8243; pr\u00edrastkoch)<\/li>\n<li>V\u00fd\u0161kovo a uhlovo nastavite\u013en\u00e1 gumen\u00e1 p\u00e4tka<\/li>\n<li>Viacero mo\u017enost\u00ed upevnenia popruhu<\/li>\n<\/ul>\n<p>PRS Lite je navrhnut\u00e1 pod\u013ea vojensk\u00fdch \u0161tandardov. Pa\u017eba m\u00e1 gumen\u00fa p\u00e4tku a r\u00f4zne mo\u017enosti upevnenia popruhu.<\/p>\n<p><strong>Vyroben\u00e9 v USA<\/strong><\/p>\n<\/div>\n","protected":false},"excerpt":{"rendered":"<p>\u013dahk\u00e1, nastavite\u013en\u00e1 AR pa\u017eba. Presn\u00e9 ovl\u00e1danie hrebe\u0148a a d\u013a\u017eky potiahnutia.<\/p>\n","protected":false},"featured_media":238464,"template":"","meta":{"_acf_changed":false},"product_brand":[11555],"product_cat":[13357,13397,13346],"product_tag":[],"class_list":{"0":"post-288749","1":"product","2":"type-product","3":"status-publish","4":"has-post-thumbnail","6":"product_brand-magpul","7":"product_cat-pazby-pusiek","8":"product_cat-puska","9":"product_cat-rifle-tuning","11":"first","12":"instock","13":"taxable","14":"shipping-taxable","15":"purchasable","16":"product-type-variable","17":"wvs-archive-product-wrapper"},"acf":[],"_links":{"self":[{"href":"https:\/\/staging.nbg.eu\/sk\/wp-json\/wp\/v2\/product\/288749","targetHints":{"allow":["GET"]}}],"collection":[{"href":"https:\/\/staging.nbg.eu\/sk\/wp-json\/wp\/v2\/product"}],"about":[{"href":"https:\/\/staging.nbg.eu\/sk\/wp-json\/wp\/v2\/types\/product"}],"wp:featuredmedia":[{"embeddable":true,"href":"https:\/\/staging.nbg.eu\/sk\/wp-json\/wp\/v2\/media\/238464"}],"wp:attachment":[{"href":"https:\/\/staging.nbg.eu\/sk\/wp-json\/wp\/v2\/media?parent=288749"}],"wp:term":[{"taxonomy":"product_brand","embeddable":true,"href":"https:\/\/staging.nbg.eu\/sk\/wp-json\/wp\/v2\/product_brand?post=288749"},{"taxonomy":"product_cat","embeddable":true,"href":"https:\/\/staging.nbg.eu\/sk\/wp-json\/wp\/v2\/product_cat?post=288749"},{"taxonomy":"product_tag","embeddable":true,"href":"https:\/\/staging.nbg.eu\/sk\/wp-json\/wp\/v2\/product_tag?post=288749"}],"curies":[{"name":"wp","href":"https:\/\/api.w.org\/{rel}","templated":true}]}}