{"id":288598,"date":"2025-03-05T08:00:39","date_gmt":"2025-03-26T18:00:42","guid":{"rendered":"https:\/\/staging.nbg.eu\/prodcut\/magpul-prs-gen3-precision-adjustable-stock\/"},"modified":"2025-03-26T18:03:16","modified_gmt":"2025-03-26T18:03:16","slug":"magpul-prs-gen3-precizna-nastavitelna-pazba","status":"publish","type":"product","link":"https:\/\/staging.nbg.eu\/sk\/produkt\/magpul-prs-gen3-precizna-nastavitelna-pazba\/","title":{"rendered":"Magpul &#8211; PRS\u00ae GEN3 Prec\u00edzna Nastavite\u013en\u00e1 Pa\u017eba"},"content":{"rendered":"<div class=\"product-description\">\n<h2>Magpul &#8211; PRS\u00ae GEN3 Nastavite\u013en\u00e1 pa\u017eba<\/h2>\n<p>PRS GEN3 je pa\u017eba pre platformy AR15\/M16 a AR10\/SR25, umo\u017e\u0148uj\u00faca nastavenie d\u013a\u017eky a v\u00fd\u0161ky l\u00edcnice bez pou\u017eitia n\u00e1strojov. Je navrhnut\u00e1 pre poloautomatick\u00e9 odst\u0159elova\u010dsk\u00e9 pu\u0161ky a poskytuje stabiln\u00e9 rozhranie a takmer univerz\u00e1lne uchytenie.<\/p>\n<ul>\n<li>Optimalizovan\u00e1 pre pu\u0161kov\u00e9 pred\u013a\u017eenia<\/li>\n<li>Kompatibiln\u00e1 s mnoh\u00fdmi Mil-Spec karab\u00ednov\u00fdmi a A5 trubicami<\/li>\n<li>Gumen\u00e1 p\u00e4tka nastavite\u013en\u00e1 v n\u00e1klone a v\u00fd\u0161ke<\/li>\n<li>Oto\u010dne obmedzen\u00e9 \u00fachyty na reme\u0148<\/li>\n<li>M-LOK\u00ae sloty pre mont\u00e1\u017e zadnej jedn\u0648\u0646o\u017eky<\/li>\n<li>Vyroben\u00e9 v USA<\/li>\n<\/ul>\n<p>PRS GEN3 m\u00e1 hlin\u00edkov\u00e9 nastavovacie gomb\u00edky, oce\u013eov\u00e9 hriadele s povrchovou \u00fapravou Melonite\u00ae a viacero mo\u017enost\u00ed uchytenia reme\u0148a, \u010do zabezpe\u010duje odolnos\u0165 a v\u0161estrannos\u0165 v ter\u00e9ne.<\/p>\n<\/div>\n","protected":false},"excerpt":{"rendered":"<p>Presn\u00e1 AR pa\u017eba s nastavite\u013enou d\u013a\u017ekou \u0165ahu a v\u00fd\u0161kou l\u00edcnice bez potreby n\u00e1radia.<\/p>\n","protected":false},"featured_media":238369,"template":"","meta":{"_acf_changed":false},"product_brand":[11555],"product_cat":[13357,13397,13346],"product_tag":[],"class_list":{"0":"post-288598","1":"product","2":"type-product","3":"status-publish","4":"has-post-thumbnail","6":"product_brand-magpul","7":"product_cat-pazby-pusiek","8":"product_cat-puska","9":"product_cat-rifle-tuning","11":"first","12":"instock","13":"taxable","14":"shipping-taxable","15":"purchasable","16":"product-type-variable","17":"wvs-archive-product-wrapper"},"acf":[],"_links":{"self":[{"href":"https:\/\/staging.nbg.eu\/sk\/wp-json\/wp\/v2\/product\/288598","targetHints":{"allow":["GET"]}}],"collection":[{"href":"https:\/\/staging.nbg.eu\/sk\/wp-json\/wp\/v2\/product"}],"about":[{"href":"https:\/\/staging.nbg.eu\/sk\/wp-json\/wp\/v2\/types\/product"}],"wp:featuredmedia":[{"embeddable":true,"href":"https:\/\/staging.nbg.eu\/sk\/wp-json\/wp\/v2\/media\/238369"}],"wp:attachment":[{"href":"https:\/\/staging.nbg.eu\/sk\/wp-json\/wp\/v2\/media?parent=288598"}],"wp:term":[{"taxonomy":"product_brand","embeddable":true,"href":"https:\/\/staging.nbg.eu\/sk\/wp-json\/wp\/v2\/product_brand?post=288598"},{"taxonomy":"product_cat","embeddable":true,"href":"https:\/\/staging.nbg.eu\/sk\/wp-json\/wp\/v2\/product_cat?post=288598"},{"taxonomy":"product_tag","embeddable":true,"href":"https:\/\/staging.nbg.eu\/sk\/wp-json\/wp\/v2\/product_tag?post=288598"}],"curies":[{"name":"wp","href":"https:\/\/api.w.org\/{rel}","templated":true}]}}