{"id":288195,"date":"2025-03-06T10:17:52","date_gmt":"2025-03-26T17:22:49","guid":{"rendered":"https:\/\/staging.nbg.eu\/prodcut\/ftcs-dong-handguard-m-lok-akm\/"},"modified":"2025-03-26T17:25:20","modified_gmt":"2025-03-26T17:25:20","slug":"ftcs-dong-predpazbie-m-lok-akm","status":"publish","type":"product","link":"https:\/\/staging.nbg.eu\/sk\/produkt\/ftcs-dong-predpazbie-m-lok-akm\/","title":{"rendered":"FTCS &#8211; &#8222;Dong&#8220; Predpazbie &#8211; M-LOK &#8211; AKM"},"content":{"rendered":"<div class=\"product-description\">\n<h2>FTCS &#8211; &#8222;Dong&#8220; Predpa\u017ebie &#8211; M-LOK &#8211; AKM<\/h2>\n<p>FTCS &#8222;Dong&#8220; Predpa\u017ebie pre pu\u0161ky AKM\/AKMS v \u0161t\u00fdle AIMS m\u00e1 tieto vlastnosti:<\/p>\n<ul>\n<li>\u013dahk\u00e1 dreven\u00e1 kon\u0161trukcia<\/li>\n<li>Integrovan\u00e1 predn\u00e1 rukov\u00e4\u0165<\/li>\n<li>M-LOK sloty na mont\u00e1\u017e pr\u00edslu\u0161enstva<\/li>\n<li>Kompatibilita so skladac\u00edmi pa\u017ebami<\/li>\n<li>Povrchov\u00e1 \u00faprava Cerakote v grafitovej \u010diernej farbe<\/li>\n<\/ul>\n<p>Predpa\u017ebie v\u00e1\u017ei 141g a m\u00e1 rozmery 160x120x35mm. Bo\u010dn\u00e9 M-LOK li\u0161ty umo\u017e\u0148uj\u00fa pripevnenie svetiel, laserov a \u010fal\u0161ieho pr\u00edslu\u0161enstva.<\/p>\n<p>FTCS &#8222;Dong&#8220; Predpa\u017ebie je k dispoz\u00edcii pre pu\u0161ky AKM.<\/p>\n<\/div>\n","protected":false},"excerpt":{"rendered":"<p>Klasick\u00e1 dreven\u00e1 pa\u017eba AKM v \u0161t\u00fdle AIMS s M-LOK li\u0161tami.<\/p>\n","protected":false},"featured_media":241004,"template":"","meta":{"_acf_changed":false},"product_brand":[11321],"product_cat":[13331,13346,13368],"product_tag":[],"class_list":{"0":"post-288195","1":"product","2":"type-product","3":"status-publish","4":"has-post-thumbnail","6":"product_brand-ftcs","7":"product_cat-ak-tuning","8":"product_cat-rifle-tuning","9":"product_cat-rukovaete-pusiek","11":"first","12":"instock","13":"taxable","14":"shipping-taxable","15":"purchasable","16":"product-type-simple"},"acf":[],"_links":{"self":[{"href":"https:\/\/staging.nbg.eu\/sk\/wp-json\/wp\/v2\/product\/288195","targetHints":{"allow":["GET"]}}],"collection":[{"href":"https:\/\/staging.nbg.eu\/sk\/wp-json\/wp\/v2\/product"}],"about":[{"href":"https:\/\/staging.nbg.eu\/sk\/wp-json\/wp\/v2\/types\/product"}],"wp:featuredmedia":[{"embeddable":true,"href":"https:\/\/staging.nbg.eu\/sk\/wp-json\/wp\/v2\/media\/241004"}],"wp:attachment":[{"href":"https:\/\/staging.nbg.eu\/sk\/wp-json\/wp\/v2\/media?parent=288195"}],"wp:term":[{"taxonomy":"product_brand","embeddable":true,"href":"https:\/\/staging.nbg.eu\/sk\/wp-json\/wp\/v2\/product_brand?post=288195"},{"taxonomy":"product_cat","embeddable":true,"href":"https:\/\/staging.nbg.eu\/sk\/wp-json\/wp\/v2\/product_cat?post=288195"},{"taxonomy":"product_tag","embeddable":true,"href":"https:\/\/staging.nbg.eu\/sk\/wp-json\/wp\/v2\/product_tag?post=288195"}],"curies":[{"name":"wp","href":"https:\/\/api.w.org\/{rel}","templated":true}]}}