{"id":287738,"date":"2025-03-06T20:23:37","date_gmt":"2025-03-06T20:23:37","guid":{"rendered":"https:\/\/staging.nbg.eu\/prodcut\/clawgear-ak47-short-slick-handguard-m-lok\/"},"modified":"2025-03-26T12:39:54","modified_gmt":"2025-03-26T12:39:54","slug":"clawgear-ak47-kratke-hladke-predpazbie-m-lok","status":"publish","type":"product","link":"https:\/\/staging.nbg.eu\/sk\/produkt\/clawgear-ak47-kratke-hladke-predpazbie-m-lok\/","title":{"rendered":"Clawgear &#8211; AK47 kr\u00e1tke hladk\u00e9 predpa\u017ebie M-LOK"},"content":{"rendered":"<h2>Clawgear &#8211; AK47 Kr\u00e1tke predn\u00e9 \u00fachyty so syst\u00e9mom M-LOK<\/h2>\n<p>Vylep\u0161enie pre AK47 s t\u00fdmito predn\u00fdmi \u00fachytmi:<\/p>\n<ul>\n<li>Mont\u00e1\u017eny syst\u00e9m M-LOK pre pripojenie pr\u00edslu\u0161enstva<\/li>\n<li>Matn\u00fd \u010dierny povrch na zn\u00ed\u017eenie odrazov<\/li>\n<li>QD bod na upevnenie popruhu vzadu<\/li>\n<li>Kompatibiln\u00e9 s lisovan\u00fdmi aj fr\u00e9zovan\u00fdmi pa\u017ebami<\/li>\n<li>Vyroben\u00e9 z hlin\u00edka 6061<\/li>\n<li>Povrchov\u00e1 \u00faprava anodizovan\u00edm typu III pod\u013ea MIL-SPEC<\/li>\n<\/ul>\n<p>Rozmery: 16,4 cm (D) x 4,5 cm (\u0160) x 4 cm (V)<\/p>\n<p>Hmotnos\u0165: 0,16 kg<\/p>\n<p>Zlep\u0161ite funk\u010dnos\u0165 a vzh\u013ead v\u00e1\u0161ho AK47 s t\u00fdmito predn\u00fdmi \u00fachytmi. Vhodn\u00e9 pre taktick\u00fdch nad\u0161encov a profesion\u00e1lov.<\/p>\n","protected":false},"excerpt":{"rendered":"<p>\u013dahk\u00fd M-LOK predpa\u017ebie pre AK47. QD bod na upevnenie popruhu. Pasuje na r\u00f4zne typy z\u00e1verov.<\/p>\n","protected":false},"featured_media":245171,"template":"","meta":{"_acf_changed":false},"product_brand":[],"product_cat":[13331,13397,13346],"product_tag":[],"class_list":{"0":"post-287738","1":"product","2":"type-product","3":"status-publish","4":"has-post-thumbnail","6":"product_cat-ak-tuning","7":"product_cat-puska","8":"product_cat-rifle-tuning","10":"first","11":"instock","12":"taxable","13":"shipping-taxable","14":"purchasable","15":"product-type-simple"},"acf":[],"_links":{"self":[{"href":"https:\/\/staging.nbg.eu\/sk\/wp-json\/wp\/v2\/product\/287738","targetHints":{"allow":["GET"]}}],"collection":[{"href":"https:\/\/staging.nbg.eu\/sk\/wp-json\/wp\/v2\/product"}],"about":[{"href":"https:\/\/staging.nbg.eu\/sk\/wp-json\/wp\/v2\/types\/product"}],"wp:featuredmedia":[{"embeddable":true,"href":"https:\/\/staging.nbg.eu\/sk\/wp-json\/wp\/v2\/media\/245171"}],"wp:attachment":[{"href":"https:\/\/staging.nbg.eu\/sk\/wp-json\/wp\/v2\/media?parent=287738"}],"wp:term":[{"taxonomy":"product_brand","embeddable":true,"href":"https:\/\/staging.nbg.eu\/sk\/wp-json\/wp\/v2\/product_brand?post=287738"},{"taxonomy":"product_cat","embeddable":true,"href":"https:\/\/staging.nbg.eu\/sk\/wp-json\/wp\/v2\/product_cat?post=287738"},{"taxonomy":"product_tag","embeddable":true,"href":"https:\/\/staging.nbg.eu\/sk\/wp-json\/wp\/v2\/product_tag?post=287738"}],"curies":[{"name":"wp","href":"https:\/\/api.w.org\/{rel}","templated":true}]}}