{"id":285522,"date":"2025-03-04T19:02:48","date_gmt":"2025-03-25T14:28:44","guid":{"rendered":"https:\/\/staging.nbg.eu\/product\/magpul-ctr-moe-cheek-riser-0-75\/"},"modified":"2025-03-25T14:30:57","modified_gmt":"2025-03-25T14:30:57","slug":"magpul-ctr-moe-podlozka-licnice-075","status":"publish","type":"product","link":"https:\/\/staging.nbg.eu\/sk\/produkt\/magpul-ctr-moe-podlozka-licnice-075\/","title":{"rendered":"Magpul &#8211; CTR \/ MOE podlo\u017eka l\u00edcnice &#8211; 0.75&#8243;"},"content":{"rendered":"<div class=\"product-description\">\n<h2>Magpul &#8211; CTR \/ MOE L\u00edcnica &#8211; 0,75&#8243;<\/h2>\n<p>Magpul CTR \/ MOE L\u00edcnica je pr\u00edslu\u0161enstvo, ktor\u00e9 zvy\u0161uje oporu l\u00edca o 1,9 cm. Poskytuje lep\u0161ie pohodlie a zarovnanie mieridiel pre r\u00f4zne streln\u00e9 zbrane.<\/p>\n<ul>\n<li>Kompatibiln\u00e1 s CTR, MOE\u00ae, DT a PR pa\u017ebami<\/li>\n<li>Vhodn\u00e1 pre in\u00e9 ne\u017e AR15\/M4 zostavy, napr\u00edklad konverzie pa\u017eby M14<\/li>\n<li>Jednoduch\u00e1 in\u0161tal\u00e1cia<\/li>\n<li>Vyroben\u00e9 v USA<\/li>\n<li>NSN: MAG327-BLK 1005-01-591-6041<\/li>\n<\/ul>\n<p><strong>Pozn\u00e1mka:<\/strong> M\u00f4\u017ee prek\u00e1\u017ea\u0165 funkcii nab\u00edjacej rukov\u00e4te na platform\u00e1ch AR15\/M4, pokia\u013e nie je pa\u017eba \u00faplne vysunut\u00e1.<\/p>\n<\/div>\n","protected":false},"excerpt":{"rendered":"<p>\u201ePrip\u00ednate\u013en\u00e1 0,75-palcov\u00e1 l\u00ed\u010dna opierka pre zv\u00fd\u0161en\u00fd komfort a presnos\u0165.&#8220;<\/p>\n","protected":false},"featured_media":237160,"template":"","meta":{"_acf_changed":false},"product_brand":[11555],"product_cat":[13357,13397,13346],"product_tag":[],"class_list":{"0":"post-285522","1":"product","2":"type-product","3":"status-publish","4":"has-post-thumbnail","6":"product_brand-magpul","7":"product_cat-pazby-pusiek","8":"product_cat-puska","9":"product_cat-rifle-tuning","11":"first","12":"instock","13":"taxable","14":"shipping-taxable","15":"purchasable","16":"product-type-variable","17":"wvs-archive-product-wrapper"},"acf":[],"_links":{"self":[{"href":"https:\/\/staging.nbg.eu\/sk\/wp-json\/wp\/v2\/product\/285522","targetHints":{"allow":["GET"]}}],"collection":[{"href":"https:\/\/staging.nbg.eu\/sk\/wp-json\/wp\/v2\/product"}],"about":[{"href":"https:\/\/staging.nbg.eu\/sk\/wp-json\/wp\/v2\/types\/product"}],"wp:featuredmedia":[{"embeddable":true,"href":"https:\/\/staging.nbg.eu\/sk\/wp-json\/wp\/v2\/media\/237160"}],"wp:attachment":[{"href":"https:\/\/staging.nbg.eu\/sk\/wp-json\/wp\/v2\/media?parent=285522"}],"wp:term":[{"taxonomy":"product_brand","embeddable":true,"href":"https:\/\/staging.nbg.eu\/sk\/wp-json\/wp\/v2\/product_brand?post=285522"},{"taxonomy":"product_cat","embeddable":true,"href":"https:\/\/staging.nbg.eu\/sk\/wp-json\/wp\/v2\/product_cat?post=285522"},{"taxonomy":"product_tag","embeddable":true,"href":"https:\/\/staging.nbg.eu\/sk\/wp-json\/wp\/v2\/product_tag?post=285522"}],"curies":[{"name":"wp","href":"https:\/\/api.w.org\/{rel}","templated":true}]}}