{"id":285105,"date":"2025-03-02T07:13:28","date_gmt":"2025-03-25T14:11:00","guid":{"rendered":"https:\/\/staging.nbg.eu\/product\/the-railchanger-from-area-419-armageddon-gear-and-reasor-precision\/"},"modified":"2025-03-25T14:13:01","modified_gmt":"2025-03-25T14:13:01","slug":"the-railchanger-od-area-419-armageddon-gear-a-reasor-precision","status":"publish","type":"product","link":"https:\/\/staging.nbg.eu\/sk\/produkt\/the-railchanger-od-area-419-armageddon-gear-a-reasor-precision\/","title":{"rendered":"The RailChanger \u2013 od Area 419, Armageddon Gear a Reasor Precision"},"content":{"rendered":"<div class=\"product-description\">\n<h2>RailChanger: GripChanger Ed\u00edcia<\/h2>\n<p>Nov\u00fd pr\u00edrastok do radu RailChanger: GripChanger. T\u00e1to kompaktn\u00e1 ta\u0161ka je vhodn\u00e1 na r\u00fdchle budovanie poz\u00edcie a pou\u017eitie v mal\u00fdch otvoroch.<\/p>\n<h2>Vlastnosti:<\/h2>\n<ul>\n<li>Mal\u00e1, pri\u013enav\u00e1 a hust\u00e1<\/li>\n<li>V\u00e1\u017ei pribli\u017ene 0,45 kg<\/li>\n<li>Dr\u017e\u00ed sa na akomko\u013evek povrchu<\/li>\n<li>Poskytuje stabiln\u00fa platformu pre r\u00fdchle nastavenie<\/li>\n<\/ul>\n<h2>S\u00faprava obsahuje:<\/h2>\n<ul>\n<li>1 GripChanger ta\u0161ka Area 419<\/li>\n<li>1 ARCALOCK svorka<\/li>\n<li>1 Area 419 Rail Changer rameno<\/li>\n<\/ul>\n<h2>\u0160pecifik\u00e1cie:<\/h2>\n<ul>\n<li>Hmotnos\u0165: 0,45 kg<\/li>\n<li>Rozmery: 25,4 \u00d7 7,6 \u00d7 5,1 cm<\/li>\n<li>V\u00fdrobca: Armageddon Gear<\/li>\n<\/ul>\n<p>GripChanger je v\u00fdsledkom spolupr\u00e1ce medzi Area 419, Armageddon Gear a Reasor Precision.<\/p>\n<\/div>\n","protected":false},"excerpt":{"rendered":"<p>Univerz\u00e1lna, pri\u013enav\u00e1 ta\u0161ka pre r\u00fdchle a stabiln\u00e9 streleck\u00e9 poz\u00edcie.<\/p>\n","protected":false},"featured_media":233710,"template":"","meta":{"_acf_changed":false},"product_brand":[11044],"product_cat":[13397],"product_tag":[],"class_list":{"0":"post-285105","1":"product","2":"type-product","3":"status-publish","4":"has-post-thumbnail","6":"product_brand-area-419","7":"product_cat-puska","9":"first","10":"instock","11":"taxable","12":"shipping-taxable","13":"purchasable","14":"product-type-variable","15":"wvs-archive-product-wrapper"},"acf":[],"_links":{"self":[{"href":"https:\/\/staging.nbg.eu\/sk\/wp-json\/wp\/v2\/product\/285105","targetHints":{"allow":["GET"]}}],"collection":[{"href":"https:\/\/staging.nbg.eu\/sk\/wp-json\/wp\/v2\/product"}],"about":[{"href":"https:\/\/staging.nbg.eu\/sk\/wp-json\/wp\/v2\/types\/product"}],"wp:featuredmedia":[{"embeddable":true,"href":"https:\/\/staging.nbg.eu\/sk\/wp-json\/wp\/v2\/media\/233710"}],"wp:attachment":[{"href":"https:\/\/staging.nbg.eu\/sk\/wp-json\/wp\/v2\/media?parent=285105"}],"wp:term":[{"taxonomy":"product_brand","embeddable":true,"href":"https:\/\/staging.nbg.eu\/sk\/wp-json\/wp\/v2\/product_brand?post=285105"},{"taxonomy":"product_cat","embeddable":true,"href":"https:\/\/staging.nbg.eu\/sk\/wp-json\/wp\/v2\/product_cat?post=285105"},{"taxonomy":"product_tag","embeddable":true,"href":"https:\/\/staging.nbg.eu\/sk\/wp-json\/wp\/v2\/product_tag?post=285105"}],"curies":[{"name":"wp","href":"https:\/\/api.w.org\/{rel}","templated":true}]}}