{"id":284368,"date":"2025-03-06T20:15:14","date_gmt":"2025-03-06T20:15:14","guid":{"rendered":"https:\/\/staging.nbg.eu\/product\/clawgear-ak47-gas-tube-cover\/"},"modified":"2025-03-25T13:01:45","modified_gmt":"2025-03-25T13:01:45","slug":"clawgear-ak47-kryt-plynovej-trubice","status":"publish","type":"product","link":"https:\/\/staging.nbg.eu\/sk\/produkt\/clawgear-ak47-kryt-plynovej-trubice\/","title":{"rendered":"Clawgear &#8211; AK47 kryt plynovej trubice"},"content":{"rendered":"<h2>Clawgear &#8211; Kryt plynovej trubice pre AK47<\/h2>\n<p>Kryt plynovej trubice Clawgear pre AK47, ur\u010den\u00fd na pou\u017eitie s predpa\u017eb\u00edm CG Slimline. Tento doplnok obsahuje:<\/p>\n<ul>\n<li>Li\u0161tu Mil-STD 1913 Picatinny \/ Stanag 4694 na vrchu<\/li>\n<li>Kon\u0161trukciu z hlin\u00edka<\/li>\n<li>\u010cierny tvrd\u00fd povlak<\/li>\n<\/ul>\n<p>Tento kryt plynovej trubice m\u00e1 d\u013a\u017eku 10 cm a hmotnos\u0165 80 g.<\/p>\n<p><strong>Pozn\u00e1mka:<\/strong> Tento produkt je kompatibiln\u00fd <em>iba<\/em> s predpa\u017eb\u00edm Clawgear AK47 Slimline.<\/p>\n","protected":false},"excerpt":{"rendered":"<p>Odoln\u00fd kryt plynovej trubice AK47 s Picatinny li\u0161tou pre \u0161t\u00edhle predpa\u017ebie.<\/p>\n","protected":false},"featured_media":244894,"template":"","meta":{"_acf_changed":false},"product_brand":[11230],"product_cat":[13331,13345,13397],"product_tag":[],"class_list":{"0":"post-284368","1":"product","2":"type-product","3":"status-publish","4":"has-post-thumbnail","6":"product_brand-clawgear","7":"product_cat-ak-tuning","8":"product_cat-listy","9":"product_cat-puska","11":"first","12":"instock","13":"taxable","14":"shipping-taxable","15":"purchasable","16":"product-type-simple"},"acf":[],"_links":{"self":[{"href":"https:\/\/staging.nbg.eu\/sk\/wp-json\/wp\/v2\/product\/284368","targetHints":{"allow":["GET"]}}],"collection":[{"href":"https:\/\/staging.nbg.eu\/sk\/wp-json\/wp\/v2\/product"}],"about":[{"href":"https:\/\/staging.nbg.eu\/sk\/wp-json\/wp\/v2\/types\/product"}],"wp:featuredmedia":[{"embeddable":true,"href":"https:\/\/staging.nbg.eu\/sk\/wp-json\/wp\/v2\/media\/244894"}],"wp:attachment":[{"href":"https:\/\/staging.nbg.eu\/sk\/wp-json\/wp\/v2\/media?parent=284368"}],"wp:term":[{"taxonomy":"product_brand","embeddable":true,"href":"https:\/\/staging.nbg.eu\/sk\/wp-json\/wp\/v2\/product_brand?post=284368"},{"taxonomy":"product_cat","embeddable":true,"href":"https:\/\/staging.nbg.eu\/sk\/wp-json\/wp\/v2\/product_cat?post=284368"},{"taxonomy":"product_tag","embeddable":true,"href":"https:\/\/staging.nbg.eu\/sk\/wp-json\/wp\/v2\/product_tag?post=284368"}],"curies":[{"name":"wp","href":"https:\/\/api.w.org\/{rel}","templated":true}]}}