{"id":284207,"date":"2025-03-05T08:21:40","date_gmt":"2025-03-25T10:49:11","guid":{"rendered":"https:\/\/staging.nbg.eu\/product\/magpul-moe-sl-enhanced-rubber-butt-pad-0-70\/"},"modified":"2025-03-25T10:51:29","modified_gmt":"2025-03-25T10:51:29","slug":"magpul-moe-sl-vylepsena-gumena-botka-pazby-070","status":"publish","type":"product","link":"https:\/\/staging.nbg.eu\/sk\/produkt\/magpul-moe-sl-vylepsena-gumena-botka-pazby-070\/","title":{"rendered":"Magpul &#8211; MOE SL\u00ae vylep\u0161en\u00e1 gumen\u00e1 botka pa\u017eby, 0.70"},"content":{"rendered":"<h2>Magpul &#8211; MOE SL\u00ae Vylep\u0161en\u00e1 gumen\u00e1 p\u00e4tka, 0,70 palca<\/h2>\n<p>Vylep\u0161ite svoju pa\u017ebu Magpul s MOE SL\u00ae vylep\u0161enou gumenou p\u00e4tkou, 0,70&#8243;. T\u00e1to n\u00e1hradn\u00e1 p\u00e4tka pon\u00faka lep\u0161ie pohodlie a funk\u010dnos\u0165 pre va\u0161u zbra\u0148.<\/p>\n<h3>Hlavn\u00e9 vlastnosti:<\/h3>\n<ul>\n<li>Kompatibiln\u00e1 s pa\u017ebami DT Carbine, MOE SL\u00ae, MOE\u00ae SL-S\u2122, UBR\u00ae GEN2, MOE\u00ae AK, Zhukov-S\u00ae, X-22 Backpacker a PC Backpacker<\/li>\n<li>Proti\u0161mykov\u00e1 rebrovan\u00e1 text\u00fara pre bezpe\u010dn\u00fa manipul\u00e1ciu<\/li>\n<li>Hrub\u0161\u00ed, vetran\u00fd dizajn pre lep\u0161ie pohodlie<\/li>\n<li>Prid\u00e1va pribli\u017ene 3\/8 palca k d\u013a\u017eke potiahnutia<\/li>\n<li>V\u00e1\u017ei menej ako 1 unca<\/li>\n<li>\u0160ikm\u00e1, vr\u00fabkovan\u00e1 spodn\u00e1 \u010das\u0165 pre \u013eahk\u00fa mont\u00e1\u017e<\/li>\n<li>Zaoblen\u00e1 horn\u00e1 \u010das\u0165 pre pohodln\u00e9 umiestnenie na ramene<\/li>\n<\/ul>\n<p>Vyroben\u00e1 v USA, t\u00e1to p\u00e4tka kombinuje odolnos\u0165 s vylep\u0161en\u00fdm dizajnom. Montuje sa \u013eahko pomocou existuj\u00faceho hardv\u00e9ru, poskytuj\u00fac okam\u017eit\u00e9 vylep\u0161enie va\u0161ej pa\u017eby Magpul.<\/p>\n<p><strong>Vylep\u0161ite svoj streleck\u00fd z\u00e1\u017eitok s Magpul MOE SL\u00ae vylep\u0161enou gumenou p\u00e4tkou.<\/strong><\/p>\n","protected":false},"excerpt":{"rendered":"<p>Pohodln\u00e1, proti\u0161mykov\u00e1 17,8 mm gumen\u00e1 p\u00e4tka na pa\u017eby Magpul.<\/p>\n","protected":false},"featured_media":238702,"template":"","meta":{"_acf_changed":false},"product_brand":[11555],"product_cat":[13357,13397,13346],"product_tag":[],"class_list":{"0":"post-284207","1":"product","2":"type-product","3":"status-publish","4":"has-post-thumbnail","6":"product_brand-magpul","7":"product_cat-pazby-pusiek","8":"product_cat-puska","9":"product_cat-rifle-tuning","11":"first","12":"instock","13":"taxable","14":"shipping-taxable","15":"purchasable","16":"product-type-simple"},"acf":[],"_links":{"self":[{"href":"https:\/\/staging.nbg.eu\/sk\/wp-json\/wp\/v2\/product\/284207","targetHints":{"allow":["GET"]}}],"collection":[{"href":"https:\/\/staging.nbg.eu\/sk\/wp-json\/wp\/v2\/product"}],"about":[{"href":"https:\/\/staging.nbg.eu\/sk\/wp-json\/wp\/v2\/types\/product"}],"wp:featuredmedia":[{"embeddable":true,"href":"https:\/\/staging.nbg.eu\/sk\/wp-json\/wp\/v2\/media\/238702"}],"wp:attachment":[{"href":"https:\/\/staging.nbg.eu\/sk\/wp-json\/wp\/v2\/media?parent=284207"}],"wp:term":[{"taxonomy":"product_brand","embeddable":true,"href":"https:\/\/staging.nbg.eu\/sk\/wp-json\/wp\/v2\/product_brand?post=284207"},{"taxonomy":"product_cat","embeddable":true,"href":"https:\/\/staging.nbg.eu\/sk\/wp-json\/wp\/v2\/product_cat?post=284207"},{"taxonomy":"product_tag","embeddable":true,"href":"https:\/\/staging.nbg.eu\/sk\/wp-json\/wp\/v2\/product_tag?post=284207"}],"curies":[{"name":"wp","href":"https:\/\/api.w.org\/{rel}","templated":true}]}}