{"id":284086,"date":"2025-03-05T07:25:38","date_gmt":"2025-03-25T10:18:59","guid":{"rendered":"https:\/\/staging.nbg.eu\/product\/magpul-daka-window-pouch-large\/"},"modified":"2025-03-25T10:21:02","modified_gmt":"2025-03-25T10:21:02","slug":"magpul-daka-okienkove-puzdro-velke","status":"publish","type":"product","link":"https:\/\/staging.nbg.eu\/sk\/produkt\/magpul-daka-okienkove-puzdro-velke\/","title":{"rendered":"Magpul &#8211; DAKA\u00ae okienkov\u00e9 puzdro, ve\u013ek\u00e9"},"content":{"rendered":"<div class=\"product-description\">\n<h2>Magpul &#8211; DAKA\u00ae Prieh\u013eadn\u00e9 puzdro, Ve\u013ek\u00e9<\/h2>\n<p>Puzdro Magpul DAKA\u00ae s prieh\u013eadn\u00fdm okienkom. Toto ve\u013ek\u00e9, odoln\u00e9 puzdro je ur\u010den\u00e9 na organiz\u00e1ciu v n\u00e1ro\u010dn\u00fdch podmienkach.<\/p>\n<ul>\n<li>Kon\u0161trukcia z text\u00edlie spevnenej polym\u00e9rom so zv\u00e1ran\u00fdmi \u0161vami<\/li>\n<li>Vodeodoln\u00fd zips YKK\u00ae pre spo\u013eahliv\u00fa ochranu<\/li>\n<li>Prieh\u013eadn\u00e9 okienko pre \u013eahk\u00fa identifik\u00e1ciu obsahu<\/li>\n<li>Proti\u0161mykov\u00e1 text\u00fara a spevnen\u00e1 tkanina pre zv\u00fd\u0161en\u00fa odolnos\u0165<\/li>\n<li>Body na pripojenie karab\u00edny pre r\u00f4zne mo\u017enosti nosenia<\/li>\n<li>\u0164ahadlo zipsu z pad\u00e1kovej \u0161n\u00fary 550 s tepelne zmr\u0161tite\u013enou trubi\u010dkou pre lep\u0161\u00ed \u00fachop<\/li>\n<li>Matica bodov pre zna\u010denie farbou<\/li>\n<\/ul>\n<p>Rozmery: 23 cm x 33 cm s d\u013a\u017ekou zipsu 25 cm. Vhodn\u00e9 na ulo\u017eenie n\u00e1strojov, mun\u00edcie alebo elektronick\u00e9ho pr\u00edslu\u0161enstva v n\u00e1ro\u010dn\u00fdch vonkaj\u0161\u00edch podmienkach.<\/p>\n<\/div>\n","protected":false},"excerpt":{"rendered":"<p>Odoln\u00e9, vode odoln\u00e9 puzdro s prieh\u013eadn\u00fdm okienkom pre jednoduch\u00fa organiz\u00e1ciu.<\/p>\n","protected":false},"featured_media":237670,"template":"","meta":{"_acf_changed":false},"product_brand":[11555],"product_cat":[13355,13364],"product_tag":[],"class_list":{"0":"post-284086","1":"product","2":"type-product","3":"status-publish","4":"has-post-thumbnail","6":"product_brand-magpul","7":"product_cat-vrecka","8":"product_cat-vystroj","10":"first","11":"instock","12":"taxable","13":"shipping-taxable","14":"purchasable","15":"product-type-simple"},"acf":[],"_links":{"self":[{"href":"https:\/\/staging.nbg.eu\/sk\/wp-json\/wp\/v2\/product\/284086","targetHints":{"allow":["GET"]}}],"collection":[{"href":"https:\/\/staging.nbg.eu\/sk\/wp-json\/wp\/v2\/product"}],"about":[{"href":"https:\/\/staging.nbg.eu\/sk\/wp-json\/wp\/v2\/types\/product"}],"wp:featuredmedia":[{"embeddable":true,"href":"https:\/\/staging.nbg.eu\/sk\/wp-json\/wp\/v2\/media\/237670"}],"wp:attachment":[{"href":"https:\/\/staging.nbg.eu\/sk\/wp-json\/wp\/v2\/media?parent=284086"}],"wp:term":[{"taxonomy":"product_brand","embeddable":true,"href":"https:\/\/staging.nbg.eu\/sk\/wp-json\/wp\/v2\/product_brand?post=284086"},{"taxonomy":"product_cat","embeddable":true,"href":"https:\/\/staging.nbg.eu\/sk\/wp-json\/wp\/v2\/product_cat?post=284086"},{"taxonomy":"product_tag","embeddable":true,"href":"https:\/\/staging.nbg.eu\/sk\/wp-json\/wp\/v2\/product_tag?post=284086"}],"curies":[{"name":"wp","href":"https:\/\/api.w.org\/{rel}","templated":true}]}}