{"id":283971,"date":"2025-03-05T07:31:40","date_gmt":"2025-03-05T07:31:40","guid":{"rendered":"https:\/\/staging.nbg.eu\/product\/magpul-daka-window-pouch-medium\/"},"modified":"2025-03-25T09:55:51","modified_gmt":"2025-03-25T09:55:51","slug":"magpul-daka-okienkove-puzdro-stredne","status":"publish","type":"product","link":"https:\/\/staging.nbg.eu\/sk\/produkt\/magpul-daka-okienkove-puzdro-stredne\/","title":{"rendered":"Magpul &#8211; DAKA\u00ae okienkov\u00e9 puzdro, stredn\u00e9"},"content":{"rendered":"<h2>Magpul &#8211; DAKA\u00ae Puzdro s okienkom, stredn\u00e9<\/h2>\n<p>Puzdro Magpul DAKA\u00ae s okienkom na ochranu predmetov pred vodou. Toto stredn\u00e9 puzdro m\u00e1 tieto vlastnosti:<\/p>\n<ul>\n<li>Bo\u010dn\u00e9 zipsy s hodnoten\u00edm IPX7 pre \u00fapln\u00fa vodotesnos\u0165<\/li>\n<li>Odoln\u00e9 \u0165ahadl\u00e1 zipsov z 550 paracordu s tepelne zmr\u0161tite\u013enou bu\u017e\u00edrkou<\/li>\n<li>Priesvitn\u00fd panel pre \u013eahk\u00fa identifik\u00e1ciu obsahu<\/li>\n<li>Dva ve\u013ek\u00e9 otvory na karab\u00edny pre r\u00f4zne sp\u00f4soby pripevnenia<\/li>\n<li>Pevn\u00e1 kon\u0161trukcia s RF zv\u00e1ran\u00fdmi spojmi<\/li>\n<li>Materi\u00e1l s pridan\u00fdm polym\u00e9rom pre zv\u00fd\u0161en\u00fa ochranu<\/li>\n<\/ul>\n<p>Rozmery: 17,8 cm x 30,5 cm (vonkaj\u0161ie), 17,1 cm x 29,8 cm (vn\u00fatorn\u00e9)<\/p>\n<p>DAKA\u00ae puzdro s okienkom je vhodn\u00e9 pre outdoorov\u00e9 aktivity, kde hroz\u00ed ponorenie do vody. Je navrhnut\u00e9 na ochranu predmetov v r\u00f4znych prostrediach.<\/p>\n","protected":false},"excerpt":{"rendered":"<p>Vodotesn\u00e9 puzdro s okienkom pre \u013eahk\u00fa identifik\u00e1ciu. Odoln\u00e9, ponorite\u013en\u00e9.<\/p>\n","protected":false},"featured_media":237810,"template":"","meta":{"_acf_changed":false},"product_brand":[11555],"product_cat":[13355,13364],"product_tag":[],"class_list":{"0":"post-283971","1":"product","2":"type-product","3":"status-publish","4":"has-post-thumbnail","6":"product_brand-magpul","7":"product_cat-vrecka","8":"product_cat-vystroj","10":"first","11":"instock","12":"taxable","13":"shipping-taxable","14":"purchasable","15":"product-type-simple"},"acf":[],"_links":{"self":[{"href":"https:\/\/staging.nbg.eu\/sk\/wp-json\/wp\/v2\/product\/283971","targetHints":{"allow":["GET"]}}],"collection":[{"href":"https:\/\/staging.nbg.eu\/sk\/wp-json\/wp\/v2\/product"}],"about":[{"href":"https:\/\/staging.nbg.eu\/sk\/wp-json\/wp\/v2\/types\/product"}],"wp:featuredmedia":[{"embeddable":true,"href":"https:\/\/staging.nbg.eu\/sk\/wp-json\/wp\/v2\/media\/237810"}],"wp:attachment":[{"href":"https:\/\/staging.nbg.eu\/sk\/wp-json\/wp\/v2\/media?parent=283971"}],"wp:term":[{"taxonomy":"product_brand","embeddable":true,"href":"https:\/\/staging.nbg.eu\/sk\/wp-json\/wp\/v2\/product_brand?post=283971"},{"taxonomy":"product_cat","embeddable":true,"href":"https:\/\/staging.nbg.eu\/sk\/wp-json\/wp\/v2\/product_cat?post=283971"},{"taxonomy":"product_tag","embeddable":true,"href":"https:\/\/staging.nbg.eu\/sk\/wp-json\/wp\/v2\/product_tag?post=283971"}],"curies":[{"name":"wp","href":"https:\/\/api.w.org\/{rel}","templated":true}]}}