{"id":283854,"date":"2025-03-06T09:57:41","date_gmt":"2025-03-25T09:36:15","guid":{"rendered":"https:\/\/staging.nbg.eu\/product\/clawgear-ar15-gasblock-0-750\/"},"modified":"2025-03-25T09:38:25","modified_gmt":"2025-03-25T09:38:25","slug":"clawgear-ar15-plynovy-blok-0750","status":"publish","type":"product","link":"https:\/\/staging.nbg.eu\/sk\/produkt\/clawgear-ar15-plynovy-blok-0750\/","title":{"rendered":"Clawgear AR15 plynov\u00fd blok 0.750"},"content":{"rendered":"<h2>Clawgear AR15 Plynov\u00fd blok 0.750<\/h2>\n<p>Clawgear AR15 Plynov\u00fd blok 0.750 pre AR15. Tento n\u00edzky profil m\u00e1 br\u00fasen\u00fd povrch a zmest\u00ed sa pod v\u00e4\u010d\u0161inu vo\u013ene pl\u00e1vaj\u00facich predpa\u017eb\u00ed, zabezpe\u010duj\u00fac presnos\u0165 hlavne.<\/p>\n<h2>Hlavn\u00e9 vlastnosti:<\/h2>\n<ul>\n<li>Jednoliata oce\u013eov\u00e1 kon\u0161trukcia pre dlh\u00fa \u017eivotnos\u0165<\/li>\n<li>Presne opracovan\u00fd na minimaliz\u00e1ciu \u00faniku plynu<\/li>\n<li>Navrhnut\u00fd pre vonkaj\u0161\u00ed priemer hlavne 0.750&#8243; v mieste plynov\u00e9ho portu<\/li>\n<li>Odol\u00e1va hor\u00facim plynom aj v n\u00e1ro\u010dn\u00fdch podmienkach<\/li>\n<\/ul>\n<h2>\u0160pecifik\u00e1cie:<\/h2>\n<ul>\n<li>Rozmery: 2.8 x 2.8 x 2.4 cm<\/li>\n<li>Hmotnos\u0165: 0.05 kg<\/li>\n<\/ul>\n<p>Clawgear AR15 Plynov\u00fd blok 0.750 pre AR15 pre zlep\u0161enie v\u00fdkonu a spo\u013eahlivosti.<\/p>\n","protected":false},"excerpt":{"rendered":"<p>N\u00edzkoprofilov\u00fd plynov\u00fd blok AR15, vhodn\u00fd pre hlavne s priemerom 0,750&#8243;. Odoln\u00e1 oce\u013eov\u00e1 kon\u0161trukcia.<\/p>\n","protected":false},"featured_media":240397,"template":"","meta":{"_acf_changed":false},"product_brand":[11230],"product_cat":[13396,13397,13346],"product_tag":[],"class_list":{"0":"post-283854","1":"product","2":"type-product","3":"status-publish","4":"has-post-thumbnail","6":"product_brand-clawgear","7":"product_cat-plynove-bloky","8":"product_cat-puska","9":"product_cat-rifle-tuning","11":"first","12":"instock","13":"taxable","14":"shipping-taxable","15":"purchasable","16":"product-type-simple"},"acf":[],"_links":{"self":[{"href":"https:\/\/staging.nbg.eu\/sk\/wp-json\/wp\/v2\/product\/283854","targetHints":{"allow":["GET"]}}],"collection":[{"href":"https:\/\/staging.nbg.eu\/sk\/wp-json\/wp\/v2\/product"}],"about":[{"href":"https:\/\/staging.nbg.eu\/sk\/wp-json\/wp\/v2\/types\/product"}],"wp:featuredmedia":[{"embeddable":true,"href":"https:\/\/staging.nbg.eu\/sk\/wp-json\/wp\/v2\/media\/240397"}],"wp:attachment":[{"href":"https:\/\/staging.nbg.eu\/sk\/wp-json\/wp\/v2\/media?parent=283854"}],"wp:term":[{"taxonomy":"product_brand","embeddable":true,"href":"https:\/\/staging.nbg.eu\/sk\/wp-json\/wp\/v2\/product_brand?post=283854"},{"taxonomy":"product_cat","embeddable":true,"href":"https:\/\/staging.nbg.eu\/sk\/wp-json\/wp\/v2\/product_cat?post=283854"},{"taxonomy":"product_tag","embeddable":true,"href":"https:\/\/staging.nbg.eu\/sk\/wp-json\/wp\/v2\/product_tag?post=283854"}],"curies":[{"name":"wp","href":"https:\/\/api.w.org\/{rel}","templated":true}]}}