{"id":283738,"date":"2025-03-06T10:14:28","date_gmt":"2025-03-06T10:14:28","guid":{"rendered":"https:\/\/staging.nbg.eu\/product\/clawgear-snap-cap-12-gauge-2-pack\/"},"modified":"2025-03-25T09:29:06","modified_gmt":"2025-03-25T09:29:06","slug":"clawgear-cvicne-naboje-12-gauge-2-balenie","status":"publish","type":"product","link":"https:\/\/staging.nbg.eu\/sk\/produkt\/clawgear-cvicne-naboje-12-gauge-2-balenie\/","title":{"rendered":"Clawgear cvi\u010dn\u00e9 n\u00e1boje 12 Gauge 2-balenie"},"content":{"rendered":"<h2>Clawgear Snap Cap 12 Gauge 2-balenie<\/h2>\n<p>Snap Cap 12 Gauge 2-balenie od Clawgear je ur\u010den\u00e9 na ochranu \u00fadern\u00edka a mechanizmu zbrane po\u010das such\u00e9ho n\u00e1cviku stre\u013eby, testovania funk\u010dnosti a skladovania.<\/p>\n<h2>Hlavn\u00e9 vlastnosti:<\/h2>\n<ul>\n<li>Balenie 2 kusov<\/li>\n<li>Odoln\u00e1 kon\u0161trukcia pre dlhodob\u00e9 pou\u017eitie<\/li>\n<li>Zabra\u0148uje po\u0161kodeniu \u00fadern\u00edka a mechanizmu<\/li>\n<li>Vhodn\u00e9 pre such\u00fd n\u00e1cvik stre\u013eby a testovanie funk\u010dnosti<\/li>\n<\/ul>\n<h2>Rozmery produktu:<\/h2>\n<ul>\n<li>D\u013a\u017eka: 5,5 cm<\/li>\n<li>\u0160\u00edrka: 2,1 cm<\/li>\n<li>V\u00fd\u0161ka: 2,1 cm<\/li>\n<li>Hmotnos\u0165: 0,106 kg<\/li>\n<\/ul>\n<p>Clawgear Snap Cap 12 Gauge 2-balenie sl\u00fa\u017ei na n\u00e1cvik stre\u013eby a \u00fadr\u017ebu zbrane.<\/p>\n","protected":false},"excerpt":{"rendered":"<p>&#8220;Odoln\u00e9 12 kalibern\u00e9 cvi\u010dn\u00e9 n\u00e1boje, balenie po 2 kusy. Ide\u00e1lne pre bezpe\u010dn\u00e9 cvi\u010denie stre\u013eby nasucho.&#8221;<\/p>\n","protected":false},"featured_media":240955,"template":"","meta":{"_acf_changed":false},"product_brand":[11230],"product_cat":[13372],"product_tag":[],"class_list":{"0":"post-283738","1":"product","2":"type-product","3":"status-publish","4":"has-post-thumbnail","6":"product_brand-clawgear","7":"product_cat-municia","9":"first","10":"instock","11":"taxable","12":"shipping-taxable","13":"purchasable","14":"product-type-simple"},"acf":[],"_links":{"self":[{"href":"https:\/\/staging.nbg.eu\/sk\/wp-json\/wp\/v2\/product\/283738","targetHints":{"allow":["GET"]}}],"collection":[{"href":"https:\/\/staging.nbg.eu\/sk\/wp-json\/wp\/v2\/product"}],"about":[{"href":"https:\/\/staging.nbg.eu\/sk\/wp-json\/wp\/v2\/types\/product"}],"wp:featuredmedia":[{"embeddable":true,"href":"https:\/\/staging.nbg.eu\/sk\/wp-json\/wp\/v2\/media\/240955"}],"wp:attachment":[{"href":"https:\/\/staging.nbg.eu\/sk\/wp-json\/wp\/v2\/media?parent=283738"}],"wp:term":[{"taxonomy":"product_brand","embeddable":true,"href":"https:\/\/staging.nbg.eu\/sk\/wp-json\/wp\/v2\/product_brand?post=283738"},{"taxonomy":"product_cat","embeddable":true,"href":"https:\/\/staging.nbg.eu\/sk\/wp-json\/wp\/v2\/product_cat?post=283738"},{"taxonomy":"product_tag","embeddable":true,"href":"https:\/\/staging.nbg.eu\/sk\/wp-json\/wp\/v2\/product_tag?post=283738"}],"curies":[{"name":"wp","href":"https:\/\/api.w.org\/{rel}","templated":true}]}}