{"id":283366,"date":"2025-03-06T10:27:47","date_gmt":"2025-03-25T08:08:31","guid":{"rendered":"https:\/\/staging.nbg.eu\/product\/ftcs-buttstock-adapter-ar15-for-akm\/"},"modified":"2025-03-25T08:10:36","modified_gmt":"2025-03-25T08:10:36","slug":"ftcs-adapter-pazby-ar15-pre-akm","status":"publish","type":"product","link":"https:\/\/staging.nbg.eu\/sk\/produkt\/ftcs-adapter-pazby-ar15-pre-akm\/","title":{"rendered":"FTCS &#8211; Adapt\u00e9r pa\u017eby AR15 pre AKM"},"content":{"rendered":"<h2>FTCS &#8211; Adapt\u00e9r pa\u017eby AR15 pre AKM<\/h2>\n<p>FTCS Adapt\u00e9r pa\u017eby AR15 umo\u017e\u0148uje namontova\u0165 pa\u017eby AR15 na pu\u0161ku AKM. Je vyroben\u00fd z hlin\u00edka a potiahnut\u00fd vrstvou Cerakote H-146.<\/p>\n<h3>Hlavn\u00e9 vlastnosti:<\/h3>\n<ul>\n<li>Vyroben\u00fd pre rodinu AKM<\/li>\n<li>Kompatibiln\u00fd s pa\u017ebami AR karab\u00edn<\/li>\n<li>MIL-SPEC \u0161tandard<\/li>\n<li>Jednoduch\u00e1 in\u0161tal\u00e1cia &#8211; nevy\u017eaduje dodato\u010dn\u00e9 s\u00fa\u010diastky<\/li>\n<li>Hlin\u00edkov\u00e1 kon\u0161trukcia s Cerakote povrchovou \u00fapravou<\/li>\n<li>Obsahuje vodidlo a z\u00e1ves s upevnen\u00edm<\/li>\n<\/ul>\n<h3>Technick\u00e9 \u0161pecifik\u00e1cie:<\/h3>\n<ul>\n<li>Kompatibilita: AKM<\/li>\n<li>Aplik\u00e1cia: pa\u017eba AR15<\/li>\n<li>Materi\u00e1l: Hlin\u00edk<\/li>\n<li>Povrchov\u00e1 \u00faprava: Cerakote H-146<\/li>\n<li>Rozmery: 202 x 28 x 36 mm<\/li>\n<li>Hmotnos\u0165: 221 g<\/li>\n<\/ul>\n<p>Tento adapt\u00e9r pa\u017eby umo\u017e\u0148uje pou\u017eitie pa\u017eby AR15 na va\u0161ej pu\u0161ke AKM.<\/p>\n","protected":false},"excerpt":{"rendered":"<p>Adapt\u00e9r AR15 pa\u017eby pre AKM. Hlin\u00edkov\u00fd, povrchovo upraven\u00fd Cerakotom, sp\u013a\u0148aj\u00faci vojensk\u00e9 \u0161pecifik\u00e1cie.<\/p>\n","protected":false},"featured_media":241121,"template":"","meta":{"_acf_changed":false},"product_brand":[11321],"product_cat":[13331,13397,13346],"product_tag":[],"class_list":{"0":"post-283366","1":"product","2":"type-product","3":"status-publish","4":"has-post-thumbnail","6":"product_brand-ftcs","7":"product_cat-ak-tuning","8":"product_cat-puska","9":"product_cat-rifle-tuning","11":"first","12":"instock","13":"taxable","14":"shipping-taxable","15":"purchasable","16":"product-type-simple"},"acf":[],"_links":{"self":[{"href":"https:\/\/staging.nbg.eu\/sk\/wp-json\/wp\/v2\/product\/283366","targetHints":{"allow":["GET"]}}],"collection":[{"href":"https:\/\/staging.nbg.eu\/sk\/wp-json\/wp\/v2\/product"}],"about":[{"href":"https:\/\/staging.nbg.eu\/sk\/wp-json\/wp\/v2\/types\/product"}],"wp:featuredmedia":[{"embeddable":true,"href":"https:\/\/staging.nbg.eu\/sk\/wp-json\/wp\/v2\/media\/241121"}],"wp:attachment":[{"href":"https:\/\/staging.nbg.eu\/sk\/wp-json\/wp\/v2\/media?parent=283366"}],"wp:term":[{"taxonomy":"product_brand","embeddable":true,"href":"https:\/\/staging.nbg.eu\/sk\/wp-json\/wp\/v2\/product_brand?post=283366"},{"taxonomy":"product_cat","embeddable":true,"href":"https:\/\/staging.nbg.eu\/sk\/wp-json\/wp\/v2\/product_cat?post=283366"},{"taxonomy":"product_tag","embeddable":true,"href":"https:\/\/staging.nbg.eu\/sk\/wp-json\/wp\/v2\/product_tag?post=283366"}],"curies":[{"name":"wp","href":"https:\/\/api.w.org\/{rel}","templated":true}]}}