{"id":279294,"date":"2025-03-03T19:53:03","date_gmt":"2025-03-21T12:33:54","guid":{"rendered":"https:\/\/staging.nbg.eu\/product\/daa-x-ray-aluminum-pouch\/"},"modified":"2025-03-21T12:36:07","modified_gmt":"2025-03-21T12:36:07","slug":"daa-x-ray-hlinikove-puzdro","status":"publish","type":"product","link":"https:\/\/staging.nbg.eu\/sk\/produkt\/daa-x-ray-hlinikove-puzdro\/","title":{"rendered":"DAA X-Ray hlin\u00edkov\u00e9 puzdro"},"content":{"rendered":"<h2>DAA X-Ray hlin\u00edkov\u00e9 puzdro na z\u00e1sobn\u00edk<\/h2>\n<p>DAA X-Ray hlin\u00edkov\u00e9 puzdro na z\u00e1sobn\u00edk vych\u00e1dza z modelov Xi a XIP a pon\u00faka tieto vlastnosti:<\/p>\n<ul>\n<li>Upraven\u00e1 horn\u00e1 hrana pre jednoduch\u0161ie vkladanie z\u00e1sobn\u00edka<\/li>\n<li>Pridan\u00e1 nastavovacia skrutka proti n\u00e1hodn\u00e9mu odomknutiu<\/li>\n<li>Zv\u00e4\u010d\u0161en\u00fd 13mm gu\u013eov\u00fd k\u013ab pre lep\u0161iu stabilitu<\/li>\n<li>Priesvitn\u00fd dizajn s v\u00fdrezmi na zn\u00ed\u017eenie hmotnosti<\/li>\n<li>Osem mont\u00e1\u017enych bodov pre obojru\u010dn\u00e9 pou\u017eitie<\/li>\n<li>Hlin\u00edkov\u00fd gu\u013eov\u00fd k\u013ab na opasok s nastavite\u013en\u00fdm uhlom<\/li>\n<li>Tri sady di\u0161tan\u010dn\u00fdch podlo\u017eiek pre kompatibilitu s r\u00f4znymi z\u00e1sobn\u00edkmi<\/li>\n<li>Nastavite\u013en\u00e1 v\u00fd\u0161ka oce\u013eov\u00e9ho dorazov\u00e9ho kol\u00edka<\/li>\n<li>Nastavenie nap\u00e4tia bez pou\u017eitia n\u00e1strojov<\/li>\n<\/ul>\n<p>X-Ray hlin\u00edkov\u00e9 puzdro je dostupn\u00e9 v modrej, \u010dervenej, \u010diernej a striebornej eloxovanej povrchovej \u00faprave.<\/p>\n","protected":false},"excerpt":{"rendered":"<p>Hlin\u00edkov\u00e9 puzdro DAA X-Ray: Inovat\u00edvny, \u013eahk\u00fd, prieh\u013eadn\u00fd dizajn pre s\u00fa\u0165a\u017en\u00fdch strelcov.<\/p>\n","protected":false},"featured_media":236030,"template":"","meta":{"_acf_changed":false},"product_brand":[11282],"product_cat":[13340,13355,13364],"product_tag":[],"class_list":{"0":"post-279294","1":"product","2":"type-product","3":"status-publish","4":"has-post-thumbnail","6":"product_brand-doublealpha","7":"product_cat-drziaky-na-zasobniky","8":"product_cat-vrecka","9":"product_cat-vystroj","11":"first","12":"outofstock","13":"taxable","14":"shipping-taxable","15":"purchasable","16":"product-type-variable","17":"wvs-archive-product-wrapper"},"acf":[],"_links":{"self":[{"href":"https:\/\/staging.nbg.eu\/sk\/wp-json\/wp\/v2\/product\/279294","targetHints":{"allow":["GET"]}}],"collection":[{"href":"https:\/\/staging.nbg.eu\/sk\/wp-json\/wp\/v2\/product"}],"about":[{"href":"https:\/\/staging.nbg.eu\/sk\/wp-json\/wp\/v2\/types\/product"}],"wp:featuredmedia":[{"embeddable":true,"href":"https:\/\/staging.nbg.eu\/sk\/wp-json\/wp\/v2\/media\/236030"}],"wp:attachment":[{"href":"https:\/\/staging.nbg.eu\/sk\/wp-json\/wp\/v2\/media?parent=279294"}],"wp:term":[{"taxonomy":"product_brand","embeddable":true,"href":"https:\/\/staging.nbg.eu\/sk\/wp-json\/wp\/v2\/product_brand?post=279294"},{"taxonomy":"product_cat","embeddable":true,"href":"https:\/\/staging.nbg.eu\/sk\/wp-json\/wp\/v2\/product_cat?post=279294"},{"taxonomy":"product_tag","embeddable":true,"href":"https:\/\/staging.nbg.eu\/sk\/wp-json\/wp\/v2\/product_tag?post=279294"}],"curies":[{"name":"wp","href":"https:\/\/api.w.org\/{rel}","templated":true}]}}