{"id":278331,"date":"2025-03-07T17:59:41","date_gmt":"2025-03-21T10:05:16","guid":{"rendered":"https:\/\/staging.nbg.eu\/product\/sellier-bellot-40sw-fmj-11-7g-180gr\/"},"modified":"2025-03-21T10:07:26","modified_gmt":"2025-03-21T10:07:26","slug":"sellier-amp-bellot-40sampw-fmj-117g-180gr","status":"publish","type":"product","link":"https:\/\/staging.nbg.eu\/sk\/produkt\/sellier-amp-bellot-40sampw-fmj-117g-180gr\/","title":{"rendered":"Sellier &amp; Bellot &#8211; 40S&amp;W FMJ &#8211; 11.7g \/ 180gr"},"content":{"rendered":"<p>Mun\u00edcia Sellier &amp; Bellot 40S&amp;W Full Metal Jacket je vhodn\u00e1 na cvi\u010dn\u00fa stre\u013ebu. Ka\u017ed\u00fd n\u00e1boj obsahuje 180-grainov\u00fa FMJ strelu, ktor\u00e1 poskytuje konzistentn\u00fd v\u00fdkon a spo\u013eahliv\u00e9 pod\u00e1vanie vo va\u0161ej .40 S&amp;W pi\u0161toli.<\/p>\n<ul>\n<li>Kaliber: .40 S&amp;W<\/li>\n<li>Hmotnos\u0165 strely: 180 grainov (11,7g)<\/li>\n<li>Typ strely: Full Metal Jacket (FMJ)<\/li>\n<li>\u00das\u0165ov\u00e1 r\u00fdchlos\u0165: 968 FPS<\/li>\n<li>\u00das\u0165ov\u00e1 energia: 400 ft-lbs<\/li>\n<li>N\u00e1bojnica: Mosadzn\u00e1<\/li>\n<\/ul>\n<p>T\u00e1to mun\u00edcia sa dod\u00e1va v krabiciach po 50 n\u00e1bojov, s 20 krabicami v jednom balen\u00ed. Mosadzn\u00e1 n\u00e1bojnica zabezpe\u010duje plynul\u00e9 fungovanie a umo\u017e\u0148uje op\u00e4tovn\u00e9 nabitie. S r\u00fdchlos\u0165ou 940 fps tieto n\u00e1boje poskytuj\u00fa spo\u013eahliv\u00fd v\u00fdkon pre stre\u013ebu na ter\u010d a cvi\u010dn\u00fa stre\u013ebu. Sellier &amp; Bellot pon\u00faka konzistentn\u00fa mun\u00edciu pre va\u0161u .40 S&amp;W zbra\u0148.<\/p>\n","protected":false},"excerpt":{"rendered":"<p>N\u00e1boje 40 S&amp;W 180gr FMJ na rekrea\u010dn\u00fa stre\u013ebu. Mosadzn\u00e9 n\u00e1bojnice, r\u00fdchlos\u0165 968 st\u00f4p za sekundu, 50 n\u00e1bojov v krabici.<\/p>\n","protected":false},"featured_media":248756,"template":"","meta":{"_acf_changed":false},"product_brand":[],"product_cat":[13372,13342],"product_tag":[],"class_list":{"0":"post-278331","1":"product","2":"type-product","3":"status-publish","4":"has-post-thumbnail","6":"product_cat-municia","7":"product_cat-municia-do-pistole","9":"first","10":"instock","11":"taxable","12":"shipping-taxable","13":"purchasable","14":"product-type-simple"},"acf":[],"_links":{"self":[{"href":"https:\/\/staging.nbg.eu\/sk\/wp-json\/wp\/v2\/product\/278331","targetHints":{"allow":["GET"]}}],"collection":[{"href":"https:\/\/staging.nbg.eu\/sk\/wp-json\/wp\/v2\/product"}],"about":[{"href":"https:\/\/staging.nbg.eu\/sk\/wp-json\/wp\/v2\/types\/product"}],"wp:featuredmedia":[{"embeddable":true,"href":"https:\/\/staging.nbg.eu\/sk\/wp-json\/wp\/v2\/media\/248756"}],"wp:attachment":[{"href":"https:\/\/staging.nbg.eu\/sk\/wp-json\/wp\/v2\/media?parent=278331"}],"wp:term":[{"taxonomy":"product_brand","embeddable":true,"href":"https:\/\/staging.nbg.eu\/sk\/wp-json\/wp\/v2\/product_brand?post=278331"},{"taxonomy":"product_cat","embeddable":true,"href":"https:\/\/staging.nbg.eu\/sk\/wp-json\/wp\/v2\/product_cat?post=278331"},{"taxonomy":"product_tag","embeddable":true,"href":"https:\/\/staging.nbg.eu\/sk\/wp-json\/wp\/v2\/product_tag?post=278331"}],"curies":[{"name":"wp","href":"https:\/\/api.w.org\/{rel}","templated":true}]}}