{"id":278065,"date":"2025-03-07T09:56:26","date_gmt":"2025-03-21T07:58:00","guid":{"rendered":"https:\/\/staging.nbg.eu\/product\/hornady-6mm-arc-103-gr-eld%e2%80%91x-precision-hunter\/"},"modified":"2025-03-21T08:00:11","modified_gmt":"2025-03-21T08:00:11","slug":"hornady-6mm-arc-103-gr-eldx-precision-hunter","status":"publish","type":"product","link":"https:\/\/staging.nbg.eu\/sk\/produkt\/hornady-6mm-arc-103-gr-eldx-precision-hunter\/","title":{"rendered":"Hornady &#8211; 6mm ARC 103 gr ELD\u2011X\u00ae Precision Hunter\u00ae"},"content":{"rendered":"<div class=\"product-description\">\n<h2>Hornady 6mm ARC 103 gr ELD\u2011X\u00ae Precision Hunter\u00ae<\/h2>\n<p>6mm ARC je navrhnut\u00fd pre strelcov. Tento n\u00e1boj poskytuje:<\/p>\n<ul>\n<li>Presnos\u0165 a v\u00fdkon na dlh\u00e9 vzdialenosti<\/li>\n<li>Vhodn\u00fd pre lov, streleck\u00e9 s\u00fa\u0165a\u017ee a osobn\u00fa ochranu<\/li>\n<li>Optimalizovan\u00fd pre platformy AR-15 a kr\u00e1tke opakovacie pu\u0161ky<\/li>\n<li>Vysok\u00fd balistick\u00fd koeficient pre termin\u00e1lny v\u00fdkon<\/li>\n<li>Vyv\u00e1\u017een\u00fd dizajn n\u00e1boja, komory a streln\u00e9ho prachu<\/li>\n<li>Dlh\u00e1 \u017eivotnos\u0165 hlavne<\/li>\n<\/ul>\n<p>6mm ARC je vhodn\u00fd pre r\u00f4zne aplik\u00e1cie od osobnej obrany po lov na dlh\u00e9 vzdialenosti. Je kompatibiln\u00fd s r\u00f4znymi v\u00fdrobcami zbran\u00ed, vr\u00e1tane Barrett, Mossberg a Wilson Combat.<\/p>\n<\/div>\n","protected":false},"excerpt":{"rendered":"<p>V\u0161estrann\u00fd 6mm ARC pre AR-15: \u00da\u010dinn\u00e9 strely s vysok\u00fdm balistick\u00fdm koeficientom pre prec\u00edzny lov.<\/p>\n","protected":false},"featured_media":246036,"template":"","meta":{"_acf_changed":false},"product_brand":[11464],"product_cat":[13372,13409],"product_tag":[],"class_list":{"0":"post-278065","1":"product","2":"type-product","3":"status-publish","4":"has-post-thumbnail","6":"product_brand-hornady","7":"product_cat-municia","8":"product_cat-strelivo-do-pusiek","10":"first","11":"instock","12":"taxable","13":"shipping-taxable","14":"purchasable","15":"product-type-simple"},"acf":[],"_links":{"self":[{"href":"https:\/\/staging.nbg.eu\/sk\/wp-json\/wp\/v2\/product\/278065","targetHints":{"allow":["GET"]}}],"collection":[{"href":"https:\/\/staging.nbg.eu\/sk\/wp-json\/wp\/v2\/product"}],"about":[{"href":"https:\/\/staging.nbg.eu\/sk\/wp-json\/wp\/v2\/types\/product"}],"wp:featuredmedia":[{"embeddable":true,"href":"https:\/\/staging.nbg.eu\/sk\/wp-json\/wp\/v2\/media\/246036"}],"wp:attachment":[{"href":"https:\/\/staging.nbg.eu\/sk\/wp-json\/wp\/v2\/media?parent=278065"}],"wp:term":[{"taxonomy":"product_brand","embeddable":true,"href":"https:\/\/staging.nbg.eu\/sk\/wp-json\/wp\/v2\/product_brand?post=278065"},{"taxonomy":"product_cat","embeddable":true,"href":"https:\/\/staging.nbg.eu\/sk\/wp-json\/wp\/v2\/product_cat?post=278065"},{"taxonomy":"product_tag","embeddable":true,"href":"https:\/\/staging.nbg.eu\/sk\/wp-json\/wp\/v2\/product_tag?post=278065"}],"curies":[{"name":"wp","href":"https:\/\/api.w.org\/{rel}","templated":true}]}}