{"id":277707,"date":"2025-03-07T07:46:42","date_gmt":"2025-03-07T07:46:42","guid":{"rendered":"https:\/\/staging.nbg.eu\/product\/gun-oil-go-juice-4-oz\/"},"modified":"2025-03-21T07:16:40","modified_gmt":"2025-03-21T07:16:40","slug":"gun-oil-go-juice-4oz","status":"publish","type":"product","link":"https:\/\/staging.nbg.eu\/sk\/produkt\/gun-oil-go-juice-4oz\/","title":{"rendered":"Gun Oil Go Juice 4.oz"},"content":{"rendered":"<div class=\"product-description\">\n<h2>ALG Go-Juice\u00ae (GJ\u00ae) 120 ml f\u013ea\u0161a<\/h2>\n<p>ALG Go-Juice\u00ae je biosyntetick\u00e9 mazivo ur\u010den\u00e9 pre syst\u00e9my mazania s \u00faplnou stratou. Hlavn\u00e9 vlastnosti zah\u0155\u0148aj\u00fa:<\/p>\n<ul>\n<li>5-kr\u00e1t klzkej\u0161ie ako vojensk\u00e9 CLP<\/li>\n<li>Odolnos\u0165 vo\u010di kor\u00f3zii<\/li>\n<li>Dlhodob\u00e1 stabilita<\/li>\n<li>Netoxick\u00e9, vhodn\u00e9 pre kontakt s poko\u017ekou<\/li>\n<li>Vhodn\u00e9 pre automatick\u00e9 zbrane a zbrane na skryt\u00e9 nosenie<\/li>\n<\/ul>\n<p>Vyr\u00e1ba sa z geneticky modifikovan\u00fdch olejnat\u00fdch semien. Go-Juice\u00ae vykazuje dobr\u00e9 v\u00fdsledky v testoch ur\u00fdchlen\u00e9ho starnutia a so\u013enej hmly. Toto mazivo, ktor\u00e9 nie je na b\u00e1ze ropy, udr\u017eiava zbra\u0148 funk\u010dn\u00fa v n\u00e1ro\u010dn\u00fdch podmienkach.<\/p>\n<\/div>\n","protected":false},"excerpt":{"rendered":"<p>\u201eUltra-hladk\u00e9, netoxick\u00e9 biosyntetick\u00e9 mazivo na zbrane pre maxim\u00e1lny v\u00fdkon.&#8220;<\/p>\n","protected":false},"featured_media":245943,"template":"","meta":{"_acf_changed":false},"product_brand":[11391],"product_cat":[13378,13366],"product_tag":[],"class_list":{"0":"post-277707","1":"product","2":"type-product","3":"status-publish","4":"has-post-thumbnail","6":"product_brand-geissele","7":"product_cat-cistenie-zbrani","8":"product_cat-maziva","10":"first","11":"instock","12":"taxable","13":"shipping-taxable","14":"purchasable","15":"product-type-simple"},"acf":[],"_links":{"self":[{"href":"https:\/\/staging.nbg.eu\/sk\/wp-json\/wp\/v2\/product\/277707","targetHints":{"allow":["GET"]}}],"collection":[{"href":"https:\/\/staging.nbg.eu\/sk\/wp-json\/wp\/v2\/product"}],"about":[{"href":"https:\/\/staging.nbg.eu\/sk\/wp-json\/wp\/v2\/types\/product"}],"wp:featuredmedia":[{"embeddable":true,"href":"https:\/\/staging.nbg.eu\/sk\/wp-json\/wp\/v2\/media\/245943"}],"wp:attachment":[{"href":"https:\/\/staging.nbg.eu\/sk\/wp-json\/wp\/v2\/media?parent=277707"}],"wp:term":[{"taxonomy":"product_brand","embeddable":true,"href":"https:\/\/staging.nbg.eu\/sk\/wp-json\/wp\/v2\/product_brand?post=277707"},{"taxonomy":"product_cat","embeddable":true,"href":"https:\/\/staging.nbg.eu\/sk\/wp-json\/wp\/v2\/product_cat?post=277707"},{"taxonomy":"product_tag","embeddable":true,"href":"https:\/\/staging.nbg.eu\/sk\/wp-json\/wp\/v2\/product_tag?post=277707"}],"curies":[{"name":"wp","href":"https:\/\/api.w.org\/{rel}","templated":true}]}}