{"id":276619,"date":"2025-03-03T19:46:03","date_gmt":"2025-03-03T19:46:03","guid":{"rendered":"https:\/\/staging.nbg.eu\/product\/daa-alpha-xip\/"},"modified":"2025-03-20T14:13:55","modified_gmt":"2025-03-20T14:13:55","slug":"daa-alpha-xip","status":"publish","type":"product","link":"https:\/\/staging.nbg.eu\/sk\/produkt\/daa-alpha-xip\/","title":{"rendered":"DAA Alpha-XiP"},"content":{"rendered":"<h2>Magnetick\u00e1 s\u00faprava DAA Alpha-XiP<\/h2>\n<p>Vylep\u0161ite svoje puzdro DAA Racer alebo Alpha XiP touto magnetickou s\u00fapravou. Pripevnite magnet k puzdru pre r\u00fdchle a bezpe\u010dn\u00e9 upevnenie.<\/p>\n<h3>Obsah s\u00fapravy:<\/h3>\n<ul>\n<li>Ve\u013ek\u00fd magnet DAA<\/li>\n<li>Skrutka M5 10mm z nehrdzavej\u00facej ocele<\/li>\n<li>Mosadzn\u00e1 tepeln\u00e1 vlo\u017eka M5 matice (6mm dlh\u00e1)<\/li>\n<\/ul>\n<h3>Potrebn\u00e9 n\u00e1stroje:<\/h3>\n<ul>\n<li>V\u0155ta\u010dka s 6,3-6,5mm vrt\u00e1kom<\/li>\n<li>Sp\u00e1jkova\u010dka<\/li>\n<li>Piln\u00edk a br\u00fasny papier<\/li>\n<\/ul>\n<p>Postupujte pod\u013ea na\u0161ich pokynov na mont\u00e1\u017e. Vyv\u0155tajte otvor, vlo\u017ete tepeln\u00fa maticu a pripevnite magnet. Touto s\u00fapravou vylep\u0161\u00edte funk\u010dnos\u0165 svojho puzdra.<\/p>\n<p><strong>Pozn\u00e1mka:<\/strong> Mont\u00e1\u017e vy\u017eaduje opatrn\u00e9 zaobch\u00e1dzanie. Po\u010das in\u0161tal\u00e1cie dbajte na bezpe\u010dnos\u0165.<\/p>\n","protected":false},"excerpt":{"rendered":"<p>DAA Alpha-XiP: Prisp\u00f4sobite\u013en\u00e1 s\u00faprava magnetick\u00e9ho puzdrov\u00e9ho pr\u00edslu\u0161enstva<\/p>\n","protected":false},"featured_media":235865,"template":"","meta":{"_acf_changed":false},"product_brand":[11282],"product_cat":[13355,13364],"product_tag":[],"class_list":{"0":"post-276619","1":"product","2":"type-product","3":"status-publish","4":"has-post-thumbnail","6":"product_brand-doublealpha","7":"product_cat-vrecka","8":"product_cat-vystroj","10":"first","11":"instock","12":"taxable","13":"shipping-taxable","14":"purchasable","15":"product-type-simple"},"acf":[],"_links":{"self":[{"href":"https:\/\/staging.nbg.eu\/sk\/wp-json\/wp\/v2\/product\/276619","targetHints":{"allow":["GET"]}}],"collection":[{"href":"https:\/\/staging.nbg.eu\/sk\/wp-json\/wp\/v2\/product"}],"about":[{"href":"https:\/\/staging.nbg.eu\/sk\/wp-json\/wp\/v2\/types\/product"}],"wp:featuredmedia":[{"embeddable":true,"href":"https:\/\/staging.nbg.eu\/sk\/wp-json\/wp\/v2\/media\/235865"}],"wp:attachment":[{"href":"https:\/\/staging.nbg.eu\/sk\/wp-json\/wp\/v2\/media?parent=276619"}],"wp:term":[{"taxonomy":"product_brand","embeddable":true,"href":"https:\/\/staging.nbg.eu\/sk\/wp-json\/wp\/v2\/product_brand?post=276619"},{"taxonomy":"product_cat","embeddable":true,"href":"https:\/\/staging.nbg.eu\/sk\/wp-json\/wp\/v2\/product_cat?post=276619"},{"taxonomy":"product_tag","embeddable":true,"href":"https:\/\/staging.nbg.eu\/sk\/wp-json\/wp\/v2\/product_tag?post=276619"}],"curies":[{"name":"wp","href":"https:\/\/api.w.org\/{rel}","templated":true}]}}