{"id":276111,"date":"2025-03-02T17:08:39","date_gmt":"2025-03-02T17:08:39","guid":{"rendered":"https:\/\/staging.nbg.eu\/product\/bore-tech-decimator-suppressor-cleaner\/"},"modified":"2025-03-20T13:32:17","modified_gmt":"2025-03-20T13:32:17","slug":"bore-tech-decimator-cistic-tlmicov","status":"publish","type":"product","link":"https:\/\/staging.nbg.eu\/sk\/produkt\/bore-tech-decimator-cistic-tlmicov\/","title":{"rendered":"Bore Tech Decimator \u010disti\u010d tlmi\u010dov"},"content":{"rendered":"<div class=\"product-description\">\n<h2>Bore Tech Decimator \u010disti\u010d tlmi\u010dov<\/h2>\n<p>Bore Tech Decimator \u010disti\u010d tlmi\u010dov je dvojzlo\u017ekov\u00fd pr\u00edpravok ur\u010den\u00fd na \u010distenie siln\u00e9ho zne\u010distenia v tlmi\u010doch pre malokalibrov\u00e9 aj ve\u013ekokalibrov\u00e9 zbrane.<\/p>\n<ul>\n<li>Bezpe\u010dn\u00fd pre tlmi\u010de<\/li>\n<li>Nie je nebezpe\u010dn\u00fd a neobsahuje amoniak<\/li>\n<li>Bez z\u00e1pachu a biologicky odb\u00farate\u013en\u00fd<\/li>\n<li>Vhodn\u00fd pre hlin\u00edk, nehrdzavej\u00facu oce\u013e, tit\u00e1n a r\u00f4zne zliatiny<\/li>\n<\/ul>\n<p>Zlo\u017eka A je ur\u010den\u00e1 na odstra\u0148ovanie uhl\u00edka a olova, zlo\u017eka B na odstra\u0148ovanie medi. Pri pou\u017eit\u00ed so syst\u00e9mom Decimator Suppressor Cleaning System je vhodn\u00fd na \u00fadr\u017ebu tlmi\u010dov, \u00fas\u0165ov\u00fdch b\u0155zd, r\u00fdchloup\u00ednac\u00edch mont\u00e1\u017e\u00ed a tlmi\u010dov v\u00fd\u0161\u013eahu.<\/p>\n<p>Bore Tech Decimator \u010disti\u010d tlmi\u010dov pom\u00e1ha udr\u017eiava\u0165 tlmi\u010de v dobrom stave.<\/p>\n<\/div>\n","protected":false},"excerpt":{"rendered":"<p>\u00da\u010dinn\u00fd a bezpe\u010dn\u00fd \u010disti\u010d tlmi\u010dov na odstr\u00e1nenie extr\u00e9mneho zne\u010distenia.<\/p>\n","protected":false},"featured_media":235257,"template":"","meta":{"_acf_changed":false},"product_brand":[],"product_cat":[13378,13413],"product_tag":[],"class_list":{"0":"post-276111","1":"product","2":"type-product","3":"status-publish","4":"has-post-thumbnail","6":"product_cat-cistenie-zbrani","7":"product_cat-nezaradene","9":"first","10":"instock","11":"taxable","12":"shipping-taxable","13":"purchasable","14":"product-type-simple"},"acf":[],"_links":{"self":[{"href":"https:\/\/staging.nbg.eu\/sk\/wp-json\/wp\/v2\/product\/276111","targetHints":{"allow":["GET"]}}],"collection":[{"href":"https:\/\/staging.nbg.eu\/sk\/wp-json\/wp\/v2\/product"}],"about":[{"href":"https:\/\/staging.nbg.eu\/sk\/wp-json\/wp\/v2\/types\/product"}],"wp:featuredmedia":[{"embeddable":true,"href":"https:\/\/staging.nbg.eu\/sk\/wp-json\/wp\/v2\/media\/235257"}],"wp:attachment":[{"href":"https:\/\/staging.nbg.eu\/sk\/wp-json\/wp\/v2\/media?parent=276111"}],"wp:term":[{"taxonomy":"product_brand","embeddable":true,"href":"https:\/\/staging.nbg.eu\/sk\/wp-json\/wp\/v2\/product_brand?post=276111"},{"taxonomy":"product_cat","embeddable":true,"href":"https:\/\/staging.nbg.eu\/sk\/wp-json\/wp\/v2\/product_cat?post=276111"},{"taxonomy":"product_tag","embeddable":true,"href":"https:\/\/staging.nbg.eu\/sk\/wp-json\/wp\/v2\/product_tag?post=276111"}],"curies":[{"name":"wp","href":"https:\/\/api.w.org\/{rel}","templated":true}]}}