{"id":275561,"date":"2025-03-07T11:08:39","date_gmt":"2025-03-20T12:27:02","guid":{"rendered":"https:\/\/staging.nbg.eu\/product\/ipsc-targets-mini-100pcs\/"},"modified":"2025-03-20T12:29:04","modified_gmt":"2025-03-20T12:29:04","slug":"ipsc-terce-mini-100ks","status":"publish","type":"product","link":"https:\/\/staging.nbg.eu\/sk\/produkt\/ipsc-terce-mini-100ks\/","title":{"rendered":"IPSC Ter\u010de mini 100ks"},"content":{"rendered":"<div class=\"product-description\">\n<h2>Kart\u00f3nov\u00e9 IPSC mini ter\u010de &#8211; balenie 100 kusov<\/h2>\n<p>Ter\u010de leg\u00e1lne pre IPSC s\u00fa\u0165a\u017ee, vhodn\u00e9 pre s\u00fa\u0165a\u017ee aj tr\u00e9ning. Ka\u017ed\u00e9 balenie obsahuje 100 mini ter\u010dov, vyroben\u00fdch pod\u013ea \u0161tandardov IPSC s\u00fa\u0165a\u017e\u00ed.<\/p>\n<ul>\n<li>Kart\u00f3nov\u00e1 kon\u0161trukcia<\/li>\n<li>Perforovan\u00e9 z\u00f3ny A, C a D pre presn\u00e9 bodovanie<\/li>\n<li>Dvojfarebn\u00fd dizajn: B\u00e9\u017eov\u00e1 predn\u00e1 strana, biela zadn\u00e1 strana<\/li>\n<li>Biela strana sl\u00fa\u017ei ako penaliza\u010dn\u00fd ter\u010d<\/li>\n<li>Vidite\u013en\u00e9 bodovacie \u010diary na oboch stran\u00e1ch<\/li>\n<\/ul>\n<p>Ter\u010de pre zlep\u0161enie presnosti a r\u00fdchlosti stre\u013eby. Vhodn\u00e9 pre tr\u00e9ning na strelnici, s\u00fa\u0165a\u017ee alebo taktick\u00e9 tr\u00e9ningov\u00e9 scen\u00e1re.<\/p>\n<\/div>\n","protected":false},"excerpt":{"rendered":"<p>IPSC Mini ter\u010de: 100 perforovan\u00fdch kart\u00f3nov\u00fdch ter\u010dov na tr\u00e9ning a s\u00fa\u0165a\u017ee.<\/p>\n","protected":false},"featured_media":246710,"template":"","meta":{"_acf_changed":false},"product_brand":[],"product_cat":[13370,13395],"product_tag":[],"class_list":{"0":"post-275561","1":"product","2":"type-product","3":"status-publish","4":"has-post-thumbnail","6":"product_cat-papierove-terce","7":"product_cat-terce","9":"first","10":"instock","11":"taxable","12":"shipping-taxable","13":"purchasable","14":"product-type-simple"},"acf":[],"_links":{"self":[{"href":"https:\/\/staging.nbg.eu\/sk\/wp-json\/wp\/v2\/product\/275561","targetHints":{"allow":["GET"]}}],"collection":[{"href":"https:\/\/staging.nbg.eu\/sk\/wp-json\/wp\/v2\/product"}],"about":[{"href":"https:\/\/staging.nbg.eu\/sk\/wp-json\/wp\/v2\/types\/product"}],"wp:featuredmedia":[{"embeddable":true,"href":"https:\/\/staging.nbg.eu\/sk\/wp-json\/wp\/v2\/media\/246710"}],"wp:attachment":[{"href":"https:\/\/staging.nbg.eu\/sk\/wp-json\/wp\/v2\/media?parent=275561"}],"wp:term":[{"taxonomy":"product_brand","embeddable":true,"href":"https:\/\/staging.nbg.eu\/sk\/wp-json\/wp\/v2\/product_brand?post=275561"},{"taxonomy":"product_cat","embeddable":true,"href":"https:\/\/staging.nbg.eu\/sk\/wp-json\/wp\/v2\/product_cat?post=275561"},{"taxonomy":"product_tag","embeddable":true,"href":"https:\/\/staging.nbg.eu\/sk\/wp-json\/wp\/v2\/product_tag?post=275561"}],"curies":[{"name":"wp","href":"https:\/\/api.w.org\/{rel}","templated":true}]}}