{"id":274822,"date":"2025-03-03T19:50:37","date_gmt":"2025-03-03T19:50:37","guid":{"rendered":"https:\/\/staging.nbg.eu\/product\/daa-dry-fire-target-set-metric-uspsa\/"},"modified":"2025-03-20T10:18:36","modified_gmt":"2025-03-20T10:18:36","slug":"daa-suchy-trening-tercova-sada-metric-uspsa","status":"publish","type":"product","link":"https:\/\/staging.nbg.eu\/sk\/produkt\/daa-suchy-trening-tercova-sada-metric-uspsa\/","title":{"rendered":"DAA Such\u00fd tr\u00e9ning ter\u010dov\u00e1 sada (Metric &#8211; USPSA)"},"content":{"rendered":"<div class=\"product-description\">\n<h2>DAA Sada ter\u010dov na such\u00fd n\u00e1cvik stre\u013eby (Metrick\u00e9 &#8211; USPSA)<\/h2>\n<p>Sada obsahuje 17 zmen\u0161en\u00fdch metrick\u00fdch ter\u010dov USPSA, vhodn\u00fdch na vn\u00fatorn\u00fd n\u00e1cvik.<\/p>\n<ul>\n<li>Vyrezan\u00e9 laserom z 3mm dreven\u00fdch platn\u00ed<\/li>\n<li>Simuluje ter\u010de vo vzdialenosti 15, 20 a 30 metrov pri umiestnen\u00ed 2,5-3 metre od strelca<\/li>\n<li>Tri ve\u013ekosti: 32% (24cm), 20% (15cm) a 12% (9cm) plnej ve\u013ekosti ter\u010dov<\/li>\n<li>Obsahuje \u010diasto\u010dn\u00e9 ter\u010de pre r\u00f4zne tr\u00e9ningov\u00e9 scen\u00e1re<\/li>\n<li>Otvory na zavesenie pre jednoduch\u00e9 nastavenie<\/li>\n<\/ul>\n<p>T\u00e1to sada ter\u010dov umo\u017e\u0148uje n\u00e1cvik suchej stre\u013eby s realistick\u00fdm obrazom mieridiel a zlep\u0161uje kontrolu sp\u00fa\u0161te. Umo\u017e\u0148uje tr\u00e9ning v dom\u00e1com prostred\u00ed.<\/p>\n<\/div>\n","protected":false},"excerpt":{"rendered":"<p>Realistick\u00e9, zmen\u0161en\u00e9 USPSA ter\u010de pre efekt\u00edvny such\u00fd n\u00e1cvik stre\u013eby v dom\u00e1com prostred\u00ed.<\/p>\n","protected":false},"featured_media":235982,"template":"","meta":{"_acf_changed":false},"product_brand":[11282],"product_cat":[13370,13395],"product_tag":[],"class_list":{"0":"post-274822","1":"product","2":"type-product","3":"status-publish","4":"has-post-thumbnail","6":"product_brand-doublealpha","7":"product_cat-papierove-terce","8":"product_cat-terce","10":"first","11":"outofstock","12":"taxable","13":"shipping-taxable","14":"purchasable","15":"product-type-simple"},"acf":[],"_links":{"self":[{"href":"https:\/\/staging.nbg.eu\/sk\/wp-json\/wp\/v2\/product\/274822","targetHints":{"allow":["GET"]}}],"collection":[{"href":"https:\/\/staging.nbg.eu\/sk\/wp-json\/wp\/v2\/product"}],"about":[{"href":"https:\/\/staging.nbg.eu\/sk\/wp-json\/wp\/v2\/types\/product"}],"wp:featuredmedia":[{"embeddable":true,"href":"https:\/\/staging.nbg.eu\/sk\/wp-json\/wp\/v2\/media\/235982"}],"wp:attachment":[{"href":"https:\/\/staging.nbg.eu\/sk\/wp-json\/wp\/v2\/media?parent=274822"}],"wp:term":[{"taxonomy":"product_brand","embeddable":true,"href":"https:\/\/staging.nbg.eu\/sk\/wp-json\/wp\/v2\/product_brand?post=274822"},{"taxonomy":"product_cat","embeddable":true,"href":"https:\/\/staging.nbg.eu\/sk\/wp-json\/wp\/v2\/product_cat?post=274822"},{"taxonomy":"product_tag","embeddable":true,"href":"https:\/\/staging.nbg.eu\/sk\/wp-json\/wp\/v2\/product_tag?post=274822"}],"curies":[{"name":"wp","href":"https:\/\/api.w.org\/{rel}","templated":true}]}}