{"id":274685,"date":"2025-03-06T20:28:07","date_gmt":"2025-03-20T10:01:35","guid":{"rendered":"https:\/\/staging.nbg.eu\/product\/3m-peltor-protac-iii-slim-headset\/"},"modified":"2025-03-20T10:03:53","modified_gmt":"2025-03-20T10:03:53","slug":"3m-peltor-protac-iii-slim-sluchadla","status":"publish","type":"product","link":"https:\/\/staging.nbg.eu\/sk\/produkt\/3m-peltor-protac-iii-slim-sluchadla\/","title":{"rendered":"3M PELTOR ProTac III Slim sl\u00fachadl\u00e1"},"content":{"rendered":"<div class=\"product-description\">\n<h2>3M\u2122 PELTOR\u2122 ProTac III Slim sl\u00fachadl\u00e1<\/h2>\n<p>ProTac III Slim sl\u00fachadl\u00e1. Tieto sl\u00fachadl\u00e1 pon\u00fakaj\u00fa:<\/p>\n<ul>\n<li>23dB hodnotenie redukcie hluku (NRR)<\/li>\n<li>Environment\u00e1lne mikrof\u00f3ny pre ochranu sluchu z\u00e1visl\u00fa od \u00farovne hluku<\/li>\n<li>Schopnos\u0165 po\u010d\u00favania okolia<\/li>\n<li>Technol\u00f3gia obmedzenia zvuku, ktor\u00e1 obmedzuje hlasitos\u0165 reproduktorov na 82 dBA<\/li>\n<li>3,5mm vstup pre extern\u00e9 zariadenia (mobiln\u00e9 telef\u00f3ny, vysiela\u010dky, iPody)<\/li>\n<\/ul>\n<p>Vlastnosti zah\u0155\u0148aj\u00fa:<\/p>\n<ul>\n<li>\u010cierny dizajn<\/li>\n<li>Hlavov\u00fd most<\/li>\n<li>K\u00e1blov\u00e9 pripojenie<\/li>\n<\/ul>\n<p>Vhodn\u00e9 pre profesion\u00e1lov, ktor\u00ed potrebuj\u00fa komunika\u010dn\u00e9 schopnosti bez kompromisov v ochrane sluchu.<\/p>\n<\/div>\n","protected":false},"excerpt":{"rendered":"<p>Inteligentn\u00e1 ochrana sluchu s funkciou ambientn\u00e9ho po\u010d\u00favania a pripojen\u00edm k zariadeniam.<\/p>\n","protected":false},"featured_media":245687,"template":"","meta":{"_acf_changed":false},"product_brand":[11025],"product_cat":[13359,13364],"product_tag":[],"class_list":{"0":"post-274685","1":"product","2":"type-product","3":"status-publish","4":"has-post-thumbnail","6":"product_brand-3m","7":"product_cat-ochrana-sluchu","8":"product_cat-vystroj","10":"first","11":"instock","12":"taxable","13":"shipping-taxable","14":"purchasable","15":"product-type-simple"},"acf":[],"_links":{"self":[{"href":"https:\/\/staging.nbg.eu\/sk\/wp-json\/wp\/v2\/product\/274685","targetHints":{"allow":["GET"]}}],"collection":[{"href":"https:\/\/staging.nbg.eu\/sk\/wp-json\/wp\/v2\/product"}],"about":[{"href":"https:\/\/staging.nbg.eu\/sk\/wp-json\/wp\/v2\/types\/product"}],"wp:featuredmedia":[{"embeddable":true,"href":"https:\/\/staging.nbg.eu\/sk\/wp-json\/wp\/v2\/media\/245687"}],"wp:attachment":[{"href":"https:\/\/staging.nbg.eu\/sk\/wp-json\/wp\/v2\/media?parent=274685"}],"wp:term":[{"taxonomy":"product_brand","embeddable":true,"href":"https:\/\/staging.nbg.eu\/sk\/wp-json\/wp\/v2\/product_brand?post=274685"},{"taxonomy":"product_cat","embeddable":true,"href":"https:\/\/staging.nbg.eu\/sk\/wp-json\/wp\/v2\/product_cat?post=274685"},{"taxonomy":"product_tag","embeddable":true,"href":"https:\/\/staging.nbg.eu\/sk\/wp-json\/wp\/v2\/product_tag?post=274685"}],"curies":[{"name":"wp","href":"https:\/\/api.w.org\/{rel}","templated":true}]}}