{"id":274551,"date":"2025-03-03T19:48:45","date_gmt":"2025-03-03T19:48:45","guid":{"rendered":"https:\/\/staging.nbg.eu\/product\/daa-dry-fire-target-set-classic-ipsc\/"},"modified":"2025-03-20T09:17:55","modified_gmt":"2025-03-20T09:17:55","slug":"daa-suchy-trening-tercova-sada-classic-ipsc","status":"publish","type":"product","link":"https:\/\/staging.nbg.eu\/sk\/produkt\/daa-suchy-trening-tercova-sada-classic-ipsc\/","title":{"rendered":"DAA Such\u00fd tr\u00e9ning ter\u010dov\u00e1 sada (Classic-IPSC)"},"content":{"rendered":"<h2>DAA Sada ter\u010dov na such\u00fd n\u00e1cvik (Classic-IPSC)<\/h2>\n<p>Sada ter\u010dov na such\u00fd n\u00e1cvik obsahuje 20 zmen\u0161en\u00fdch IPSC Classic ter\u010dov. Vhodn\u00e9 na vn\u00fatorn\u00fd n\u00e1cvik, tieto dreven\u00e9 ter\u010de simuluj\u00fa realistick\u00e9 vzdialenosti a obrazy mieridiel.<\/p>\n<ul>\n<li>3mm hrub\u00e9 dreven\u00e9 dosky pre autentick\u00fa farbu<\/li>\n<li>Ve\u013ekosti: 32% (18,5cm), 20% (11,5cm) a 12% (6,8cm) plnej ve\u013ekosti ter\u010dov<\/li>\n<li>Obsahuje 3 mal\u00e9 popper ter\u010de a \u010diasto\u010dn\u00e9 ter\u010de<\/li>\n<li>Otvory na zavesenie pre jednoduch\u00e9 nastavenie<\/li>\n<\/ul>\n<p>Zlep\u0161ite techniku stre\u013eby bez n\u00e1kladov na mun\u00edciu alebo \u010das na strelnici. Tr\u00e9nujte s vlastn\u00fdm vybaven\u00edm a rozv\u00edjajte podvedom\u00e9 zru\u010dnosti. Umiestnite ter\u010de 2,5-3 metre od seba na simul\u00e1ciu vzdialenost\u00ed 15, 20 a 30 metrov. Zdokona\u013ete obraz mieridiel a kontrolu sp\u00fa\u0161te doma.<\/p>\n<p>Zlep\u0161ite svoj such\u00fd n\u00e1cvik so sadou ter\u010dov DAA na such\u00fd n\u00e1cvik.<\/p>\n","protected":false},"excerpt":{"rendered":"<p>Realistick\u00e9, zmen\u0161en\u00e9 IPSC ter\u010de pre efekt\u00edvny such\u00fd n\u00e1cvik stre\u013eby doma.<\/p>\n","protected":false},"featured_media":235935,"template":"","meta":{"_acf_changed":false},"product_brand":[11282],"product_cat":[13370,13395],"product_tag":[],"class_list":{"0":"post-274551","1":"product","2":"type-product","3":"status-publish","4":"has-post-thumbnail","6":"product_brand-doublealpha","7":"product_cat-papierove-terce","8":"product_cat-terce","10":"first","11":"outofstock","12":"taxable","13":"shipping-taxable","14":"purchasable","15":"product-type-simple"},"acf":[],"_links":{"self":[{"href":"https:\/\/staging.nbg.eu\/sk\/wp-json\/wp\/v2\/product\/274551","targetHints":{"allow":["GET"]}}],"collection":[{"href":"https:\/\/staging.nbg.eu\/sk\/wp-json\/wp\/v2\/product"}],"about":[{"href":"https:\/\/staging.nbg.eu\/sk\/wp-json\/wp\/v2\/types\/product"}],"wp:featuredmedia":[{"embeddable":true,"href":"https:\/\/staging.nbg.eu\/sk\/wp-json\/wp\/v2\/media\/235935"}],"wp:attachment":[{"href":"https:\/\/staging.nbg.eu\/sk\/wp-json\/wp\/v2\/media?parent=274551"}],"wp:term":[{"taxonomy":"product_brand","embeddable":true,"href":"https:\/\/staging.nbg.eu\/sk\/wp-json\/wp\/v2\/product_brand?post=274551"},{"taxonomy":"product_cat","embeddable":true,"href":"https:\/\/staging.nbg.eu\/sk\/wp-json\/wp\/v2\/product_cat?post=274551"},{"taxonomy":"product_tag","embeddable":true,"href":"https:\/\/staging.nbg.eu\/sk\/wp-json\/wp\/v2\/product_tag?post=274551"}],"curies":[{"name":"wp","href":"https:\/\/api.w.org\/{rel}","templated":true}]}}