{"id":236102,"date":"2025-03-03T20:03:09","date_gmt":"2025-03-03T20:03:09","guid":{"rendered":"https:\/\/staging.nbg.eu\/?post_type=product&#038;p=236102"},"modified":"2025-09-30T11:39:42","modified_gmt":"2025-09-30T08:39:42","slug":"badger-ordnance-30mm-condition-one-kryt-pridavneho-kruzku","status":"publish","type":"product","link":"https:\/\/staging.nbg.eu\/sk\/produkt\/badger-ordnance-30mm-condition-one-kryt-pridavneho-kruzku\/","title":{"rendered":"Badger Ordnance 30mm Condition One kryt pr\u00eddavn\u00e9ho kr\u00fa\u017eku"},"content":{"rendered":"<h2>GRIPS KMR S Modul\u00e1rny br\u00fasny papier &#8211; \u010cierny<\/h2>\n<p>Rukov\u00e4te z br\u00fasneho papiera pre va\u0161u pi\u0161to\u013e KMR S-02. Vyroben\u00e9 z anodizovan\u00e9ho duralum\u00ednia, tieto dlh\u00e9 rukov\u00e4te poskytuj\u00fa lep\u0161iu manipul\u00e1ciu a pohodlie.<\/p>\n<h2>Vlastnosti:<\/h2>\n<ul>\n<li>Ur\u010den\u00e9 pre modely KMR S-02 .22 LR<\/li>\n<li>Kon\u0161trukcia z anodizovan\u00e9ho duralum\u00ednia<\/li>\n<li>Navrhnut\u00e9 na pou\u017eitie bez vodidla z\u00e1sobn\u00edka<\/li>\n<li>Obsahuje torx skrutky pre in\u0161tal\u00e1ciu<\/li>\n<li>\u010cierna povrchov\u00e1 \u00faprava s logom KMR<\/li>\n<\/ul>\n<p>Pozn\u00e1mka: Tieto rukov\u00e4te s\u00fa ur\u010den\u00e9 pre 26 mm \u0161irok\u00fd hlin\u00edkov\u00fd r\u00e1m KMR S-02 a nie s\u00fa kompatibiln\u00e9 s ve\u013ekos\u0165ami r\u00e1mu W-02 alebo L-02. Zlep\u0161ite \u00fachop a presnos\u0165 stre\u013eby s t\u00fdmto rie\u0161en\u00edm pre va\u0161u pi\u0161to\u013e KMR S-02.<\/p>\n<dl class=\"data-sheet\">\n<dt class=\"name\">Pre zbrane KMR<\/dt>\n<dd class=\"value\">KMR S-01 LANCE (OR)<br \/>\nKMR S-02 DO ROKU 2023<\/dd>\n<dt class=\"name\">V\u00fdber pod\u013ea zbran\u00ed CZ<\/dt>\n<dd class=\"value\">CZ SHADOW 1<br \/>\nCZ SHADOW 2<br \/>\nCZ SHADOW 2 (OR)<br \/>\nCZ SP-01<\/dd>\n<\/dl>\n","protected":false},"excerpt":{"rendered":"<p>KMR S-02 \u010dierna modul\u00e1rna rukov\u00e4\u0165, kompatibiln\u00e1 s hlin\u00edkov\u00fdm r\u00e1mom.<br \/>\n0611-03101-0101<\/p>\n","protected":false},"featured_media":73904,"template":"","meta":{"_acf_changed":false},"product_brand":[11505],"product_cat":[13349],"product_tag":[],"class_list":{"0":"post-236102","1":"product","2":"type-product","3":"status-publish","4":"has-post-thumbnail","6":"product_brand-kmr-precision","7":"product_cat-kmr-diely","9":"first","10":"instock","11":"taxable","12":"shipping-taxable","13":"purchasable","14":"product-type-simple"},"acf":[],"_links":{"self":[{"href":"https:\/\/staging.nbg.eu\/sk\/wp-json\/wp\/v2\/product\/236102","targetHints":{"allow":["GET"]}}],"collection":[{"href":"https:\/\/staging.nbg.eu\/sk\/wp-json\/wp\/v2\/product"}],"about":[{"href":"https:\/\/staging.nbg.eu\/sk\/wp-json\/wp\/v2\/types\/product"}],"wp:featuredmedia":[{"embeddable":true,"href":"https:\/\/staging.nbg.eu\/sk\/wp-json\/wp\/v2\/media\/73904"}],"wp:attachment":[{"href":"https:\/\/staging.nbg.eu\/sk\/wp-json\/wp\/v2\/media?parent=236102"}],"wp:term":[{"taxonomy":"product_brand","embeddable":true,"href":"https:\/\/staging.nbg.eu\/sk\/wp-json\/wp\/v2\/product_brand?post=236102"},{"taxonomy":"product_cat","embeddable":true,"href":"https:\/\/staging.nbg.eu\/sk\/wp-json\/wp\/v2\/product_cat?post=236102"},{"taxonomy":"product_tag","embeddable":true,"href":"https:\/\/staging.nbg.eu\/sk\/wp-json\/wp\/v2\/product_tag?post=236102"}],"curies":[{"name":"wp","href":"https:\/\/api.w.org\/{rel}","templated":true}]}}