{"id":22577,"date":"2024-08-19T17:28:32","date_gmt":"2024-08-19T17:28:32","guid":{"rendered":"https:\/\/staging.nbg.eu\/product\/produkt-2\/"},"modified":"2024-09-09T15:08:34","modified_gmt":"2024-09-09T15:08:34","slug":"kolik-pruziny-zarazky-zaveru-kmr","status":"publish","type":"product","link":"https:\/\/staging.nbg.eu\/sk\/produkt\/kolik-pruziny-zarazky-zaveru-kmr\/","title":{"rendered":"Kol\u00edk pru\u017einy zar\u00e1\u017eky z\u00e1veru KMR"},"content":{"rendered":"<p>Presn\u00fd dorazov\u00fd kol\u00edk pru\u017einy KMR: Odoln\u00fd, presn\u00e9 zapadnutie.<\/p>\n","protected":false},"excerpt":{"rendered":"<p>\u017divotne d\u00f4le\u017eit\u00e1 s\u00fa\u010diastka pi\u0161tole KMR, vyroben\u00e1 s presnos\u0165ou.<\/p>\n","protected":false},"featured_media":60779,"template":"","meta":{"_acf_changed":false},"product_brand":[],"product_cat":[13349],"product_tag":[],"class_list":{"0":"post-22577","1":"product","2":"type-product","3":"status-publish","4":"has-post-thumbnail","6":"product_cat-kmr-diely","8":"first","9":"instock","10":"taxable","11":"shipping-taxable","12":"product-type-simple"},"acf":[],"_links":{"self":[{"href":"https:\/\/staging.nbg.eu\/sk\/wp-json\/wp\/v2\/product\/22577","targetHints":{"allow":["GET"]}}],"collection":[{"href":"https:\/\/staging.nbg.eu\/sk\/wp-json\/wp\/v2\/product"}],"about":[{"href":"https:\/\/staging.nbg.eu\/sk\/wp-json\/wp\/v2\/types\/product"}],"wp:featuredmedia":[{"embeddable":true,"href":"https:\/\/staging.nbg.eu\/sk\/wp-json\/wp\/v2\/media\/60779"}],"wp:attachment":[{"href":"https:\/\/staging.nbg.eu\/sk\/wp-json\/wp\/v2\/media?parent=22577"}],"wp:term":[{"taxonomy":"product_brand","embeddable":true,"href":"https:\/\/staging.nbg.eu\/sk\/wp-json\/wp\/v2\/product_brand?post=22577"},{"taxonomy":"product_cat","embeddable":true,"href":"https:\/\/staging.nbg.eu\/sk\/wp-json\/wp\/v2\/product_cat?post=22577"},{"taxonomy":"product_tag","embeddable":true,"href":"https:\/\/staging.nbg.eu\/sk\/wp-json\/wp\/v2\/product_tag?post=22577"}],"curies":[{"name":"wp","href":"https:\/\/api.w.org\/{rel}","templated":true}]}}