{"id":214547,"date":"2024-09-02T10:51:57","date_gmt":"2025-02-19T16:47:29","guid":{"rendered":"https:\/\/staging.nbg.eu\/product\/badger-ordnance-30mm-condition-one-accessory-ring-cap\/"},"modified":"2025-02-19T16:49:35","modified_gmt":"2025-02-19T16:49:35","slug":"surefire-m640v-pro-scout-light-pro-infrared","status":"publish","type":"product","link":"https:\/\/staging.nbg.eu\/sk\/produkt\/surefire-m640v-pro-scout-light-pro-infrared\/","title":{"rendered":"SureFire M640V-PRO (SCOUT LIGHT PRO INFRARED)"},"content":{"rendered":"<div class=\"product-description\">\n<h2>BADGER ORDNANCE 30MM CONDITION ONE PR\u00cdSLU\u0160ENSTVO KR\u00da\u017dKOV\u00dd UZ\u00c1VER<\/h2>\n<p>Vylep\u0161ite svoje optick\u00e9 vybavenie s Badger Ordnance 30MM Condition One pr\u00edslu\u0161enstvom kr\u00fa\u017ekov\u00e9ho uz\u00e1veru. Toto pr\u00edslu\u0161enstvo je navrhnut\u00e9 tak, aby sa integrovalo s existuj\u00facim dr\u017eiakom pu\u0161kov\u00e9ho \u010falekoh\u013eadu a poskytovalo dodato\u010dn\u00fa funk\u010dnos\u0165 a mo\u017enosti prisp\u00f4sobenia.<\/p>\n<ul>\n<li><strong>Farba:<\/strong> \u010cierna<\/li>\n<li><strong>Materi\u00e1l:<\/strong> Vyroben\u00e9 z hlin\u00edka 7075 T6 pre pevnos\u0165 a n\u00edzku hmotnos\u0165<\/li>\n<li><strong>Platforma:<\/strong> Univerz\u00e1lny dizajn, nie je \u0161pecifick\u00fd pre konkr\u00e9tnu platformu<\/li>\n<li><strong>Hmotnos\u0165:<\/strong> 1.8 oz. (51 g)<\/li>\n<\/ul>\n<p>Tento kr\u00fa\u017ekov\u00fd uz\u00e1ver je navrhnut\u00fd pre potreby taktick\u00fdch a s\u00fa\u0165a\u017en\u00fdch strelcov a pon\u00faka bezpe\u010dn\u00e9 upevnenie pre r\u00f4zne doplnky. Vylep\u0161ite svoj optick\u00fd syst\u00e9m s kvalitou Badger Ordnance.<\/p>\n<\/div>\n","protected":false},"excerpt":{"rendered":"<p>\u013dahk\u00fd hlin\u00edkov\u00fd kr\u00fa\u017eok na 30mm pu\u0161koh\u013eady. Odoln\u00e1 \u010dierna povrchov\u00e1 \u00faprava.<\/p>\n","protected":false},"featured_media":83058,"template":"","meta":{"_acf_changed":false},"product_brand":[11097],"product_cat":[13373,13397,13346,13341],"product_tag":[],"class_list":{"0":"post-214547","1":"product","2":"type-product","3":"status-publish","4":"has-post-thumbnail","6":"product_brand-badger-ordnance","7":"product_cat-mierenie","8":"product_cat-puska","9":"product_cat-rifle-tuning","10":"product_cat-zvaecsena-optika","12":"first","13":"instock","14":"taxable","15":"shipping-taxable","16":"purchasable","17":"product-type-simple"},"acf":[],"_links":{"self":[{"href":"https:\/\/staging.nbg.eu\/sk\/wp-json\/wp\/v2\/product\/214547","targetHints":{"allow":["GET"]}}],"collection":[{"href":"https:\/\/staging.nbg.eu\/sk\/wp-json\/wp\/v2\/product"}],"about":[{"href":"https:\/\/staging.nbg.eu\/sk\/wp-json\/wp\/v2\/types\/product"}],"wp:featuredmedia":[{"embeddable":true,"href":"https:\/\/staging.nbg.eu\/sk\/wp-json\/wp\/v2\/media\/83058"}],"wp:attachment":[{"href":"https:\/\/staging.nbg.eu\/sk\/wp-json\/wp\/v2\/media?parent=214547"}],"wp:term":[{"taxonomy":"product_brand","embeddable":true,"href":"https:\/\/staging.nbg.eu\/sk\/wp-json\/wp\/v2\/product_brand?post=214547"},{"taxonomy":"product_cat","embeddable":true,"href":"https:\/\/staging.nbg.eu\/sk\/wp-json\/wp\/v2\/product_cat?post=214547"},{"taxonomy":"product_tag","embeddable":true,"href":"https:\/\/staging.nbg.eu\/sk\/wp-json\/wp\/v2\/product_tag?post=214547"}],"curies":[{"name":"wp","href":"https:\/\/api.w.org\/{rel}","templated":true}]}}