{"id":214397,"date":"2024-01-13T11:03:57","date_gmt":"2024-01-13T11:03:57","guid":{"rendered":"https:\/\/staging.nbg.eu\/product\/surefire-m640v-pro-scout-light-pro-infrared\/"},"modified":"2025-02-19T16:47:01","modified_gmt":"2025-02-19T16:47:01","slug":"sabre-red-sprej-52cft10-mk3-crossfire-gel-15oz45ml","status":"publish","type":"product","link":"https:\/\/staging.nbg.eu\/sk\/produkt\/sabre-red-sprej-52cft10-mk3-crossfire-gel-15oz45ml\/","title":{"rendered":"Sabre Red sprej 52CFT10 MK3 Crossfire GEL 1.5oz\/45ml"},"content":{"rendered":"<div class=\"product-description\">\n<h2>SureFire M640V-PRO SCOUT LIGHT PRO INFRA\u010cERVEN\u00c9<\/h2>\n<p>M640V-PRO pon\u00faka tieto vlastnosti:<\/p>\n<ul>\n<li>Hybridn\u00fd vzor l\u00fa\u010da pre identifik\u00e1ciu na dlh\u00e9 vzdialenosti a situa\u010dn\u00e9 povedomie<\/li>\n<li>Nov\u00fd n\u00edzkoprofilov\u00fd dr\u017eiak pre optim\u00e1lne umiestnenie a kompatibilitu s pr\u00edslu\u0161enstvom montovan\u00fdm na li\u0161tu<\/li>\n<li>Mo\u017enosti mont\u00e1\u017ee na li\u0161ty Picatinny alebo M-Lok<\/li>\n<li>Dvojspektr\u00e1lna schopnos\u0165: 350 l\u00famenov bieleho svetla \/ 120 mW IR v\u00fdstupu<\/li>\n<li>V\u00fdber spektra ot\u00e1\u010dan\u00edm obj\u00edmky<\/li>\n<li>TIR \u0161o\u0161ovka pre \u010falekosiahly l\u00fa\u010d s dostato\u010dn\u00fdm okolit\u00fdm svetlom<\/li>\n<li>Aktiv\u00e1cia tla\u010didlom na zadnom uz\u00e1vere<\/li>\n<li>Kon\u0161trukcia z leteck\u00e9ho hlin\u00edka s tvrdou anodizovanou povrchovou \u00fapravou pod\u013ea vojensk\u00fdch \u0161pecifik\u00e1ci\u00ed<\/li>\n<li>O-kr\u00fa\u017ekov\u00e9 tesnenie pre spo\u013eahlivos\u0165 v ka\u017edom po\u010das\u00ed<\/li>\n<\/ul>\n<p>Toto odoln\u00e9 a v\u0161estrann\u00e9 svetlo je vhodn\u00e9 pre taktick\u00e9 situ\u00e1cie.<\/p>\n<\/div>\n","protected":false},"excerpt":{"rendered":"<p>V\u0161estrann\u00e9 infra\u010derven\u00e9 svetlo na zbra\u0148 s hybridn\u00fdm l\u00fa\u010dom a n\u00edzkoprofilov\u00fdm \u00fachytom.<\/p>\n","protected":false},"featured_media":214398,"template":"","meta":{"_acf_changed":false},"product_brand":[11873],"product_cat":[13397,13388,13348],"product_tag":[],"class_list":{"0":"post-214397","1":"product","2":"type-product","3":"status-publish","4":"has-post-thumbnail","6":"product_brand-surefire","7":"product_cat-puska","8":"product_cat-svetla","9":"product_cat-svetla-na-pusky","11":"first","12":"instock","13":"taxable","14":"shipping-taxable","15":"purchasable","16":"product-type-simple"},"acf":[],"_links":{"self":[{"href":"https:\/\/staging.nbg.eu\/sk\/wp-json\/wp\/v2\/product\/214397","targetHints":{"allow":["GET"]}}],"collection":[{"href":"https:\/\/staging.nbg.eu\/sk\/wp-json\/wp\/v2\/product"}],"about":[{"href":"https:\/\/staging.nbg.eu\/sk\/wp-json\/wp\/v2\/types\/product"}],"wp:featuredmedia":[{"embeddable":true,"href":"https:\/\/staging.nbg.eu\/sk\/wp-json\/wp\/v2\/media\/214398"}],"wp:attachment":[{"href":"https:\/\/staging.nbg.eu\/sk\/wp-json\/wp\/v2\/media?parent=214397"}],"wp:term":[{"taxonomy":"product_brand","embeddable":true,"href":"https:\/\/staging.nbg.eu\/sk\/wp-json\/wp\/v2\/product_brand?post=214397"},{"taxonomy":"product_cat","embeddable":true,"href":"https:\/\/staging.nbg.eu\/sk\/wp-json\/wp\/v2\/product_cat?post=214397"},{"taxonomy":"product_tag","embeddable":true,"href":"https:\/\/staging.nbg.eu\/sk\/wp-json\/wp\/v2\/product_tag?post=214397"}],"curies":[{"name":"wp","href":"https:\/\/api.w.org\/{rel}","templated":true}]}}