{"id":213968,"date":"2024-10-31T21:14:39","date_gmt":"2025-02-19T16:24:34","guid":{"rendered":"https:\/\/staging.nbg.eu\/product\/sabre-red-spray-52cft10-mk3-crossfire-gel-1-5oz-45ml\/"},"modified":"2025-02-19T16:26:33","modified_gmt":"2025-02-19T16:26:33","slug":"blue-force-gear-univerzalna-drotena-slucka","status":"publish","type":"product","link":"https:\/\/staging.nbg.eu\/sk\/produkt\/blue-force-gear-univerzalna-drotena-slucka\/","title":{"rendered":"Blue Force Gear univerz\u00e1lna dr\u00f4ten\u00e1 slu\u010dka"},"content":{"rendered":"<div class=\"product-description\">\n<h2>Sabre Red 52CFT10-G MK-3 Crossfire Stream<\/h2>\n<p>Tento 1,5 uncov\u00fd pep\u0159ov\u00fd sprej pou\u017e\u00edvan\u00fd org\u00e1nmi \u010dinn\u00fdmi v trestnom konan\u00ed po celom svete m\u00e1 vy\u0161\u0161\u00ed obsah kapsaicinoidov. Vlastnosti zah\u0155\u0148aj\u00fa:<\/p>\n<ul>\n<li>Technol\u00f3gia SABRE Crossfire\u00ae pre pou\u017eitie z ak\u00e9hoko\u013evek uhla<\/li>\n<li>8 jedensekundov\u00fdch d\u00e1vok s dosahom 15-20 st\u00f4p<\/li>\n<li>1,33% MC zlo\u017eenie<\/li>\n<li>5-ro\u010dn\u00e1 trvanlivos\u0165<\/li>\n<li>Certifik\u00e1cia ISO 9001:2008<\/li>\n<li>Testovan\u00fd na o\u010di, poko\u017eku a inhal\u00e1ciu<\/li>\n<li>UV zna\u010dkovacia farba na identifik\u00e1ciu podozriv\u00fdch<\/li>\n<li>Nehor\u013eav\u00fd a kompatibiln\u00fd s EID<\/li>\n<\/ul>\n<p>Ur\u010den\u00fd pre org\u00e1ny \u010dinn\u00e9 v trestnom konan\u00ed a osobn\u00fa ochranu. Vyroben\u00e9 v USA spolo\u010dnos\u0165ou Security Equipment Corp.<\/p>\n<\/div>\n","protected":false},"excerpt":{"rendered":"<p>V\u00fdkonn\u00fd obrann\u00fd sprej ur\u010den\u00fd pre org\u00e1ny \u010dinn\u00e9 v trestnom konan\u00ed. Technol\u00f3gia Crossfire, dosah 4,5-6 metrov.<\/p>\n","protected":false},"featured_media":75081,"template":"","meta":{"_acf_changed":false},"product_brand":[11757],"product_cat":[13387],"product_tag":[],"class_list":{"0":"post-213968","1":"product","2":"type-product","3":"status-publish","4":"has-post-thumbnail","6":"product_brand-sabre","7":"product_cat-edc","9":"first","10":"instock","11":"taxable","12":"shipping-taxable","13":"purchasable","14":"product-type-simple"},"acf":[],"_links":{"self":[{"href":"https:\/\/staging.nbg.eu\/sk\/wp-json\/wp\/v2\/product\/213968","targetHints":{"allow":["GET"]}}],"collection":[{"href":"https:\/\/staging.nbg.eu\/sk\/wp-json\/wp\/v2\/product"}],"about":[{"href":"https:\/\/staging.nbg.eu\/sk\/wp-json\/wp\/v2\/types\/product"}],"wp:featuredmedia":[{"embeddable":true,"href":"https:\/\/staging.nbg.eu\/sk\/wp-json\/wp\/v2\/media\/75081"}],"wp:attachment":[{"href":"https:\/\/staging.nbg.eu\/sk\/wp-json\/wp\/v2\/media?parent=213968"}],"wp:term":[{"taxonomy":"product_brand","embeddable":true,"href":"https:\/\/staging.nbg.eu\/sk\/wp-json\/wp\/v2\/product_brand?post=213968"},{"taxonomy":"product_cat","embeddable":true,"href":"https:\/\/staging.nbg.eu\/sk\/wp-json\/wp\/v2\/product_cat?post=213968"},{"taxonomy":"product_tag","embeddable":true,"href":"https:\/\/staging.nbg.eu\/sk\/wp-json\/wp\/v2\/product_tag?post=213968"}],"curies":[{"name":"wp","href":"https:\/\/api.w.org\/{rel}","templated":true}]}}