{"id":212969,"date":"2024-07-22T11:51:56","date_gmt":"2024-07-22T11:51:56","guid":{"rendered":"https:\/\/staging.nbg.eu\/product\/blue-force-gear-universal-wire-loop\/"},"modified":"2025-02-19T15:17:58","modified_gmt":"2025-02-19T15:17:58","slug":"surefire-xsc-zbranova-svetlo","status":"publish","type":"product","link":"https:\/\/staging.nbg.eu\/sk\/produkt\/surefire-xsc-zbranova-svetlo\/","title":{"rendered":"SureFire XSC zbranov\u00e1 svetlo"},"content":{"rendered":"<h2>Univerz\u00e1lna dr\u00f4ten\u00e1 slu\u010dka Blue Force Gear<\/h2>\n<p>Univerz\u00e1lna dr\u00f4ten\u00e1 slu\u010dka (UWL\u2122) je v\u0161estrann\u00fd bod pripojenia popruhu navrhnut\u00fd pre r\u00f4zne pou\u017eitia. K dispoz\u00edcii v d\u013a\u017ekach slu\u010dky 3,25&#8243;, 4,5&#8243; a 6,25&#8243; a m\u00e1 tieto vlastnosti:<\/p>\n<ul>\n<li>Ohybn\u00fd nylonom potiahnut\u00fd dr\u00f4t z nehrdzavej\u00facej ocele pre jednoduch\u00e9 pripojenie<\/li>\n<li>CNC obr\u00e1ban\u00e9 telo z hlin\u00edka 6061-T6 s nereflexnou povrchovou \u00fapravou<\/li>\n<li>Tvrd\u00e9 anodizovan\u00e9 pre odolnos\u0165<\/li>\n<li>K\u00e1bel leteckej triedy s gu\u013eov\u00fdmi koncami<\/li>\n<li>Tich\u0161\u00ed a silnej\u0161\u00ed ako tradi\u010dn\u00e9 h\u00e1\u010dikov\u00e9 \u00fachyty<\/li>\n<li>Neopotrebov\u00e1va o\u010dk\u00e1<\/li>\n<\/ul>\n<p>Vhodn\u00e9 na pou\u017eitie s popruhmi Vickers Combat Applications Slings\u2122, UWL\u2122 pon\u00faka mnoh\u00e9 mo\u017enosti pripojenia. Hoci extr\u00e9mne teplo hlavne m\u00f4\u017ee deformova\u0165 vonkaj\u0161\u00ed povlak, jadro z nehrdzavej\u00facej ocele zost\u00e1va neporu\u0161en\u00e9, \u010do zabezpe\u010duje spo\u013eahlivos\u0165 v n\u00e1ro\u010dn\u00fdch situ\u00e1ci\u00e1ch.<\/p>\n","protected":false},"excerpt":{"rendered":"<p>V\u0161estrann\u00e9 z\u00e1vesn\u00e9 pr\u00edslu\u0161enstvo s flexibiln\u00fdm dr\u00f4tom pre r\u00f4zne mo\u017enosti upevnenia.<\/p>\n","protected":false},"featured_media":50210,"template":"","meta":{"_acf_changed":false},"product_brand":[11144],"product_cat":[13360,13364],"product_tag":[],"class_list":{"0":"post-212969","1":"product","2":"type-product","3":"status-publish","4":"has-post-thumbnail","6":"product_brand-blue-force-gear","7":"product_cat-remene","8":"product_cat-vystroj","10":"first","11":"instock","12":"taxable","13":"shipping-taxable","14":"purchasable","15":"product-type-variable","16":"wvs-archive-product-wrapper"},"acf":[],"_links":{"self":[{"href":"https:\/\/staging.nbg.eu\/sk\/wp-json\/wp\/v2\/product\/212969","targetHints":{"allow":["GET"]}}],"collection":[{"href":"https:\/\/staging.nbg.eu\/sk\/wp-json\/wp\/v2\/product"}],"about":[{"href":"https:\/\/staging.nbg.eu\/sk\/wp-json\/wp\/v2\/types\/product"}],"wp:featuredmedia":[{"embeddable":true,"href":"https:\/\/staging.nbg.eu\/sk\/wp-json\/wp\/v2\/media\/50210"}],"wp:attachment":[{"href":"https:\/\/staging.nbg.eu\/sk\/wp-json\/wp\/v2\/media?parent=212969"}],"wp:term":[{"taxonomy":"product_brand","embeddable":true,"href":"https:\/\/staging.nbg.eu\/sk\/wp-json\/wp\/v2\/product_brand?post=212969"},{"taxonomy":"product_cat","embeddable":true,"href":"https:\/\/staging.nbg.eu\/sk\/wp-json\/wp\/v2\/product_cat?post=212969"},{"taxonomy":"product_tag","embeddable":true,"href":"https:\/\/staging.nbg.eu\/sk\/wp-json\/wp\/v2\/product_tag?post=212969"}],"curies":[{"name":"wp","href":"https:\/\/api.w.org\/{rel}","templated":true}]}}