{"id":212374,"date":"2024-07-30T18:47:47","date_gmt":"2025-02-19T14:30:02","guid":{"rendered":"https:\/\/staging.nbg.eu\/product\/surefire-xsc-weaponlight\/"},"modified":"2025-02-19T14:31:57","modified_gmt":"2025-02-19T14:31:57","slug":"iosso-kefka-na-zavornik","status":"publish","type":"product","link":"https:\/\/staging.nbg.eu\/sk\/produkt\/iosso-kefka-na-zavornik\/","title":{"rendered":"Iosso kefka na z\u00e1vorn\u00edk"},"content":{"rendered":"<div class=\"product-description\">\n<h2>SureFire XSC WEAPONLIGHT<\/h2>\n<p>SureFire XSC je zbra\u0148ov\u00e9 svetlo pre skryt\u00e9 nosenie. Je navrhnut\u00e9 pre mikro-kompaktn\u00e9 a sub-kompaktn\u00e9 pi\u0161tole a je vhodn\u00e9 pre situ\u00e1cie so slab\u00fdm osvetlen\u00edm.<\/p>\n<h2>Hlavn\u00e9 vlastnosti:<\/h2>\n<ul>\n<li>350 l\u00famenov bieleho svetla<\/li>\n<li>Hybridn\u00fd vzor l\u00fa\u010da pre identifik\u00e1ciu cie\u013ea<\/li>\n<li>Kompaktn\u00fd a odoln\u00fd dizajn<\/li>\n<li>Nab\u00edjate\u013en\u00e1 l\u00edtium-polym\u00e9rov\u00e1 bat\u00e9ria s mo\u017enos\u0165ou r\u00fdchlej v\u00fdmeny<\/li>\n<li>Obojru\u010dn\u00e9 ovl\u00e1danie<\/li>\n<li>Telo z leteck\u00e9ho hlin\u00edka s tvrdou anodiz\u00e1ciou<\/li>\n<li>IPX4 odolnos\u0165 vo\u010di poveternostn\u00fdm vplyvom<\/li>\n<\/ul>\n<h2>\u0160pecifik\u00e1cie:<\/h2>\n<ul>\n<li>V\u00fdstup: 350 l\u00famenov<\/li>\n<li>V\u00fddr\u017e: 30 min\u00fat<\/li>\n<li>Hmotnos\u0165: 48,2 g<\/li>\n<li>D\u013a\u017eka: 4,9 cm<\/li>\n<li>Maxim\u00e1lna intenzita l\u00fa\u010da: 2 000 kandel<\/li>\n<li>Dosah l\u00fa\u010da: 90 metrov<\/li>\n<\/ul>\n<p>Modely pre r\u00f4zne zbrane:<\/p>\n<ul>\n<li>XSC-A pre Glock 43X a 48 s li\u0161tou<\/li>\n<li>XSC-P365 pre SIG SAUER P365 a P365 XL<\/li>\n<li>XSC-HELLCAT pre Springfield Armory Hellcat<\/li>\n<li>XSC-B pre r\u00f4zne in\u00e9 sub-kompaktn\u00e9 modely<\/li>\n<\/ul>\n<p>SureFire XSC WEAPONLIGHT je zariadenie pre osvetlenie v kritick\u00fdch situ\u00e1ci\u00e1ch.<\/p>\n<\/div>\n","protected":false},"excerpt":{"rendered":"<p>Kompaktn\u00e9, v\u00fdkonn\u00e9 350-l\u00famenov\u00e9 svetlo pre skryto nosen\u00e9 pi\u0161tole.<\/p>\n","protected":false},"featured_media":212376,"template":"","meta":{"_acf_changed":false},"product_brand":[11873],"product_cat":[13354,13388,13381],"product_tag":[],"class_list":{"0":"post-212374","1":"product","2":"type-product","3":"status-publish","4":"has-post-thumbnail","6":"product_brand-surefire","7":"product_cat-pistol","8":"product_cat-svetla","9":"product_cat-svetla-na-pistole","10":"pa_light-p-365-sk","11":"pa_light-xsc-a-sk","12":"pa_light-xsc-b-sk-2","14":"first","15":"instock","16":"taxable","17":"shipping-taxable","18":"purchasable","19":"product-type-variable","20":"wvs-archive-product-wrapper"},"acf":[],"_links":{"self":[{"href":"https:\/\/staging.nbg.eu\/sk\/wp-json\/wp\/v2\/product\/212374","targetHints":{"allow":["GET"]}}],"collection":[{"href":"https:\/\/staging.nbg.eu\/sk\/wp-json\/wp\/v2\/product"}],"about":[{"href":"https:\/\/staging.nbg.eu\/sk\/wp-json\/wp\/v2\/types\/product"}],"wp:featuredmedia":[{"embeddable":true,"href":"https:\/\/staging.nbg.eu\/sk\/wp-json\/wp\/v2\/media\/212376"}],"wp:attachment":[{"href":"https:\/\/staging.nbg.eu\/sk\/wp-json\/wp\/v2\/media?parent=212374"}],"wp:term":[{"taxonomy":"product_brand","embeddable":true,"href":"https:\/\/staging.nbg.eu\/sk\/wp-json\/wp\/v2\/product_brand?post=212374"},{"taxonomy":"product_cat","embeddable":true,"href":"https:\/\/staging.nbg.eu\/sk\/wp-json\/wp\/v2\/product_cat?post=212374"},{"taxonomy":"product_tag","embeddable":true,"href":"https:\/\/staging.nbg.eu\/sk\/wp-json\/wp\/v2\/product_tag?post=212374"}],"curies":[{"name":"wp","href":"https:\/\/api.w.org\/{rel}","templated":true}]}}