{"id":211543,"date":"2024-01-24T19:30:39","date_gmt":"2025-02-19T13:02:42","guid":{"rendered":"https:\/\/staging.nbg.eu\/product\/iosso-bolt-carrier-brush\/"},"modified":"2025-02-19T13:15:22","modified_gmt":"2025-02-19T13:15:22","slug":"badger-ordnance-c1-modularna-poistka","status":"publish","type":"product","link":"https:\/\/staging.nbg.eu\/sk\/produkt\/badger-ordnance-c1-modularna-poistka\/","title":{"rendered":"Badger Ordnance C1 modul\u00e1rna poistka"},"content":{"rendered":"<p style=\"text-align: center\"><strong><span style=\"font-size: 170%\">Kefky na nosi\u010d z\u00e1veru losso<\/span><\/strong><\/p>\n<p>T\u00e1to s\u00faprava obsahuje balenia kefiek na nosi\u010d z\u00e1veru a komoru. S\u00fa dimenzovan\u00e9 s presnou toleranciou pre presn\u00e9 \u010distenie. S\u00fa vyroben\u00e9 z modr\u00e9ho vl\u00e1kna, ktor\u00e9 je hrub\u00e9, pevn\u00e9 a dobre dr\u017e\u00ed tvar. To umo\u017e\u0148uje pohyb tam a sp\u00e4\u0165, na rozdiel od tradi\u010dn\u00fdch mosadzn\u00fdch a bronzov\u00fdch kefiek. M\u00f4\u017eu sa pou\u017ei\u0165 nieko\u013ekokr\u00e1t, k\u00fdm sa opotrebuj\u00fa.<\/p>\n<table width=\"305\">\n<tbody>\n<tr>\n<td width=\"305\"><strong>AR-15 Nosi\u010d z\u00e1veru s \u010dapom, 2 kusy<\/strong><\/td>\n<\/tr>\n<tr>\n<td><strong>AR.308 Pu\u0161kov\u00fd nosi\u010d z\u00e1veru s \u010dapom, 2 kusy<\/strong><\/td>\n<\/tr>\n<\/tbody>\n<\/table>\n","protected":false},"excerpt":{"rendered":"<p><strong>Ve\u013ekos\u0165 prisp\u00f4soben\u00e1 pre presn\u00e9 \u010distenie s malou toleranciou<\/strong><\/p>\n","protected":false},"featured_media":107717,"template":"","meta":{"_acf_changed":false},"product_brand":[11486],"product_cat":[13378,13405],"product_tag":[],"class_list":{"0":"post-211543","1":"product","2":"type-product","3":"status-publish","4":"has-post-thumbnail","6":"product_brand-iosso","7":"product_cat-cistenie-zbrani","8":"product_cat-kefky","9":"pa_model-ar-308-sk","10":"pa_model-ar-15-sk","12":"first","13":"instock","14":"taxable","15":"shipping-taxable","16":"purchasable","17":"product-type-variable","18":"wvs-archive-product-wrapper"},"acf":[],"_links":{"self":[{"href":"https:\/\/staging.nbg.eu\/sk\/wp-json\/wp\/v2\/product\/211543","targetHints":{"allow":["GET"]}}],"collection":[{"href":"https:\/\/staging.nbg.eu\/sk\/wp-json\/wp\/v2\/product"}],"about":[{"href":"https:\/\/staging.nbg.eu\/sk\/wp-json\/wp\/v2\/types\/product"}],"wp:featuredmedia":[{"embeddable":true,"href":"https:\/\/staging.nbg.eu\/sk\/wp-json\/wp\/v2\/media\/107717"}],"wp:attachment":[{"href":"https:\/\/staging.nbg.eu\/sk\/wp-json\/wp\/v2\/media?parent=211543"}],"wp:term":[{"taxonomy":"product_brand","embeddable":true,"href":"https:\/\/staging.nbg.eu\/sk\/wp-json\/wp\/v2\/product_brand?post=211543"},{"taxonomy":"product_cat","embeddable":true,"href":"https:\/\/staging.nbg.eu\/sk\/wp-json\/wp\/v2\/product_cat?post=211543"},{"taxonomy":"product_tag","embeddable":true,"href":"https:\/\/staging.nbg.eu\/sk\/wp-json\/wp\/v2\/product_tag?post=211543"}],"curies":[{"name":"wp","href":"https:\/\/api.w.org\/{rel}","templated":true}]}}