{"id":208888,"date":"2024-09-02T10:47:02","date_gmt":"2025-02-16T17:06:17","guid":{"rendered":"https:\/\/staging.nbg.eu\/product\/badger-ordnance-c1-modular-safety\/"},"modified":"2025-02-16T17:08:06","modified_gmt":"2025-02-16T17:08:06","slug":"bore-tech-friction-guard-xp-120ml","status":"publish","type":"product","link":"https:\/\/staging.nbg.eu\/sk\/produkt\/bore-tech-friction-guard-xp-120ml\/","title":{"rendered":"Bore Tech Friction Guard XP 120ml"},"content":{"rendered":"<div class=\"product-description\">\n<h2>Badger Ordnance C1 Modul\u00e1rna poistka<\/h2>\n<p>C1 poloautomatick\u00e1 poistka pre pu\u0161ky typu M16\/AR-15\/AR-10\/SR-25. T\u00e1to modul\u00e1rna s\u00faprava pon\u00faka:<\/p>\n<ul>\n<li>Jednostrann\u00e9 alebo obojstrann\u00e9 ovl\u00e1danie<\/li>\n<li>Ovl\u00e1danie \u013eavou alebo pravou rukou<\/li>\n<li>Mo\u017enosti 60\u00b0 alebo 90\u00b0 oto\u010denia<\/li>\n<li>\u010cerven\u00fd indik\u00e1tor pre vizu\u00e1lnu kontrolu<\/li>\n<\/ul>\n<p>S\u00faprava obsahuje:<\/p>\n<ul>\n<li>Dlh\u00e1 p\u00e1ka na siln\u00fa stranu<\/li>\n<li>Kr\u00e1tka p\u00e1ka na slab\u00fa stranu<\/li>\n<li>Indik\u00e1tor stavu na slabej strane<\/li>\n<li>Kol\u00edky a poistn\u00fd z\u00e1rez (tvrden\u00e9 na 60Rc)<\/li>\n<\/ul>\n<p>Vyroben\u00e9 zo 4140 ocele, povrchovo kalen\u00e9 a potiahnut\u00e9 mang\u00e1nov\u00fdm fosf\u00e1tom. Jednoduch\u00e1 in\u0161tal\u00e1cia.<\/p>\n<p><strong>Farba:<\/strong> \u010cierna<br \/>\n |<br \/>\n<strong>Vy\u017eaduje sa FFL:<\/strong> Nie | <strong>\u0160pecifick\u00e1 platforma:<\/strong> Nie<\/p>\n<\/div>\n","protected":false},"excerpt":{"rendered":"<p>V\u0161estrann\u00e1 AR poistka: obojru\u010dn\u00e1, 60\u00b0\/90\u00b0 uhol nato\u010denia, \u010derven\u00e9 indik\u00e1tory<\/p>\n","protected":false},"featured_media":35395,"template":"","meta":{"_acf_changed":false},"product_brand":[11097],"product_cat":[13358,13402,13397,13346],"product_tag":[],"class_list":{"0":"post-208888","1":"product","2":"type-product","3":"status-publish","4":"has-post-thumbnail","6":"product_brand-badger-ordnance","7":"product_cat-ar-tuning","8":"product_cat-prepinace-bezpecnosti","9":"product_cat-puska","10":"product_cat-rifle-tuning","12":"first","13":"instock","14":"taxable","15":"shipping-taxable","16":"purchasable","17":"product-type-simple"},"acf":[],"_links":{"self":[{"href":"https:\/\/staging.nbg.eu\/sk\/wp-json\/wp\/v2\/product\/208888","targetHints":{"allow":["GET"]}}],"collection":[{"href":"https:\/\/staging.nbg.eu\/sk\/wp-json\/wp\/v2\/product"}],"about":[{"href":"https:\/\/staging.nbg.eu\/sk\/wp-json\/wp\/v2\/types\/product"}],"wp:featuredmedia":[{"embeddable":true,"href":"https:\/\/staging.nbg.eu\/sk\/wp-json\/wp\/v2\/media\/35395"}],"wp:attachment":[{"href":"https:\/\/staging.nbg.eu\/sk\/wp-json\/wp\/v2\/media?parent=208888"}],"wp:term":[{"taxonomy":"product_brand","embeddable":true,"href":"https:\/\/staging.nbg.eu\/sk\/wp-json\/wp\/v2\/product_brand?post=208888"},{"taxonomy":"product_cat","embeddable":true,"href":"https:\/\/staging.nbg.eu\/sk\/wp-json\/wp\/v2\/product_cat?post=208888"},{"taxonomy":"product_tag","embeddable":true,"href":"https:\/\/staging.nbg.eu\/sk\/wp-json\/wp\/v2\/product_tag?post=208888"}],"curies":[{"name":"wp","href":"https:\/\/api.w.org\/{rel}","templated":true}]}}