{"id":208677,"date":"2024-07-29T13:02:15","date_gmt":"2024-07-29T13:02:15","guid":{"rendered":"https:\/\/staging.nbg.eu\/product\/bore-tech-friction-guard-xp-120ml\/"},"modified":"2025-02-16T16:55:40","modified_gmt":"2025-02-16T16:55:40","slug":"luger-maxx-tech-9x19-municia","status":"publish","type":"product","link":"https:\/\/staging.nbg.eu\/sk\/produkt\/luger-maxx-tech-9x19-municia\/","title":{"rendered":"Luger Maxx Tech 9&#215;19 mun\u00edcia"},"content":{"rendered":"<h2>Bore Tech Friction Guard XP Olej na zbrane &#8211; 120ml<\/h2>\n<p>Bore Tech Friction Guard XP olej na zbrane je syntetick\u00e1 zmes, ktor\u00e1 sp\u013a\u0148a po\u017eiadavky MIL-PRF-63460E a pon\u00faka:<\/p>\n<ul>\n<li>Mazanie od -73\u00b0C do 316\u00b0C<\/li>\n<li>95% zn\u00ed\u017eenie trenia a opotrebovania<\/li>\n<li>Ochrana proti kor\u00f3zii<\/li>\n<li>Prenikanie a pri\u013enutie ku kovov\u00fdm povrchom<\/li>\n<li>Zv\u00fd\u0161en\u00e1 odolnos\u0165 filmu proti opotrebovaniu<\/li>\n<li>Odolnos\u0165 vo\u010di extr\u00e9mnym teplot\u00e1m<\/li>\n<li>Ochrana v so\u013enej hmle viac ako 100 hod\u00edn<\/li>\n<li>Vytes\u0148ovanie vlhkosti<\/li>\n<li>Odpudzovanie prachu a ne\u010dist\u00f4t<\/li>\n<\/ul>\n<p>Vhodn\u00fd pre strelcov, po\u013eovn\u00edkov a nad\u0161encov. Friction Guard XP o\u0161etruje v\u00fdvrt zbrane a poskytuje ochranu po\u010das pou\u017e\u00edvania a skladovania.<\/p>\n","protected":false},"excerpt":{"rendered":"<p>Vysoko v\u00fdkonn\u00fd syntetick\u00fd olej na zbrane pre prvotriedne mazanie a ochranu.<\/p>\n","protected":false},"featured_media":150492,"template":"","meta":{"_acf_changed":false},"product_brand":[11161],"product_cat":[13378,13366],"product_tag":[],"class_list":{"0":"post-208677","1":"product","2":"type-product","3":"status-publish","4":"has-post-thumbnail","6":"product_brand-boretech","7":"product_cat-cistenie-zbrani","8":"product_cat-maziva","10":"first","11":"instock","12":"taxable","13":"shipping-taxable","14":"purchasable","15":"product-type-simple"},"acf":[],"_links":{"self":[{"href":"https:\/\/staging.nbg.eu\/sk\/wp-json\/wp\/v2\/product\/208677","targetHints":{"allow":["GET"]}}],"collection":[{"href":"https:\/\/staging.nbg.eu\/sk\/wp-json\/wp\/v2\/product"}],"about":[{"href":"https:\/\/staging.nbg.eu\/sk\/wp-json\/wp\/v2\/types\/product"}],"wp:featuredmedia":[{"embeddable":true,"href":"https:\/\/staging.nbg.eu\/sk\/wp-json\/wp\/v2\/media\/150492"}],"wp:attachment":[{"href":"https:\/\/staging.nbg.eu\/sk\/wp-json\/wp\/v2\/media?parent=208677"}],"wp:term":[{"taxonomy":"product_brand","embeddable":true,"href":"https:\/\/staging.nbg.eu\/sk\/wp-json\/wp\/v2\/product_brand?post=208677"},{"taxonomy":"product_cat","embeddable":true,"href":"https:\/\/staging.nbg.eu\/sk\/wp-json\/wp\/v2\/product_cat?post=208677"},{"taxonomy":"product_tag","embeddable":true,"href":"https:\/\/staging.nbg.eu\/sk\/wp-json\/wp\/v2\/product_tag?post=208677"}],"curies":[{"name":"wp","href":"https:\/\/api.w.org\/{rel}","templated":true}]}}