{"id":206184,"date":"2024-07-25T18:43:16","date_gmt":"2025-02-13T16:13:42","guid":{"rendered":"https:\/\/staging.nbg.eu\/product\/luger-maxx-tech-9x19-ammunition\/"},"modified":"2025-02-13T16:13:42","modified_gmt":"2025-02-13T16:13:42","slug":"predna-muska-s-optickymi-tycinkami","status":"publish","type":"product","link":"https:\/\/staging.nbg.eu\/sk\/produkt\/predna-muska-s-optickymi-tycinkami\/","title":{"rendered":"Predn\u00e1 mu\u0161k\u00e1 s optick\u00fdmi ty\u010dinkami"},"content":{"rendered":"","protected":false},"excerpt":{"rendered":"","protected":false},"featured_media":206185,"template":"","meta":{"_acf_changed":false},"product_brand":[11573],"product_cat":[13372,13342],"product_tag":[],"class_list":{"0":"post-206184","1":"product","2":"type-product","3":"status-publish","4":"has-post-thumbnail","6":"product_brand-maxxtech","7":"product_cat-municia","8":"product_cat-municia-do-pistole","10":"first","11":"instock","12":"taxable","13":"shipping-taxable","14":"purchasable","15":"product-type-variable","16":"wvs-archive-product-wrapper"},"acf":[],"_links":{"self":[{"href":"https:\/\/staging.nbg.eu\/sk\/wp-json\/wp\/v2\/product\/206184","targetHints":{"allow":["GET"]}}],"collection":[{"href":"https:\/\/staging.nbg.eu\/sk\/wp-json\/wp\/v2\/product"}],"about":[{"href":"https:\/\/staging.nbg.eu\/sk\/wp-json\/wp\/v2\/types\/product"}],"wp:featuredmedia":[{"embeddable":true,"href":"https:\/\/staging.nbg.eu\/sk\/wp-json\/wp\/v2\/media\/206185"}],"wp:attachment":[{"href":"https:\/\/staging.nbg.eu\/sk\/wp-json\/wp\/v2\/media?parent=206184"}],"wp:term":[{"taxonomy":"product_brand","embeddable":true,"href":"https:\/\/staging.nbg.eu\/sk\/wp-json\/wp\/v2\/product_brand?post=206184"},{"taxonomy":"product_cat","embeddable":true,"href":"https:\/\/staging.nbg.eu\/sk\/wp-json\/wp\/v2\/product_cat?post=206184"},{"taxonomy":"product_tag","embeddable":true,"href":"https:\/\/staging.nbg.eu\/sk\/wp-json\/wp\/v2\/product_tag?post=206184"}],"curies":[{"name":"wp","href":"https:\/\/api.w.org\/{rel}","templated":true}]}}