{"id":205398,"date":"2024-08-16T18:01:15","date_gmt":"2025-02-13T15:24:53","guid":{"rendered":"https:\/\/staging.nbg.eu\/product\/rhh-ipsc-holster-mount-509\/"},"modified":"2025-02-13T15:26:36","modified_gmt":"2025-02-13T15:26:36","slug":"badger-ordnance-c1-12-hodinova-horna-opticka-platforma-pre-trijicon-rmr","status":"publish","type":"product","link":"https:\/\/staging.nbg.eu\/sk\/produkt\/badger-ordnance-c1-12-hodinova-horna-opticka-platforma-pre-trijicon-rmr\/","title":{"rendered":"Badger Ordnance C1 12 hodinov\u00e1 horn\u00e1 optick\u00e1 platforma pre Trijicon RMR"},"content":{"rendered":"<div class=\"product-description\">\n<h2>RHH IPSC Dr\u017eiak na Puzdr\u00e1 .509<\/h2>\n<p>RHH IPSC Dr\u017eiak na Puzdr\u00e1 .509 pon\u00faka prisp\u00f4sobenie v\u00e1\u0161ho puzdra:<\/p>\n<ul>\n<li><strong>Nastavite\u013en\u00fd sklon:<\/strong> Upravte uhol v akomko\u013evek smere pod\u013ea va\u0161ich potrieb, s mo\u017enos\u0165ou \u00fapravy kedyko\u013evek.<\/li>\n<li><strong>Viacosov\u00e1 konfigur\u00e1cia:<\/strong> Kombinujte s nastaven\u00edm v\u00fd\u0161ky pre zmeny a\u017e v troch osiach pri zachovan\u00ed po\u017eadovanej v\u00fd\u0161ky.<\/li>\n<li><strong>Ovl\u00e1danie bo\u010dn\u00e9ho n\u00e1klonu:<\/strong> Nastavte n\u00e1klon puzdra utiahnut\u00edm skrutiek. Obsahuje dve sady skrutiek a podlo\u017eiek pre r\u00f4zne vzdialenosti od tela.<\/li>\n<li><strong>Flexibiln\u00e9 nastavenie v\u00fd\u0161ky:<\/strong> Viacero otvorov na skrutky umo\u017e\u0148uje optimalizova\u0165 v\u00fd\u0161ku puzdra vzh\u013eadom na v\u00e1\u0161 opasok pre plynulej\u0161ie vytiahnutie zbrane.<\/li>\n<\/ul>\n<p><strong>Hmotnos\u0165:<\/strong> 0,19 kg<\/p>\n<p>RHH IPSC Dr\u017eiak na Puzdr\u00e1 .509 umo\u017e\u0148uje personalizovan\u00e9 nastavenie puzdra.<\/p>\n<\/div>\n","protected":false},"excerpt":{"rendered":"<p>Nastavite\u013en\u00fd dr\u017eiak puzdra pre IPSC: prisp\u00f4sobite\u013en\u00fd sklon, v\u00fd\u0161ka a uhol.<\/p>\n","protected":false},"featured_media":23142,"template":"","meta":{"_acf_changed":false},"product_brand":[11638],"product_cat":[13384,13389],"product_tag":[],"class_list":{"0":"post-205398","1":"product","2":"type-product","3":"status-publish","4":"has-post-thumbnail","6":"product_brand-rh-holsters","7":"product_cat-prislusenstvo-k-puzdram","8":"product_cat-sportove-puzdro","10":"first","11":"instock","12":"taxable","13":"shipping-taxable","14":"purchasable","15":"product-type-simple"},"acf":[],"_links":{"self":[{"href":"https:\/\/staging.nbg.eu\/sk\/wp-json\/wp\/v2\/product\/205398","targetHints":{"allow":["GET"]}}],"collection":[{"href":"https:\/\/staging.nbg.eu\/sk\/wp-json\/wp\/v2\/product"}],"about":[{"href":"https:\/\/staging.nbg.eu\/sk\/wp-json\/wp\/v2\/types\/product"}],"wp:featuredmedia":[{"embeddable":true,"href":"https:\/\/staging.nbg.eu\/sk\/wp-json\/wp\/v2\/media\/23142"}],"wp:attachment":[{"href":"https:\/\/staging.nbg.eu\/sk\/wp-json\/wp\/v2\/media?parent=205398"}],"wp:term":[{"taxonomy":"product_brand","embeddable":true,"href":"https:\/\/staging.nbg.eu\/sk\/wp-json\/wp\/v2\/product_brand?post=205398"},{"taxonomy":"product_cat","embeddable":true,"href":"https:\/\/staging.nbg.eu\/sk\/wp-json\/wp\/v2\/product_cat?post=205398"},{"taxonomy":"product_tag","embeddable":true,"href":"https:\/\/staging.nbg.eu\/sk\/wp-json\/wp\/v2\/product_tag?post=205398"}],"curies":[{"name":"wp","href":"https:\/\/api.w.org\/{rel}","templated":true}]}}