{"id":205285,"date":"2024-09-02T10:50:03","date_gmt":"2025-02-13T15:10:53","guid":{"rendered":"https:\/\/staging.nbg.eu\/product\/badger-ordnance-c1-12-oclock-top-optical-platform-for-trijicon-rmr\/"},"modified":"2025-02-13T15:12:46","modified_gmt":"2025-02-13T15:12:46","slug":"rh-owb-sportove-puzdro","status":"publish","type":"product","link":"https:\/\/staging.nbg.eu\/sk\/produkt\/rh-owb-sportove-puzdro\/","title":{"rendered":"RH OWB \u0161portov\u00e9 puzdro"},"content":{"rendered":"<div class=\"product-description\">\n<h2>Badger Ordnance C1 12 O&#8217;clock horn\u00e1 optick\u00e1 platforma pre Trijicon RMR<\/h2>\n<p>Badger Ordnance C1 12TOP je mont\u00e1\u017ene rie\u0161enie navrhnut\u00e9 na integr\u00e1ciu optiky Trijicon RMR alebo kompatibilnej optiky na v\u00e1\u0161 syst\u00e9m C1 ARC. T\u00e1to platforma pon\u00faka konfigur\u00e1ciu \u010derven\u00e9ho bodu namontovan\u00fa v polohe 12 hod\u00edn.<\/p>\n<h2>Hlavn\u00e9 vlastnosti:<\/h2>\n<ul>\n<li>Vyroben\u00e9 z hlin\u00edka 6061 T6<\/li>\n<li>Povrchov\u00e1 \u00faprava Type III Hardcoat Anodized pre odolnos\u0165<\/li>\n<li>\u013dahk\u00e1 kon\u0161trukcia s hmotnos\u0165ou 0,5 oz (14,17 g)<\/li>\n<li>Obsahuje lepiacu vodotesn\u00fa podlo\u017eku pre bezpe\u010dn\u00fa mont\u00e1\u017e<\/li>\n<li>Kompatibiln\u00e9 s r\u00f4znymi optikami pou\u017e\u00edvaj\u00facimi p\u00e4ticu Trijicon RMR<\/li>\n<\/ul>\n<h2>Kompatibilita:<\/h2>\n<p>C1 12TOP je kompatibiln\u00fd s r\u00f4znymi optikami, vr\u00e1tane:<\/p>\n<ul>\n<li>Trijicon RMR a SRO<\/li>\n<li>Holosun HS407C, HS507C a HS508T<\/li>\n<li>Swampfox Kingslayer, Liberty RMR 1&#215;22 a Justice RMR 1&#215;27<\/li>\n<li>NcStar VISM FlipDot Pro<\/li>\n<li>Riton X3 Tactix PRD<\/li>\n<li>Vector Optics Frenzy 1x22x26<\/li>\n<\/ul>\n<p>Badger Ordnance C1 12 O&#8217;clock horn\u00e1 optick\u00e1 platforma m\u00f4\u017ee zlep\u0161i\u0165 presnos\u0165 a v\u0161estrannos\u0165 v\u00e1\u0161ho optick\u00e9ho syst\u00e9mu.<\/p>\n<\/div>\n","protected":false},"excerpt":{"rendered":"<p>Badger C1 12TOP: \u013dahk\u00fd RMR dr\u017eiak pre optiku na 12. hodine<\/p>\n","protected":false},"featured_media":35419,"template":"","meta":{"_acf_changed":false},"product_brand":[11097],"product_cat":[13374,13373],"product_tag":[],"class_list":{"0":"post-205285","1":"product","2":"type-product","3":"status-publish","4":"has-post-thumbnail","6":"product_brand-badger-ordnance","7":"product_cat-cervene-bodove-mieridla","8":"product_cat-mierenie","10":"first","11":"instock","12":"taxable","13":"shipping-taxable","14":"purchasable","15":"product-type-simple"},"acf":[],"_links":{"self":[{"href":"https:\/\/staging.nbg.eu\/sk\/wp-json\/wp\/v2\/product\/205285","targetHints":{"allow":["GET"]}}],"collection":[{"href":"https:\/\/staging.nbg.eu\/sk\/wp-json\/wp\/v2\/product"}],"about":[{"href":"https:\/\/staging.nbg.eu\/sk\/wp-json\/wp\/v2\/types\/product"}],"wp:featuredmedia":[{"embeddable":true,"href":"https:\/\/staging.nbg.eu\/sk\/wp-json\/wp\/v2\/media\/35419"}],"wp:attachment":[{"href":"https:\/\/staging.nbg.eu\/sk\/wp-json\/wp\/v2\/media?parent=205285"}],"wp:term":[{"taxonomy":"product_brand","embeddable":true,"href":"https:\/\/staging.nbg.eu\/sk\/wp-json\/wp\/v2\/product_brand?post=205285"},{"taxonomy":"product_cat","embeddable":true,"href":"https:\/\/staging.nbg.eu\/sk\/wp-json\/wp\/v2\/product_cat?post=205285"},{"taxonomy":"product_tag","embeddable":true,"href":"https:\/\/staging.nbg.eu\/sk\/wp-json\/wp\/v2\/product_tag?post=205285"}],"curies":[{"name":"wp","href":"https:\/\/api.w.org\/{rel}","templated":true}]}}