{"id":199727,"date":"2024-07-29T13:09:29","date_gmt":"2025-02-11T11:07:52","guid":{"rendered":"https:\/\/staging.nbg.eu\/product\/single-pistol-belt-pouch\/"},"modified":"2025-02-11T11:10:06","modified_gmt":"2025-02-11T11:10:06","slug":"blue-force-gear-zdravotnicka-suprava-now-medium","status":"publish","type":"product","link":"https:\/\/staging.nbg.eu\/sk\/produkt\/blue-force-gear-zdravotnicka-suprava-now-medium\/","title":{"rendered":"Blue Force Gear zdravotn\u00edcka s\u00faprava NOW! &#8211; Medium"},"content":{"rendered":"<div class=\"product-description\">\n<h2>Puzdrov\u00e1 ta\u0161ka na jeden pi\u0161to\u013eov\u00fd z\u00e1sobn\u00edk<\/h2>\n<p>T\u00e1to ta\u0161ka Ten-Speed\u00ae dr\u017e\u00ed jeden pi\u0161to\u013eov\u00fd z\u00e1sobn\u00edk a poskytuje r\u00fdchly pr\u00edstup pre slu\u017eobn\u00e9 alebo skryt\u00e9 nosenie.<\/p>\n<ul>\n<li>Vhodn\u00e1 pre opasky do \u0161\u00edrky 5 cm<\/li>\n<li>Pohodln\u00e9 celodenn\u00e9 nosenie bez ostr\u00fdch hr\u00e1n<\/li>\n<li>Elastick\u00e1 predn\u00e1 \u010das\u0165 s ULTRAcomp\u2122 lamin\u00e1tom<\/li>\n<li>Syst\u00e9m zap\u00ednania na such\u00fd zips<\/li>\n<li>Vhodn\u00e1 pre jednoradov\u00e9 aj dvojradov\u00e9 z\u00e1sobn\u00edky (do ve\u013ekosti HK45\/USP)<\/li>\n<li>Pou\u017eite\u013en\u00e1 aj pre svietidl\u00e1, multifunk\u010dn\u00e9 n\u00e1stroje alebo podobn\u00e9 predmety<\/li>\n<li>Odn\u00edmate\u013en\u00e9 pripevnenie na opasok pre horizont\u00e1lnu mont\u00e1\u017e<\/li>\n<\/ul>\n<p>Rozmery: 5,7 cm x 11,4 cm | Hmotnos\u0165: 20 gramov<\/p>\n<p>T\u00e1to ta\u0161ka je \u013eahk\u00e1, odoln\u00e1 a prisp\u00f4sobite\u013en\u00e1.<\/p>\n<\/div>\n","protected":false},"excerpt":{"rendered":"<p>Bezpe\u010dn\u00e9, \u0161t\u00edhle puzdro na opasok pre z\u00e1sobn\u00edk pi\u0161tole alebo n\u00e1radie. R\u00fdchly pr\u00edstup.<\/p>\n","protected":false},"featured_media":164234,"template":"","meta":{"_acf_changed":false},"product_brand":[11144],"product_cat":[13340,13355,13364],"product_tag":[],"class_list":{"0":"post-199727","1":"product","2":"type-product","3":"status-publish","4":"has-post-thumbnail","6":"product_brand-blue-force-gear","7":"product_cat-drziaky-na-zasobniky","8":"product_cat-vrecka","9":"product_cat-vystroj","11":"first","12":"instock","13":"taxable","14":"shipping-taxable","15":"purchasable","16":"product-type-simple"},"acf":[],"_links":{"self":[{"href":"https:\/\/staging.nbg.eu\/sk\/wp-json\/wp\/v2\/product\/199727","targetHints":{"allow":["GET"]}}],"collection":[{"href":"https:\/\/staging.nbg.eu\/sk\/wp-json\/wp\/v2\/product"}],"about":[{"href":"https:\/\/staging.nbg.eu\/sk\/wp-json\/wp\/v2\/types\/product"}],"wp:featuredmedia":[{"embeddable":true,"href":"https:\/\/staging.nbg.eu\/sk\/wp-json\/wp\/v2\/media\/164234"}],"wp:attachment":[{"href":"https:\/\/staging.nbg.eu\/sk\/wp-json\/wp\/v2\/media?parent=199727"}],"wp:term":[{"taxonomy":"product_brand","embeddable":true,"href":"https:\/\/staging.nbg.eu\/sk\/wp-json\/wp\/v2\/product_brand?post=199727"},{"taxonomy":"product_cat","embeddable":true,"href":"https:\/\/staging.nbg.eu\/sk\/wp-json\/wp\/v2\/product_cat?post=199727"},{"taxonomy":"product_tag","embeddable":true,"href":"https:\/\/staging.nbg.eu\/sk\/wp-json\/wp\/v2\/product_tag?post=199727"}],"curies":[{"name":"wp","href":"https:\/\/api.w.org\/{rel}","templated":true}]}}