{"id":199110,"date":"2024-06-17T21:23:15","date_gmt":"2025-02-11T09:32:00","guid":{"rendered":"https:\/\/staging.nbg.eu\/product\/blue-force-gear-trauma-kit-now-medium\/"},"modified":"2025-02-11T09:33:57","modified_gmt":"2025-02-11T09:33:57","slug":"badger-ordnance-nizko-profilovy-vylepseny-set-dvojnozky-s-picatinny-uchytenim","status":"publish","type":"product","link":"https:\/\/staging.nbg.eu\/sk\/produkt\/badger-ordnance-nizko-profilovy-vylepseny-set-dvojnozky-s-picatinny-uchytenim\/","title":{"rendered":"Badger Ordnance n\u00edzko-profilov\u00fd vylep\u0161en\u00fd set dvojno\u017eky s Picatinny uchyten\u00edm"},"content":{"rendered":"<h2>Blue Force Gear Trauma Kit NOW! &#8211; Stredn\u00fd pr\u00e1zdny<\/h2>\n<p>Trauma Kit NOW! &#8211; STREDN\u00dd je pohotovostn\u00e1 lek\u00e1rni\u010dka navrhnut\u00e1 na r\u00fdchle pou\u017eitie jednou rukou. P\u00f4vodne vytvoren\u00e1 pre obsah arm\u00e1dnych IFAK, je prisp\u00f4sobite\u013en\u00e1 r\u00f4znym zdravotn\u00edckym vybaven\u00edm.<\/p>\n<ul>\n<li>Dvojdielny dizajn: vonkaj\u0161ie puzdro MOLLE so syst\u00e9mom uchytenia Helium Whisper a odn\u00edmate\u013en\u00e1 vn\u00fatorn\u00e1 nosn\u00e1 \u010das\u0165<\/li>\n<li>Z\u00fa\u017een\u00e9 vonkaj\u0161ie puzdro pre bezpe\u010dn\u00e9 uchytenie a jednoduch\u00e9 vybratie<\/li>\n<li>Vn\u00fatorn\u00fd nosi\u010d s r\u00fdchlym vytiahnut\u00edm s gu\u013e\u00f4\u010dkov\u00fdm indexov\u00fdm bodom (BLIP) na pou\u017eitie v n\u00e1ro\u010dn\u00fdch podmienkach<\/li>\n<li>MOLLE polia na vonkaj\u0161ie uchytenie \u0161krtidla<\/li>\n<li>V\u0161estrann\u00fd dizajn vhodn\u00fd pre arm\u00e1du, pol\u00edciu a civiln\u00e9 pou\u017eitie<\/li>\n<\/ul>\n<p>Jedna z najr\u00fdchlej\u0161ie pou\u017eite\u013en\u00fdch traumatologick\u00fdch s\u00faprav na trhu, navrhnut\u00e1 pre kritick\u00e9 situ\u00e1cie, kde z\u00e1le\u017e\u00ed na ka\u017edej sekunde.<\/p>\n","protected":false},"excerpt":{"rendered":"<p>R\u00fdchlo rozlo\u017eite\u013en\u00e1 zdravotn\u00edcka ta\u0161ka s vyberate\u013enou vn\u00fatornou vrstvou na prisp\u00f4sobenie.<\/p>\n","protected":false},"featured_media":153809,"template":"","meta":{"_acf_changed":false},"product_brand":[11144],"product_cat":[13364,13399],"product_tag":[],"class_list":{"0":"post-199110","1":"product","2":"type-product","3":"status-publish","4":"has-post-thumbnail","6":"product_brand-blue-force-gear","7":"product_cat-vystroj","8":"product_cat-zdravotnicke","10":"first","11":"instock","12":"taxable","13":"shipping-taxable","14":"purchasable","15":"product-type-variable","16":"wvs-archive-product-wrapper"},"acf":[],"_links":{"self":[{"href":"https:\/\/staging.nbg.eu\/sk\/wp-json\/wp\/v2\/product\/199110","targetHints":{"allow":["GET"]}}],"collection":[{"href":"https:\/\/staging.nbg.eu\/sk\/wp-json\/wp\/v2\/product"}],"about":[{"href":"https:\/\/staging.nbg.eu\/sk\/wp-json\/wp\/v2\/types\/product"}],"wp:featuredmedia":[{"embeddable":true,"href":"https:\/\/staging.nbg.eu\/sk\/wp-json\/wp\/v2\/media\/153809"}],"wp:attachment":[{"href":"https:\/\/staging.nbg.eu\/sk\/wp-json\/wp\/v2\/media?parent=199110"}],"wp:term":[{"taxonomy":"product_brand","embeddable":true,"href":"https:\/\/staging.nbg.eu\/sk\/wp-json\/wp\/v2\/product_brand?post=199110"},{"taxonomy":"product_cat","embeddable":true,"href":"https:\/\/staging.nbg.eu\/sk\/wp-json\/wp\/v2\/product_cat?post=199110"},{"taxonomy":"product_tag","embeddable":true,"href":"https:\/\/staging.nbg.eu\/sk\/wp-json\/wp\/v2\/product_tag?post=199110"}],"curies":[{"name":"wp","href":"https:\/\/api.w.org\/{rel}","templated":true}]}}