{"id":176756,"date":"2024-11-26T18:35:58","date_gmt":"2025-01-28T10:22:45","guid":{"rendered":"https:\/\/staging.nbg.eu\/product\/geissele-border-patrol-rifle-16-5-56mm-black\/"},"modified":"2025-01-28T10:24:37","modified_gmt":"2025-01-28T10:24:37","slug":"geissele-border-patrol-puska-16-556mm-cierna","status":"publish","type":"product","link":"https:\/\/staging.nbg.eu\/sk\/produkt\/geissele-border-patrol-puska-16-556mm-cierna\/","title":{"rendered":"Geissele Border Patrol Pu\u0161ka, 16&#8243;, 5.56MM &#8211; \u010cierna"},"content":{"rendered":"<h2>Geissele Border Patrol pu\u0161ka, 16&#8243;, 5,56MM &#8211; \u010cierna<\/h2>\n<p>Geissele Border Patrol pu\u0161ka je plne vybaven\u00e1 slu\u017eobn\u00e1 pu\u0161ka navrhnut\u00e1 pre spo\u013eahlivos\u0165 a v\u00fdkon. T\u00e1to AR-15 pon\u00faka roky spo\u013eahlivej slu\u017eby.<\/p>\n<h2>Hlavn\u00e9 vlastnosti:<\/h2>\n<ul>\n<li>16,25&#8243; za studena kovan\u00e1 hlave\u0148 s pochr\u00f3movan\u00fdm v\u00fdvrtom<\/li>\n<li>St\u00fapanie z\u00e1vitov 1:7 a komora 5,56x45mm NATO<\/li>\n<li>Plynov\u00fd syst\u00e9m Geissele s plynov\u00fdm blokom z nehrdzavej\u00facej ocele 17-4<\/li>\n<li>14,6&#8243; MK 20 Super Modular Rail s M-Lok slotmi<\/li>\n<li>Super Duty kovan\u00e9 horn\u00e9 a doln\u00e9 l\u00f4\u017eko z hlin\u00edka 7075 T6<\/li>\n<li>Geissele Government nab\u00edjacia rukov\u00e4\u0165 pre obojru\u010dn\u00e9 pou\u017eitie<\/li>\n<li>H2 z\u00e1va\u017e\u00ed a pru\u017eina s pleten\u00fdm dr\u00f4tom pre zv\u00fd\u0161en\u00fa spo\u013eahlivos\u0165<\/li>\n<li>ALG Defense Advanced Combat Trigger (ACT) s vylep\u0161en\u00fdm povrchom<\/li>\n<\/ul>\n<h2>\u0160pecifik\u00e1cie:<\/h2>\n<ul>\n<li>D\u013a\u017eka: 82,55 cm (zasunut\u00e1) a\u017e 91,44 cm (vysunut\u00e1)<\/li>\n<li>Hmotnos\u0165: Pribli\u017ene 2,99 kg<\/li>\n<li>Kaliber: 5,56MM<\/li>\n<li>Farba: \u010cierna<\/li>\n<li>Zostava nosi\u010da z\u00e1veru: Geissele BCG s mang\u00e1nov\u00fdm fosf\u00e1tovan\u00edm<\/li>\n<li>Ve\u013ekos\u0165 plynov\u00e9ho portu: 1,905 mm<\/li>\n<li>\u00das\u0165ov\u00e9 zariadenie: A2 tlmi\u010d v\u00fd\u0161\u013eahu<\/li>\n<li>Pa\u017eba: BCM Mod 0, \u010cierna<\/li>\n<li>Rukov\u00e4\u0165: B5 rukov\u00e4\u0165 s logom Geissele<\/li>\n<\/ul>\n<p>Border Patrol pu\u0161ka je navrhnut\u00e1 tak, aby bola \u013eahk\u00e1 a ovl\u00e1date\u013en\u00e1, a z\u00e1rove\u0148 si zachovala odolnos\u0165 a spo\u013eahlivos\u0165. Ka\u017ed\u00e1 s\u00fa\u010diastka bola starostlivo vybran\u00e1 pre dlhodob\u00e9 pou\u017eitie v n\u00e1ro\u010dn\u00fdch podmienkach. MK 20 Super Modular Rail zni\u017euje hmotnos\u0165 a poskytuje pevn\u00fa mont\u00e1\u017enu platformu.<\/p>\n<p>S pr\u00e9miov\u00fdmi komponentmi vr\u00e1tane nab\u00edjacej rukov\u00e4te Geissele Government, syst\u00e9mu z\u00e1va\u017e\u00ed Super 42 a sp\u00fa\u0161te ALG Advanced Combat Trigger t\u00e1to pu\u0161ka pon\u00faka vysok\u00fd v\u00fdkon a spo\u013eahlivos\u0165.<\/p>\n","protected":false},"excerpt":{"rendered":"<p>Spo\u013eahliv\u00e1 16&#8243; 5,56MM AR-15 s pr\u00e9miov\u00fdmi vlastnos\u0165ami pre dlhodob\u00e9 slu\u017eobn\u00e9 pou\u017eitie.<\/p>\n","protected":false},"featured_media":81505,"template":"","meta":{"_acf_changed":false},"product_brand":[11391],"product_cat":[13394,13397],"product_tag":[],"class_list":{"0":"post-176756","1":"product","2":"type-product","3":"status-publish","4":"has-post-thumbnail","6":"product_brand-geissele","7":"product_cat-karabiny","8":"product_cat-puska","10":"first","11":"instock","12":"taxable","13":"shipping-taxable","14":"product-type-simple"},"acf":[],"_links":{"self":[{"href":"https:\/\/staging.nbg.eu\/sk\/wp-json\/wp\/v2\/product\/176756","targetHints":{"allow":["GET"]}}],"collection":[{"href":"https:\/\/staging.nbg.eu\/sk\/wp-json\/wp\/v2\/product"}],"about":[{"href":"https:\/\/staging.nbg.eu\/sk\/wp-json\/wp\/v2\/types\/product"}],"wp:featuredmedia":[{"embeddable":true,"href":"https:\/\/staging.nbg.eu\/sk\/wp-json\/wp\/v2\/media\/81505"}],"wp:attachment":[{"href":"https:\/\/staging.nbg.eu\/sk\/wp-json\/wp\/v2\/media?parent=176756"}],"wp:term":[{"taxonomy":"product_brand","embeddable":true,"href":"https:\/\/staging.nbg.eu\/sk\/wp-json\/wp\/v2\/product_brand?post=176756"},{"taxonomy":"product_cat","embeddable":true,"href":"https:\/\/staging.nbg.eu\/sk\/wp-json\/wp\/v2\/product_cat?post=176756"},{"taxonomy":"product_tag","embeddable":true,"href":"https:\/\/staging.nbg.eu\/sk\/wp-json\/wp\/v2\/product_tag?post=176756"}],"curies":[{"name":"wp","href":"https:\/\/api.w.org\/{rel}","templated":true}]}}