{"id":172276,"date":"2024-08-16T20:00:59","date_gmt":"2025-01-22T17:56:48","guid":{"rendered":"https:\/\/staging.nbg.eu\/product\/barwarus-rail-set-bw-t4-bw-t33\/"},"modified":"2025-01-22T17:58:27","modified_gmt":"2025-01-22T17:58:27","slug":"barwarus-rail-set-bw-t4-a-bw-t33","status":"publish","type":"product","link":"https:\/\/staging.nbg.eu\/sk\/produkt\/barwarus-rail-set-bw-t4-a-bw-t33\/","title":{"rendered":"BARWARUS RAIL SET (BW-T4 a BW-T33)"},"content":{"rendered":"<div class=\"product-description\">\n<h2>BARWARUS RAIL SET (BW-T4 &amp; BW-T33)<\/h2>\n<p>BARWARUS RAIL SET, ktor\u00fd obsahuje BW-T33 kryt s Picatinny li\u0161tou a BW-T4 predpa\u017ebie, je ur\u010den\u00fd pre pu\u0161ky platformy AK.<\/p>\n<h2>BW-T4 Predpa\u017ebie<\/h2>\n<ul>\n<li>Nahr\u00e1dza \u0161tandardn\u00e9 predpa\u017ebie na pu\u0161k\u00e1ch platformy AK s 16&#8243; hlav\u0148ami<\/li>\n<li>M\u00e1 MLOK sloty pre mont\u00e1\u017e pr\u00edslu\u0161enstva<\/li>\n<li>Kompatibiln\u00e9 s r\u00f4znymi modelmi AK, vr\u00e1tane AKUSA 100 SERIES, KM, AKMS, AK-74 a \u010fal\u0161\u00edch<\/li>\n<li>Vyroben\u00e9 zo zliatiny 6082-T6 s \u010diernou povrchovou \u00fapravou Cerakote<\/li>\n<li>Zlep\u0161uje chladenie hlavne a umo\u017e\u0148uje dlh\u0161ie pou\u017e\u00edvanie<\/li>\n<li>Funguje pri teplot\u00e1ch od -50\u00b0C do +50\u00b0C<\/li>\n<\/ul>\n<h2>BW-T33 Kryt<\/h2>\n<ul>\n<li>Integrovan\u00e1 Picatinny li\u0161ta pre mont\u00e1\u017e r\u00f4znych zameriavac\u00edch zariaden\u00ed<\/li>\n<li>Zabezpe\u010duje konzistentn\u00fd bod dopadu pri opakovanom otv\u00e1ran\u00ed a zatv\u00e1ran\u00ed<\/li>\n<li>Fr\u00e9zovan\u00fd zo zliatiny hlin\u00edka 7075 T6 pre vy\u0161\u0161iu odolnos\u0165<\/li>\n<li>D\u013a\u017eka Picatinny li\u0161ty: 170mm \u00b15mm<\/li>\n<li>Montuje sa pomocou piatich skrutiek pre optim\u00e1lnu stabilitu<\/li>\n<li>Hmotnos\u0165: 1559 g \u00b1 0,85 g<\/li>\n<li>Celkov\u00e9 rozmery: 551 mm \u00b1 12,7 mm<\/li>\n<\/ul>\n<p>BARWARUS RAIL SET kombinuje odolnos\u0165, funk\u010dnos\u0165 a v\u0161estrannos\u0165 pre pu\u0161ky platformy AK. S kompatibilitou MLOK a integrovanou Picatinny li\u0161tou pon\u00faka tento set mo\u017enosti prisp\u00f4sobenia.<\/p>\n<p><strong>Pozn\u00e1mka:<\/strong> Pri in\u0161tal\u00e1cii m\u00f4\u017ee by\u0165 potrebn\u00e9 br\u00fasenie, preto\u017ee nie v\u0161etci v\u00fdrobcovia dodr\u017eiavaj\u00fa p\u00f4vodn\u00fd rusk\u00fd dizajn Kala\u0161nikov. Odpor\u00fa\u010dan\u00fd kr\u00fatiaci moment pre in\u0161tal\u00e1ciu: \u2264 11,3 kg.<\/p>\n<\/div>\n","protected":false},"excerpt":{"rendered":"<p>Modul\u00e1rny syst\u00e9m li\u0161ty AK s kompatibilitou MLOK a Picatinny.<\/p>\n","protected":false},"featured_media":280605,"template":"","meta":{"_acf_changed":false},"product_brand":[11114],"product_cat":[13331,13345,13346],"product_tag":[],"class_list":{"0":"post-172276","1":"product","2":"type-product","3":"status-publish","4":"has-post-thumbnail","6":"product_brand-barwarus","7":"product_cat-ak-tuning","8":"product_cat-listy","9":"product_cat-rifle-tuning","11":"first","12":"instock","13":"taxable","14":"shipping-taxable","15":"product-type-variable","16":"wvs-archive-product-wrapper"},"acf":[],"_links":{"self":[{"href":"https:\/\/staging.nbg.eu\/sk\/wp-json\/wp\/v2\/product\/172276","targetHints":{"allow":["GET"]}}],"collection":[{"href":"https:\/\/staging.nbg.eu\/sk\/wp-json\/wp\/v2\/product"}],"about":[{"href":"https:\/\/staging.nbg.eu\/sk\/wp-json\/wp\/v2\/types\/product"}],"wp:featuredmedia":[{"embeddable":true,"href":"https:\/\/staging.nbg.eu\/sk\/wp-json\/wp\/v2\/media\/280605"}],"wp:attachment":[{"href":"https:\/\/staging.nbg.eu\/sk\/wp-json\/wp\/v2\/media?parent=172276"}],"wp:term":[{"taxonomy":"product_brand","embeddable":true,"href":"https:\/\/staging.nbg.eu\/sk\/wp-json\/wp\/v2\/product_brand?post=172276"},{"taxonomy":"product_cat","embeddable":true,"href":"https:\/\/staging.nbg.eu\/sk\/wp-json\/wp\/v2\/product_cat?post=172276"},{"taxonomy":"product_tag","embeddable":true,"href":"https:\/\/staging.nbg.eu\/sk\/wp-json\/wp\/v2\/product_tag?post=172276"}],"curies":[{"name":"wp","href":"https:\/\/api.w.org\/{rel}","templated":true}]}}